{"id":95222,"date":"2024-10-03T14:11:11","date_gmt":"2024-10-03T14:11:11","guid":{"rendered":"https:\/\/www.oniria.fr\/experiencies-uniques\/"},"modified":"2024-10-16T08:13:05","modified_gmt":"2024-10-16T08:13:05","slug":"experiencies-uniques","status":"publish","type":"page","link":"https:\/\/www.oniria.fr\/ca\/activitats\/experiencies-uniques\/","title":{"rendered":"EXPERI\u00c8NCIES \u00daNIQUES"},"content":{"rendered":"","protected":false},"excerpt":{"rendered":"","protected":false},"author":1,"featured_media":0,"parent":95353,"menu_order":0,"comment_status":"closed","ping_status":"closed","template":"","meta":{"_acf_changed":false,"_et_pb_use_builder":"","_et_pb_old_content":"","_et_gb_content_width":"","footnotes":""},"class_list":["post-95222","page","type-page","status-publish","hentry"],"acf":[],"yoast_head":"<!-- This site is optimized with the Yoast SEO plugin v27.4 - https:\/\/yoast.com\/product\/yoast-seo-wordpress\/ -->\n<title>Oniria et convida a descobrir dues experi\u00e8ncies \u00faniques!<\/title>\n<meta name=\"description\" content=\"Descobreix dues experi\u00e8ncies \u00faniques a l&#039;aquari d&#039;Oniria: mig dia amb la pell d&#039;un cuidador d&#039;animals i el Pass VIP premium!\" \/>\n<meta name=\"robots\" content=\"index, follow, max-snippet:-1, max-image-preview:large, max-video-preview:-1\" \/>\n<link rel=\"canonical\" href=\"https:\/\/www.oniria.fr\/ca\/activitats\/experiencies-uniques\/\" \/>\n<meta property=\"og:locale\" content=\"ca_ES\" \/>\n<meta property=\"og:type\" content=\"article\" \/>\n<meta property=\"og:title\" content=\"Oniria et convida a descobrir dues experi\u00e8ncies \u00faniques!\" \/>\n<meta property=\"og:description\" content=\"Descobreix dues experi\u00e8ncies \u00faniques a l&#039;aquari d&#039;Oniria: mig dia amb la pell d&#039;un cuidador d&#039;animals i el Pass VIP premium!\" \/>\n<meta property=\"og:site_name\" content=\"Aquarium Oniria\" \/>\n<meta property=\"article:modified_time\" content=\"2024-10-16T08:13:05+00:00\" \/>\n<meta name=\"twitter:card\" content=\"summary_large_image\" \/>\n<script type=\"application\/ld+json\" class=\"yoast-schema-graph\">{\"@context\":\"https:\\\/\\\/schema.org\",\"@graph\":[{\"@type\":\"WebPage\",\"@id\":\"https:\\\/\\\/www.oniria.fr\\\/ca\\\/activitats\\\/experiencies-uniques\\\/\",\"url\":\"https:\\\/\\\/www.oniria.fr\\\/ca\\\/activitats\\\/experiencies-uniques\\\/\",\"name\":\"Oniria et convida a descobrir dues experi\u00e8ncies \u00faniques!\",\"isPartOf\":{\"@id\":\"https:\\\/\\\/www.oniria.fr\\\/ca\\\/#website\"},\"datePublished\":\"2024-10-03T14:11:11+00:00\",\"dateModified\":\"2024-10-16T08:13:05+00:00\",\"description\":\"Descobreix dues experi\u00e8ncies \u00faniques a l'aquari d'Oniria: mig dia amb la pell d'un cuidador d'animals i el Pass VIP premium!\",\"breadcrumb\":{\"@id\":\"https:\\\/\\\/www.oniria.fr\\\/ca\\\/activitats\\\/experiencies-uniques\\\/#breadcrumb\"},\"inLanguage\":\"ca\",\"potentialAction\":[{\"@type\":\"ReadAction\",\"target\":[\"https:\\\/\\\/www.oniria.fr\\\/ca\\\/activitats\\\/experiencies-uniques\\\/\"]}]},{\"@type\":\"BreadcrumbList\",\"@id\":\"https:\\\/\\\/www.oniria.fr\\\/ca\\\/activitats\\\/experiencies-uniques\\\/#breadcrumb\",\"itemListElement\":[{\"@type\":\"ListItem\",\"position\":1,\"name\":\"Inici\",\"item\":\"https:\\\/\\\/www.oniria.fr\\\/ca\\\/\"},{\"@type\":\"ListItem\",\"position\":2,\"name\":\"Activitats\",\"item\":\"https:\\\/\\\/www.oniria.fr\\\/ca\\\/activites\\\/\"},{\"@type\":\"ListItem\",\"position\":3,\"name\":\"EXPERI\u00c8NCIES \u00daNIQUES\"}]},{\"@type\":\"WebSite\",\"@id\":\"https:\\\/\\\/www.oniria.fr\\\/ca\\\/#website\",\"url\":\"https:\\\/\\\/www.oniria.fr\\\/ca\\\/\",\"name\":\"Aquarium Oniria\",\"description\":\"Les m\u00e9tamorphoses de l&#039;eau\",\"potentialAction\":[{\"@type\":\"SearchAction\",\"target\":{\"@type\":\"EntryPoint\",\"urlTemplate\":\"https:\\\/\\\/www.oniria.fr\\\/ca\\\/?s={search_term_string}\"},\"query-input\":{\"@type\":\"PropertyValueSpecification\",\"valueRequired\":true,\"valueName\":\"search_term_string\"}}],\"inLanguage\":\"ca\"}]}<\/script>\n<!-- \/ Yoast SEO plugin. -->","yoast_head_json":{"title":"Oniria et convida a descobrir dues experi\u00e8ncies \u00faniques!","description":"Descobreix dues experi\u00e8ncies \u00faniques a l'aquari d'Oniria: mig dia amb la pell d'un cuidador d'animals i el Pass VIP premium!","robots":{"index":"index","follow":"follow","max-snippet":"max-snippet:-1","max-image-preview":"max-image-preview:large","max-video-preview":"max-video-preview:-1"},"canonical":"https:\/\/www.oniria.fr\/ca\/activitats\/experiencies-uniques\/","og_locale":"ca_ES","og_type":"article","og_title":"Oniria et convida a descobrir dues experi\u00e8ncies \u00faniques!","og_description":"Descobreix dues experi\u00e8ncies \u00faniques a l'aquari d'Oniria: mig dia amb la pell d'un cuidador d'animals i el Pass VIP premium!","og_site_name":"Aquarium Oniria","article_modified_time":"2024-10-16T08:13:05+00:00","twitter_card":"summary_large_image","schema":{"@context":"https:\/\/schema.org","@graph":[{"@type":"WebPage","@id":"https:\/\/www.oniria.fr\/ca\/activitats\/experiencies-uniques\/","url":"https:\/\/www.oniria.fr\/ca\/activitats\/experiencies-uniques\/","name":"Oniria et convida a descobrir dues experi\u00e8ncies \u00faniques!","isPartOf":{"@id":"https:\/\/www.oniria.fr\/ca\/#website"},"datePublished":"2024-10-03T14:11:11+00:00","dateModified":"2024-10-16T08:13:05+00:00","description":"Descobreix dues experi\u00e8ncies \u00faniques a l'aquari d'Oniria: mig dia amb la pell d'un cuidador d'animals i el Pass VIP premium!","breadcrumb":{"@id":"https:\/\/www.oniria.fr\/ca\/activitats\/experiencies-uniques\/#breadcrumb"},"inLanguage":"ca","potentialAction":[{"@type":"ReadAction","target":["https:\/\/www.oniria.fr\/ca\/activitats\/experiencies-uniques\/"]}]},{"@type":"BreadcrumbList","@id":"https:\/\/www.oniria.fr\/ca\/activitats\/experiencies-uniques\/#breadcrumb","itemListElement":[{"@type":"ListItem","position":1,"name":"Inici","item":"https:\/\/www.oniria.fr\/ca\/"},{"@type":"ListItem","position":2,"name":"Activitats","item":"https:\/\/www.oniria.fr\/ca\/activites\/"},{"@type":"ListItem","position":3,"name":"EXPERI\u00c8NCIES \u00daNIQUES"}]},{"@type":"WebSite","@id":"https:\/\/www.oniria.fr\/ca\/#website","url":"https:\/\/www.oniria.fr\/ca\/","name":"Aquarium Oniria","description":"Les m\u00e9tamorphoses de l&#039;eau","potentialAction":[{"@type":"SearchAction","target":{"@type":"EntryPoint","urlTemplate":"https:\/\/www.oniria.fr\/ca\/?s={search_term_string}"},"query-input":{"@type":"PropertyValueSpecification","valueRequired":true,"valueName":"search_term_string"}}],"inLanguage":"ca"}]}},"_links":{"self":[{"href":"https:\/\/www.oniria.fr\/ca\/wp-json\/wp\/v2\/pages\/95222","targetHints":{"allow":["GET"]}}],"collection":[{"href":"https:\/\/www.oniria.fr\/ca\/wp-json\/wp\/v2\/pages"}],"about":[{"href":"https:\/\/www.oniria.fr\/ca\/wp-json\/wp\/v2\/types\/page"}],"author":[{"embeddable":true,"href":"https:\/\/www.oniria.fr\/ca\/wp-json\/wp\/v2\/users\/1"}],"replies":[{"embeddable":true,"href":"https:\/\/www.oniria.fr\/ca\/wp-json\/wp\/v2\/comments?post=95222"}],"version-history":[{"count":4,"href":"https:\/\/www.oniria.fr\/ca\/wp-json\/wp\/v2\/pages\/95222\/revisions"}],"predecessor-version":[{"id":95444,"href":"https:\/\/www.oniria.fr\/ca\/wp-json\/wp\/v2\/pages\/95222\/revisions\/95444"}],"up":[{"embeddable":true,"href":"https:\/\/www.oniria.fr\/ca\/wp-json\/wp\/v2\/pages\/95353"}],"wp:attachment":[{"href":"https:\/\/www.oniria.fr\/ca\/wp-json\/wp\/v2\/media?parent=95222"}],"curies":[{"name":"wp","href":"https:\/\/api.w.org\/{rel}","templated":true}]}}