{"id":95230,"date":"2024-10-03T14:29:00","date_gmt":"2024-10-03T14:29:00","guid":{"rendered":"https:\/\/www.oniria.fr\/grups-i-professionals\/lloguer-despais\/"},"modified":"2024-10-03T14:32:21","modified_gmt":"2024-10-03T14:32:21","slug":"lloguer-despais","status":"publish","type":"page","link":"https:\/\/www.oniria.fr\/ca\/grups-i-professionals\/lloguer-despais\/","title":{"rendered":"Lloguer d\u2019espais"},"content":{"rendered":"","protected":false},"excerpt":{"rendered":"","protected":false},"author":1,"featured_media":0,"parent":95225,"menu_order":0,"comment_status":"closed","ping_status":"closed","template":"","meta":{"_acf_changed":false,"_et_pb_use_builder":"off","_et_pb_old_content":"","_et_gb_content_width":"","footnotes":""},"class_list":["post-95230","page","type-page","status-publish","hentry"],"acf":[],"yoast_head":"<!-- This site is optimized with the Yoast SEO plugin v27.5 - https:\/\/yoast.com\/product\/yoast-seo-wordpress\/ -->\n<title>Organitzaci\u00f3 d&#039;Esdeveniments i Lloguer d&#039;Espais - Aquarium Oniria<\/title>\n<meta name=\"description\" content=\"Oniria posa a la vostra disposici\u00f3 espais privats per a l&#039;organitzaci\u00f3 dels vostres seminaris, reunions, c\u00f2ctels o esdeveniments privats. Pressupost gratu\u00eft!\" \/>\n<meta name=\"robots\" content=\"index, follow, max-snippet:-1, max-image-preview:large, max-video-preview:-1\" \/>\n<link rel=\"canonical\" href=\"https:\/\/www.oniria.fr\/ca\/grups-i-professionals\/lloguer-despais\/\" \/>\n<meta property=\"og:locale\" content=\"ca_ES\" \/>\n<meta property=\"og:type\" content=\"article\" \/>\n<meta property=\"og:title\" content=\"Organitzaci\u00f3 d&#039;Esdeveniments i Lloguer d&#039;Espais - Aquarium Oniria\" \/>\n<meta property=\"og:description\" content=\"Oniria posa a la vostra disposici\u00f3 espais privats per a l&#039;organitzaci\u00f3 dels vostres seminaris, reunions, c\u00f2ctels o esdeveniments privats. Pressupost gratu\u00eft!\" \/>\n<meta property=\"og:site_name\" content=\"Aquarium Oniria\" \/>\n<meta property=\"article:modified_time\" content=\"2024-10-03T14:32:21+00:00\" \/>\n<meta name=\"twitter:card\" content=\"summary_large_image\" \/>\n<script type=\"application\/ld+json\" class=\"yoast-schema-graph\">{\"@context\":\"https:\\\/\\\/schema.org\",\"@graph\":[{\"@type\":\"WebPage\",\"@id\":\"https:\\\/\\\/www.oniria.fr\\\/ca\\\/grups-i-professionals\\\/lloguer-despais\\\/\",\"url\":\"https:\\\/\\\/www.oniria.fr\\\/ca\\\/grups-i-professionals\\\/lloguer-despais\\\/\",\"name\":\"Organitzaci\u00f3 d'Esdeveniments i Lloguer d'Espais - Aquarium Oniria\",\"isPartOf\":{\"@id\":\"https:\\\/\\\/www.oniria.fr\\\/ca\\\/#website\"},\"datePublished\":\"2024-10-03T14:29:00+00:00\",\"dateModified\":\"2024-10-03T14:32:21+00:00\",\"description\":\"Oniria posa a la vostra disposici\u00f3 espais privats per a l'organitzaci\u00f3 dels vostres seminaris, reunions, c\u00f2ctels o esdeveniments privats. Pressupost gratu\u00eft!\",\"breadcrumb\":{\"@id\":\"https:\\\/\\\/www.oniria.fr\\\/ca\\\/grups-i-professionals\\\/lloguer-despais\\\/#breadcrumb\"},\"inLanguage\":\"ca\",\"potentialAction\":[{\"@type\":\"ReadAction\",\"target\":[\"https:\\\/\\\/www.oniria.fr\\\/ca\\\/grups-i-professionals\\\/lloguer-despais\\\/\"]}]},{\"@type\":\"BreadcrumbList\",\"@id\":\"https:\\\/\\\/www.oniria.fr\\\/ca\\\/grups-i-professionals\\\/lloguer-despais\\\/#breadcrumb\",\"itemListElement\":[{\"@type\":\"ListItem\",\"position\":1,\"name\":\"Inici\",\"item\":\"https:\\\/\\\/www.oniria.fr\\\/ca\\\/\"},{\"@type\":\"ListItem\",\"position\":2,\"name\":\"GRUPS I PROFESSIONALS\",\"item\":\"https:\\\/\\\/www.oniria.fr\\\/ca\\\/groupes-professionnels\\\/\"},{\"@type\":\"ListItem\",\"position\":3,\"name\":\"Lloguer d\u2019espais\"}]},{\"@type\":\"WebSite\",\"@id\":\"https:\\\/\\\/www.oniria.fr\\\/ca\\\/#website\",\"url\":\"https:\\\/\\\/www.oniria.fr\\\/ca\\\/\",\"name\":\"Aquarium Oniria\",\"description\":\"Les m\u00e9tamorphoses de l&#039;eau\",\"potentialAction\":[{\"@type\":\"SearchAction\",\"target\":{\"@type\":\"EntryPoint\",\"urlTemplate\":\"https:\\\/\\\/www.oniria.fr\\\/ca\\\/?s={search_term_string}\"},\"query-input\":{\"@type\":\"PropertyValueSpecification\",\"valueRequired\":true,\"valueName\":\"search_term_string\"}}],\"inLanguage\":\"ca\"}]}<\/script>\n<!-- \/ Yoast SEO plugin. -->","yoast_head_json":{"title":"Organitzaci\u00f3 d'Esdeveniments i Lloguer d'Espais - Aquarium Oniria","description":"Oniria posa a la vostra disposici\u00f3 espais privats per a l'organitzaci\u00f3 dels vostres seminaris, reunions, c\u00f2ctels o esdeveniments privats. Pressupost gratu\u00eft!","robots":{"index":"index","follow":"follow","max-snippet":"max-snippet:-1","max-image-preview":"max-image-preview:large","max-video-preview":"max-video-preview:-1"},"canonical":"https:\/\/www.oniria.fr\/ca\/grups-i-professionals\/lloguer-despais\/","og_locale":"ca_ES","og_type":"article","og_title":"Organitzaci\u00f3 d'Esdeveniments i Lloguer d'Espais - Aquarium Oniria","og_description":"Oniria posa a la vostra disposici\u00f3 espais privats per a l'organitzaci\u00f3 dels vostres seminaris, reunions, c\u00f2ctels o esdeveniments privats. Pressupost gratu\u00eft!","og_site_name":"Aquarium Oniria","article_modified_time":"2024-10-03T14:32:21+00:00","twitter_card":"summary_large_image","schema":{"@context":"https:\/\/schema.org","@graph":[{"@type":"WebPage","@id":"https:\/\/www.oniria.fr\/ca\/grups-i-professionals\/lloguer-despais\/","url":"https:\/\/www.oniria.fr\/ca\/grups-i-professionals\/lloguer-despais\/","name":"Organitzaci\u00f3 d'Esdeveniments i Lloguer d'Espais - Aquarium Oniria","isPartOf":{"@id":"https:\/\/www.oniria.fr\/ca\/#website"},"datePublished":"2024-10-03T14:29:00+00:00","dateModified":"2024-10-03T14:32:21+00:00","description":"Oniria posa a la vostra disposici\u00f3 espais privats per a l'organitzaci\u00f3 dels vostres seminaris, reunions, c\u00f2ctels o esdeveniments privats. Pressupost gratu\u00eft!","breadcrumb":{"@id":"https:\/\/www.oniria.fr\/ca\/grups-i-professionals\/lloguer-despais\/#breadcrumb"},"inLanguage":"ca","potentialAction":[{"@type":"ReadAction","target":["https:\/\/www.oniria.fr\/ca\/grups-i-professionals\/lloguer-despais\/"]}]},{"@type":"BreadcrumbList","@id":"https:\/\/www.oniria.fr\/ca\/grups-i-professionals\/lloguer-despais\/#breadcrumb","itemListElement":[{"@type":"ListItem","position":1,"name":"Inici","item":"https:\/\/www.oniria.fr\/ca\/"},{"@type":"ListItem","position":2,"name":"GRUPS I PROFESSIONALS","item":"https:\/\/www.oniria.fr\/ca\/groupes-professionnels\/"},{"@type":"ListItem","position":3,"name":"Lloguer d\u2019espais"}]},{"@type":"WebSite","@id":"https:\/\/www.oniria.fr\/ca\/#website","url":"https:\/\/www.oniria.fr\/ca\/","name":"Aquarium Oniria","description":"Les m\u00e9tamorphoses de l&#039;eau","potentialAction":[{"@type":"SearchAction","target":{"@type":"EntryPoint","urlTemplate":"https:\/\/www.oniria.fr\/ca\/?s={search_term_string}"},"query-input":{"@type":"PropertyValueSpecification","valueRequired":true,"valueName":"search_term_string"}}],"inLanguage":"ca"}]}},"_links":{"self":[{"href":"https:\/\/www.oniria.fr\/ca\/wp-json\/wp\/v2\/pages\/95230","targetHints":{"allow":["GET"]}}],"collection":[{"href":"https:\/\/www.oniria.fr\/ca\/wp-json\/wp\/v2\/pages"}],"about":[{"href":"https:\/\/www.oniria.fr\/ca\/wp-json\/wp\/v2\/types\/page"}],"author":[{"embeddable":true,"href":"https:\/\/www.oniria.fr\/ca\/wp-json\/wp\/v2\/users\/1"}],"replies":[{"embeddable":true,"href":"https:\/\/www.oniria.fr\/ca\/wp-json\/wp\/v2\/comments?post=95230"}],"version-history":[{"count":2,"href":"https:\/\/www.oniria.fr\/ca\/wp-json\/wp\/v2\/pages\/95230\/revisions"}],"predecessor-version":[{"id":95232,"href":"https:\/\/www.oniria.fr\/ca\/wp-json\/wp\/v2\/pages\/95230\/revisions\/95232"}],"up":[{"embeddable":true,"href":"https:\/\/www.oniria.fr\/ca\/wp-json\/wp\/v2\/pages\/95225"}],"wp:attachment":[{"href":"https:\/\/www.oniria.fr\/ca\/wp-json\/wp\/v2\/media?parent=95230"}],"curies":[{"name":"wp","href":"https:\/\/api.w.org\/{rel}","templated":true}]}}