{"id":95288,"date":"2024-10-08T13:26:23","date_gmt":"2024-10-08T13:26:23","guid":{"rendered":"https:\/\/www.oniria.fr\/notes-legals\/"},"modified":"2025-11-26T10:20:18","modified_gmt":"2025-11-26T10:20:18","slug":"notes-legals","status":"publish","type":"page","link":"https:\/\/www.oniria.fr\/ca\/notes-legals\/","title":{"rendered":"Notes legals"},"content":{"rendered":"<p><span style=\"font-weight: 400;\"><em>L\u2019\u00fas d\u2019aquest lloc web implica l\u2019acceptaci\u00f3 de les condicions indicades tot seguit.<\/em> <strong>ONIRIA<\/strong> es reserva el dret d\u2019emprendre accions judicials en cas d\u2019incompliment d\u2019aquestes condicions d\u2019\u00fas, especialment en cas d\u2019incompliment i utilitzaci\u00f3 no autoritzada dels noms i s\u00edmbols d\u2019ONIRIA o en cas de vulneraci\u00f3 de drets vinculats a la informaci\u00f3, el grafisme, textos, v\u00eddeos, documents sonors, fotos i imatges i, en general, tot el contingut del lloc.\u00a0<\/span><\/p>\n<h3><b>Creaci\u00f3\u00a0<\/b><\/h3>\n<p><span style=\"font-weight: 400;\">AttrapTemps\u00a0<\/span><\/p>\n<p><span style=\"font-weight: 400;\">70 av Alfred Kastler \u2013 Perpiny\u00e0\u00a0<\/span><\/p>\n<p><span style=\"font-weight: 400;\">66100 Perpiny\u00e0 (Fran\u00e7a)\u00a0<\/span><\/p>\n<p><span style=\"font-weight: 400;\">N\u00famero de tel\u00e8fon: 04 68 55 11 31\u00a0<\/span><\/p>\n<p><span style=\"font-weight: 400;\">Disseny gr\u00e0fic: AttrapTemps\u00a0<\/span><\/p>\n<p><span style=\"font-weight: 400;\">Realitzaci\u00f3 t\u00e8cnica: AttrapTemps\u00a0<\/span><\/p>\n<h3><b>Allotjament\/seguretat\u00a0<\/b><\/h3>\n<p><span style=\"font-weight: 400;\">AttrapTemps SARL\u00a0<\/span><\/p>\n<p><span style=\"font-weight: 400;\">70 av Alfred Kastler \u2013 Perpiny\u00e0\u00a0<\/span><\/p>\n<p><span style=\"font-weight: 400;\">66100 Perpiny\u00e0 (Fran\u00e7a)\u00a0<\/span><\/p>\n<p><span style=\"font-weight: 400;\">RCS 407 836 089 000 42\u00a0<\/span><\/p>\n<p><span style=\"font-weight: 400;\">Societat amb un capital social de 300.000 \u20ac\u00a0<\/span><\/p>\n<h3><b>Direcci\u00f3 de la publicaci\u00f3\u00a0<\/b><\/h3>\n<p><span style=\"font-weight: 400;\">Jessica Cobos\u00a0<\/span><\/p>\n<p><span style=\"font-weight: 400;\">Aquarium Oniria\u00a0<\/span><\/p>\n<p><span style=\"font-weight: 400;\">2 boulevard de la Jet\u00e9e 66 140 Canet de Rossell\u00f3 (Fran\u00e7a)\u00a0<\/span><\/p>\n<p><span style=\"font-weight: 400;\">N\u00famero de tel\u00e8fon: +33 (0)4 48 22 66 22\u00a0\u00a0<\/span><\/p>\n<h3><b>Drets d\u2019autor\u00a0<\/b><\/h3>\n<p><span style=\"font-weight: 400;\">En aplicaci\u00f3 del codi franc\u00e8s de la propietat intel\u00b7lectual i, de manera general, dels tractats i acords internacionals amb disposicions relatives a la protecci\u00f3 dels drets d\u2019autor, est\u00e0 prohibit, llevat si es fa amb usos particulars o pedag\u00f2gics, reproduir, vendre, difondre, modificar i publicar \u00edntegrament o parcialment, en qualsevol format, les dades, la presentaci\u00f3 o l\u2019organitzaci\u00f3 del lloc, aix\u00ed com els continguts protegits per drets d\u2019autor que hi figuren, sense autoritzaci\u00f3 espec\u00edfica pr\u00e8via per escrit, que cal sol\u00b7licitar al webmaster.\u00a0<\/span><\/p>\n<h3><b>Enlla\u00e7os\u00a0<\/b><\/h3>\n<p><span style=\"font-weight: 400;\">Els responsables de serveis online que vulguin crear enlla\u00e7os cap a aquest lloc web n\u2019han d\u2019informar al webmaster. Aquest lloc web pot incloure enlla\u00e7os a altres llocs no sotmesos a un control permanent. Aquests enlla\u00e7os es consideren \u00fatils i poden complementar la informaci\u00f3 publicada en aquest lloc. ONIRIA no assumeix cap responsabilitat en relaci\u00f3 amb aquests llocs, especialment quant a l\u2019exactitud o la fiabilitat de la informaci\u00f3, les dades i les opinions que contenen.\u00a0<\/span><\/p>\n<h3><b>Protecci\u00f3 de dades personals\u00a0<\/b><\/h3>\n<p><span style=\"font-weight: 400;\">En determinats casos, especialment als formularis de contacte, cal facilitar informaci\u00f3 de tipus personal. La informaci\u00f3 facilitada \u00e9s per a l\u2019\u00fas exclusiu d\u2019ONIRIA i en cap cas no es comunicar\u00e0 a tercers. Qualsevol usuari que hagi comunicat informaci\u00f3 que permeti la identificaci\u00f3 personal directa o indirecta pot sol\u00b7licitar acc\u00e9s a aquesta informaci\u00f3 a l\u2019administrador del servei i, si escau, demanar-ne la rectificaci\u00f3, d\u2019acord amb la llei francesa N 78-17, de 6 de gener de 1978, sobre inform\u00e0tica, fitxers i llibertats. Per exercir aquest dret, cal adre\u00e7ar-se al webmaster. La confidencialitat de la informaci\u00f3 facilitada a trav\u00e9s d\u2019Internet no est\u00e0 garantida.\u00a0<\/span><\/p>\n<p><span style=\"font-weight: 400;\">Els visitants que hagin acceptat la recollida de les seves dades al lloc web poden rebre informaci\u00f3 per correu electr\u00f2nic sobre novetats o aspectes que puguin tenir relaci\u00f3 amb l\u2019inter\u00e8s manifestat per ONIRIA i la causa a la qual donen suport. Aquests visitants es poden oposar a rebre aquestes comunicacions enviant un missatge a trav\u00e9s de la p\u00e0gina de contacte de lloc web.\u00a0<\/span><\/p>\n<h3><b>Exoneraci\u00f3 de responsabilitat\u00a0<\/b><\/h3>\n<p><span style=\"font-weight: 400;\">ONIRIA fa tots els esfor\u00e7os necessaris per garantir la fiabilitat de la informaci\u00f3 que cont\u00e9 aquest lloc web. Tanmateix, no assumeix cap responsabilitat sobre errors, omissions o els resultats que es puguin obtenir a partir de l\u2019\u00fas de la informaci\u00f3 publicada. ONIRIA nom\u00e9s assumeix una obligaci\u00f3 de mitjans en relaci\u00f3 amb la informaci\u00f3 publicada al lloc web. Aix\u00ed mateix, tampoc no es fa responsable de la infecci\u00f3 per virus o altres problemes inform\u00e0tics amb efectes perjudicials.\u00a0<\/span><\/p>\n<h3><b>Cookies\u00a0<\/b><\/h3>\n<p><span style=\"font-weight: 400;\">Qu\u00e8 \u00e9s una cookie?\u00a0<\/span><\/p>\n<p><span style=\"font-weight: 400;\">Una cookie \u00e9s una informaci\u00f3 emmagatzemada al teu equip pel servidor del lloc web que has visitat. El seu objectiu \u00e9s recollir informaci\u00f3 relacionada amb la teva navegaci\u00f3 pels llocs i poder-te mostrar continguts personalitzats.\u00a0<\/span><\/p>\n<p><span style=\"font-weight: 400;\">Com es poden rebutjar les cookies?\u00a0<\/span><\/p>\n<p><span style=\"font-weight: 400;\">A trav\u00e9s de diferents configuracions pots modificar les teves condicions d\u2019acc\u00e9s a determinats serveis que necessiten fer servir cookies, com ara l\u2019acc\u00e9s al teu compte. Tens l\u2019opci\u00f3 de desactivar aquestes cookies en tot moment des de la configuraci\u00f3 del teu navegador.<\/span><\/p>\n<p><span style=\"font-weight: 400;\">Pots acceptar o rebutjar les cookies cas per cas o b\u00e9 rebutjar-les totes de manera general.\u00a0<\/span><\/p>\n","protected":false},"excerpt":{"rendered":"<p>L\u2019\u00fas d\u2019aquest lloc web implica l\u2019acceptaci\u00f3 de les condicions indicades tot seguit. ONIRIA es reserva el dret d\u2019emprendre accions judicials en cas d\u2019incompliment d\u2019aquestes condicions d\u2019\u00fas, especialment en cas d\u2019incompliment i utilitzaci\u00f3 no autoritzada dels noms i s\u00edmbols d\u2019ONIRIA o en cas de vulneraci\u00f3 de drets vinculats a la informaci\u00f3, el grafisme, textos, v\u00eddeos, documents [&hellip;]<\/p>\n","protected":false},"author":1,"featured_media":0,"parent":0,"menu_order":0,"comment_status":"closed","ping_status":"closed","template":"","meta":{"_acf_changed":false,"_et_pb_use_builder":"off","_et_pb_old_content":"","_et_gb_content_width":"","footnotes":""},"class_list":["post-95288","page","type-page","status-publish","hentry"],"acf":[],"yoast_head":"<!-- This site is optimized with the Yoast SEO plugin v27.4 - https:\/\/yoast.com\/product\/yoast-seo-wordpress\/ -->\n<title>Avisos legals de la web de l&#039;Aquari Oniria<\/title>\n<meta name=\"description\" content=\"Troba tots els avisos legals al web de l&#039;Aquarium Oniria de Canet en Rossell\u00f3.\" \/>\n<meta name=\"robots\" content=\"index, follow, max-snippet:-1, max-image-preview:large, max-video-preview:-1\" \/>\n<link rel=\"canonical\" href=\"https:\/\/www.oniria.fr\/ca\/notes-legals\/\" \/>\n<meta property=\"og:locale\" content=\"ca_ES\" \/>\n<meta property=\"og:type\" content=\"article\" \/>\n<meta property=\"og:title\" content=\"Avisos legals de la web de l&#039;Aquari Oniria\" \/>\n<meta property=\"og:description\" content=\"Troba tots els avisos legals al web de l&#039;Aquarium Oniria de Canet en Rossell\u00f3.\" \/>\n<meta property=\"og:site_name\" content=\"Aquarium Oniria\" \/>\n<meta property=\"article:modified_time\" content=\"2025-11-26T10:20:18+00:00\" \/>\n<meta name=\"twitter:card\" content=\"summary_large_image\" \/>\n<meta name=\"twitter:label1\" content=\"Temps estimat de lectura\" \/>\n\t<meta name=\"twitter:data1\" content=\"4 minuts\" \/>\n<script type=\"application\/ld+json\" class=\"yoast-schema-graph\">{\"@context\":\"https:\\\/\\\/schema.org\",\"@graph\":[{\"@type\":\"WebPage\",\"@id\":\"https:\\\/\\\/www.oniria.fr\\\/ca\\\/notes-legals\\\/\",\"url\":\"https:\\\/\\\/www.oniria.fr\\\/ca\\\/notes-legals\\\/\",\"name\":\"Avisos legals de la web de l'Aquari Oniria\",\"isPartOf\":{\"@id\":\"https:\\\/\\\/www.oniria.fr\\\/ca\\\/#website\"},\"datePublished\":\"2024-10-08T13:26:23+00:00\",\"dateModified\":\"2025-11-26T10:20:18+00:00\",\"description\":\"Troba tots els avisos legals al web de l'Aquarium Oniria de Canet en Rossell\u00f3.\",\"breadcrumb\":{\"@id\":\"https:\\\/\\\/www.oniria.fr\\\/ca\\\/notes-legals\\\/#breadcrumb\"},\"inLanguage\":\"ca\",\"potentialAction\":[{\"@type\":\"ReadAction\",\"target\":[\"https:\\\/\\\/www.oniria.fr\\\/ca\\\/notes-legals\\\/\"]}]},{\"@type\":\"BreadcrumbList\",\"@id\":\"https:\\\/\\\/www.oniria.fr\\\/ca\\\/notes-legals\\\/#breadcrumb\",\"itemListElement\":[{\"@type\":\"ListItem\",\"position\":1,\"name\":\"Inici\",\"item\":\"https:\\\/\\\/www.oniria.fr\\\/ca\\\/\"},{\"@type\":\"ListItem\",\"position\":2,\"name\":\"Notes legals\"}]},{\"@type\":\"WebSite\",\"@id\":\"https:\\\/\\\/www.oniria.fr\\\/ca\\\/#website\",\"url\":\"https:\\\/\\\/www.oniria.fr\\\/ca\\\/\",\"name\":\"Aquarium Oniria\",\"description\":\"Les m\u00e9tamorphoses de l&#039;eau\",\"potentialAction\":[{\"@type\":\"SearchAction\",\"target\":{\"@type\":\"EntryPoint\",\"urlTemplate\":\"https:\\\/\\\/www.oniria.fr\\\/ca\\\/?s={search_term_string}\"},\"query-input\":{\"@type\":\"PropertyValueSpecification\",\"valueRequired\":true,\"valueName\":\"search_term_string\"}}],\"inLanguage\":\"ca\"}]}<\/script>\n<!-- \/ Yoast SEO plugin. -->","yoast_head_json":{"title":"Avisos legals de la web de l'Aquari Oniria","description":"Troba tots els avisos legals al web de l'Aquarium Oniria de Canet en Rossell\u00f3.","robots":{"index":"index","follow":"follow","max-snippet":"max-snippet:-1","max-image-preview":"max-image-preview:large","max-video-preview":"max-video-preview:-1"},"canonical":"https:\/\/www.oniria.fr\/ca\/notes-legals\/","og_locale":"ca_ES","og_type":"article","og_title":"Avisos legals de la web de l'Aquari Oniria","og_description":"Troba tots els avisos legals al web de l'Aquarium Oniria de Canet en Rossell\u00f3.","og_site_name":"Aquarium Oniria","article_modified_time":"2025-11-26T10:20:18+00:00","twitter_card":"summary_large_image","twitter_misc":{"Temps estimat de lectura":"4 minuts"},"schema":{"@context":"https:\/\/schema.org","@graph":[{"@type":"WebPage","@id":"https:\/\/www.oniria.fr\/ca\/notes-legals\/","url":"https:\/\/www.oniria.fr\/ca\/notes-legals\/","name":"Avisos legals de la web de l'Aquari Oniria","isPartOf":{"@id":"https:\/\/www.oniria.fr\/ca\/#website"},"datePublished":"2024-10-08T13:26:23+00:00","dateModified":"2025-11-26T10:20:18+00:00","description":"Troba tots els avisos legals al web de l'Aquarium Oniria de Canet en Rossell\u00f3.","breadcrumb":{"@id":"https:\/\/www.oniria.fr\/ca\/notes-legals\/#breadcrumb"},"inLanguage":"ca","potentialAction":[{"@type":"ReadAction","target":["https:\/\/www.oniria.fr\/ca\/notes-legals\/"]}]},{"@type":"BreadcrumbList","@id":"https:\/\/www.oniria.fr\/ca\/notes-legals\/#breadcrumb","itemListElement":[{"@type":"ListItem","position":1,"name":"Inici","item":"https:\/\/www.oniria.fr\/ca\/"},{"@type":"ListItem","position":2,"name":"Notes legals"}]},{"@type":"WebSite","@id":"https:\/\/www.oniria.fr\/ca\/#website","url":"https:\/\/www.oniria.fr\/ca\/","name":"Aquarium Oniria","description":"Les m\u00e9tamorphoses de l&#039;eau","potentialAction":[{"@type":"SearchAction","target":{"@type":"EntryPoint","urlTemplate":"https:\/\/www.oniria.fr\/ca\/?s={search_term_string}"},"query-input":{"@type":"PropertyValueSpecification","valueRequired":true,"valueName":"search_term_string"}}],"inLanguage":"ca"}]}},"_links":{"self":[{"href":"https:\/\/www.oniria.fr\/ca\/wp-json\/wp\/v2\/pages\/95288","targetHints":{"allow":["GET"]}}],"collection":[{"href":"https:\/\/www.oniria.fr\/ca\/wp-json\/wp\/v2\/pages"}],"about":[{"href":"https:\/\/www.oniria.fr\/ca\/wp-json\/wp\/v2\/types\/page"}],"author":[{"embeddable":true,"href":"https:\/\/www.oniria.fr\/ca\/wp-json\/wp\/v2\/users\/1"}],"replies":[{"embeddable":true,"href":"https:\/\/www.oniria.fr\/ca\/wp-json\/wp\/v2\/comments?post=95288"}],"version-history":[{"count":3,"href":"https:\/\/www.oniria.fr\/ca\/wp-json\/wp\/v2\/pages\/95288\/revisions"}],"predecessor-version":[{"id":96816,"href":"https:\/\/www.oniria.fr\/ca\/wp-json\/wp\/v2\/pages\/95288\/revisions\/96816"}],"wp:attachment":[{"href":"https:\/\/www.oniria.fr\/ca\/wp-json\/wp\/v2\/media?parent=95288"}],"curies":[{"name":"wp","href":"https:\/\/api.w.org\/{rel}","templated":true}]}}