{"id":95298,"date":"2024-10-08T13:54:41","date_gmt":"2024-10-08T13:54:41","guid":{"rendered":"https:\/\/www.oniria.fr\/preparar-la-visita\/acces-i-accessibilitat\/"},"modified":"2025-11-26T14:21:44","modified_gmt":"2025-11-26T14:21:44","slug":"acces-i-accessibilitat","status":"publish","type":"page","link":"https:\/\/www.oniria.fr\/ca\/preparar-la-visita\/acces-i-accessibilitat\/","title":{"rendered":"Acc\u00e9s i accessibilitat"},"content":{"rendered":"","protected":false},"excerpt":{"rendered":"","protected":false},"author":1,"featured_media":0,"parent":95292,"menu_order":0,"comment_status":"closed","ping_status":"closed","template":"","meta":{"_acf_changed":false,"_et_pb_use_builder":"off","_et_pb_old_content":"","_et_gb_content_width":"","footnotes":""},"class_list":["post-95298","page","type-page","status-publish","hentry"],"acf":[],"yoast_head":"<!-- This site is optimized with the Yoast SEO plugin v27.4 - https:\/\/yoast.com\/product\/yoast-seo-wordpress\/ -->\n<title>Com arribar a l&#039;aquari Oniria de Canet-en-Roussillon?<\/title>\n<meta name=\"description\" content=\"Troba tota la informaci\u00f3 pr\u00e0ctica per arribar a l&#039;aquari Oniria amb cotxe, avi\u00f3, tren, bicicleta o vaixell.\" \/>\n<meta name=\"robots\" content=\"index, follow, max-snippet:-1, max-image-preview:large, max-video-preview:-1\" \/>\n<link rel=\"canonical\" href=\"https:\/\/www.oniria.fr\/ca\/preparar-la-visita\/acces-i-accessibilitat\/\" \/>\n<meta property=\"og:locale\" content=\"ca_ES\" \/>\n<meta property=\"og:type\" content=\"article\" \/>\n<meta property=\"og:title\" content=\"Com arribar a l&#039;aquari Oniria de Canet-en-Roussillon?\" \/>\n<meta property=\"og:description\" content=\"Troba tota la informaci\u00f3 pr\u00e0ctica per arribar a l&#039;aquari Oniria amb cotxe, avi\u00f3, tren, bicicleta o vaixell.\" \/>\n<meta property=\"og:site_name\" content=\"Aquarium Oniria\" \/>\n<meta property=\"article:modified_time\" content=\"2025-11-26T14:21:44+00:00\" \/>\n<meta name=\"twitter:card\" content=\"summary_large_image\" \/>\n<script type=\"application\/ld+json\" class=\"yoast-schema-graph\">{\"@context\":\"https:\\\/\\\/schema.org\",\"@graph\":[{\"@type\":\"WebPage\",\"@id\":\"https:\\\/\\\/www.oniria.fr\\\/ca\\\/preparar-la-visita\\\/acces-i-accessibilitat\\\/\",\"url\":\"https:\\\/\\\/www.oniria.fr\\\/ca\\\/preparar-la-visita\\\/acces-i-accessibilitat\\\/\",\"name\":\"Com arribar a l'aquari Oniria de Canet-en-Roussillon?\",\"isPartOf\":{\"@id\":\"https:\\\/\\\/www.oniria.fr\\\/ca\\\/#website\"},\"datePublished\":\"2024-10-08T13:54:41+00:00\",\"dateModified\":\"2025-11-26T14:21:44+00:00\",\"description\":\"Troba tota la informaci\u00f3 pr\u00e0ctica per arribar a l'aquari Oniria amb cotxe, avi\u00f3, tren, bicicleta o vaixell.\",\"breadcrumb\":{\"@id\":\"https:\\\/\\\/www.oniria.fr\\\/ca\\\/preparar-la-visita\\\/acces-i-accessibilitat\\\/#breadcrumb\"},\"inLanguage\":\"ca\",\"potentialAction\":[{\"@type\":\"ReadAction\",\"target\":[\"https:\\\/\\\/www.oniria.fr\\\/ca\\\/preparar-la-visita\\\/acces-i-accessibilitat\\\/\"]}]},{\"@type\":\"BreadcrumbList\",\"@id\":\"https:\\\/\\\/www.oniria.fr\\\/ca\\\/preparar-la-visita\\\/acces-i-accessibilitat\\\/#breadcrumb\",\"itemListElement\":[{\"@type\":\"ListItem\",\"position\":1,\"name\":\"Inici\",\"item\":\"https:\\\/\\\/www.oniria.fr\\\/ca\\\/\"},{\"@type\":\"ListItem\",\"position\":2,\"name\":\"Preparar la visita\",\"item\":\"https:\\\/\\\/www.oniria.fr\\\/ca\\\/preparez-votre-visite\\\/\"},{\"@type\":\"ListItem\",\"position\":3,\"name\":\"Acc\u00e9s i accessibilitat\"}]},{\"@type\":\"WebSite\",\"@id\":\"https:\\\/\\\/www.oniria.fr\\\/ca\\\/#website\",\"url\":\"https:\\\/\\\/www.oniria.fr\\\/ca\\\/\",\"name\":\"Aquarium Oniria\",\"description\":\"Les m\u00e9tamorphoses de l&#039;eau\",\"potentialAction\":[{\"@type\":\"SearchAction\",\"target\":{\"@type\":\"EntryPoint\",\"urlTemplate\":\"https:\\\/\\\/www.oniria.fr\\\/ca\\\/?s={search_term_string}\"},\"query-input\":{\"@type\":\"PropertyValueSpecification\",\"valueRequired\":true,\"valueName\":\"search_term_string\"}}],\"inLanguage\":\"ca\"}]}<\/script>\n<!-- \/ Yoast SEO plugin. -->","yoast_head_json":{"title":"Com arribar a l'aquari Oniria de Canet-en-Roussillon?","description":"Troba tota la informaci\u00f3 pr\u00e0ctica per arribar a l'aquari Oniria amb cotxe, avi\u00f3, tren, bicicleta o vaixell.","robots":{"index":"index","follow":"follow","max-snippet":"max-snippet:-1","max-image-preview":"max-image-preview:large","max-video-preview":"max-video-preview:-1"},"canonical":"https:\/\/www.oniria.fr\/ca\/preparar-la-visita\/acces-i-accessibilitat\/","og_locale":"ca_ES","og_type":"article","og_title":"Com arribar a l'aquari Oniria de Canet-en-Roussillon?","og_description":"Troba tota la informaci\u00f3 pr\u00e0ctica per arribar a l'aquari Oniria amb cotxe, avi\u00f3, tren, bicicleta o vaixell.","og_site_name":"Aquarium Oniria","article_modified_time":"2025-11-26T14:21:44+00:00","twitter_card":"summary_large_image","schema":{"@context":"https:\/\/schema.org","@graph":[{"@type":"WebPage","@id":"https:\/\/www.oniria.fr\/ca\/preparar-la-visita\/acces-i-accessibilitat\/","url":"https:\/\/www.oniria.fr\/ca\/preparar-la-visita\/acces-i-accessibilitat\/","name":"Com arribar a l'aquari Oniria de Canet-en-Roussillon?","isPartOf":{"@id":"https:\/\/www.oniria.fr\/ca\/#website"},"datePublished":"2024-10-08T13:54:41+00:00","dateModified":"2025-11-26T14:21:44+00:00","description":"Troba tota la informaci\u00f3 pr\u00e0ctica per arribar a l'aquari Oniria amb cotxe, avi\u00f3, tren, bicicleta o vaixell.","breadcrumb":{"@id":"https:\/\/www.oniria.fr\/ca\/preparar-la-visita\/acces-i-accessibilitat\/#breadcrumb"},"inLanguage":"ca","potentialAction":[{"@type":"ReadAction","target":["https:\/\/www.oniria.fr\/ca\/preparar-la-visita\/acces-i-accessibilitat\/"]}]},{"@type":"BreadcrumbList","@id":"https:\/\/www.oniria.fr\/ca\/preparar-la-visita\/acces-i-accessibilitat\/#breadcrumb","itemListElement":[{"@type":"ListItem","position":1,"name":"Inici","item":"https:\/\/www.oniria.fr\/ca\/"},{"@type":"ListItem","position":2,"name":"Preparar la visita","item":"https:\/\/www.oniria.fr\/ca\/preparez-votre-visite\/"},{"@type":"ListItem","position":3,"name":"Acc\u00e9s i accessibilitat"}]},{"@type":"WebSite","@id":"https:\/\/www.oniria.fr\/ca\/#website","url":"https:\/\/www.oniria.fr\/ca\/","name":"Aquarium Oniria","description":"Les m\u00e9tamorphoses de l&#039;eau","potentialAction":[{"@type":"SearchAction","target":{"@type":"EntryPoint","urlTemplate":"https:\/\/www.oniria.fr\/ca\/?s={search_term_string}"},"query-input":{"@type":"PropertyValueSpecification","valueRequired":true,"valueName":"search_term_string"}}],"inLanguage":"ca"}]}},"_links":{"self":[{"href":"https:\/\/www.oniria.fr\/ca\/wp-json\/wp\/v2\/pages\/95298","targetHints":{"allow":["GET"]}}],"collection":[{"href":"https:\/\/www.oniria.fr\/ca\/wp-json\/wp\/v2\/pages"}],"about":[{"href":"https:\/\/www.oniria.fr\/ca\/wp-json\/wp\/v2\/types\/page"}],"author":[{"embeddable":true,"href":"https:\/\/www.oniria.fr\/ca\/wp-json\/wp\/v2\/users\/1"}],"replies":[{"embeddable":true,"href":"https:\/\/www.oniria.fr\/ca\/wp-json\/wp\/v2\/comments?post=95298"}],"version-history":[{"count":5,"href":"https:\/\/www.oniria.fr\/ca\/wp-json\/wp\/v2\/pages\/95298\/revisions"}],"predecessor-version":[{"id":96844,"href":"https:\/\/www.oniria.fr\/ca\/wp-json\/wp\/v2\/pages\/95298\/revisions\/96844"}],"up":[{"embeddable":true,"href":"https:\/\/www.oniria.fr\/ca\/wp-json\/wp\/v2\/pages\/95292"}],"wp:attachment":[{"href":"https:\/\/www.oniria.fr\/ca\/wp-json\/wp\/v2\/media?parent=95298"}],"curies":[{"name":"wp","href":"https:\/\/api.w.org\/{rel}","templated":true}]}}