{"id":95303,"date":"2024-10-08T14:18:36","date_gmt":"2024-10-08T14:18:36","guid":{"rendered":"https:\/\/www.oniria.fr\/contacte\/"},"modified":"2024-10-08T14:19:23","modified_gmt":"2024-10-08T14:19:23","slug":"contacte","status":"publish","type":"page","link":"https:\/\/www.oniria.fr\/ca\/contacte\/","title":{"rendered":"Contacte"},"content":{"rendered":"","protected":false},"excerpt":{"rendered":"","protected":false},"author":1,"featured_media":0,"parent":0,"menu_order":0,"comment_status":"closed","ping_status":"closed","template":"","meta":{"_acf_changed":false,"_et_pb_use_builder":"off","_et_pb_old_content":"","_et_gb_content_width":"","footnotes":""},"class_list":["post-95303","page","type-page","status-publish","hentry"],"acf":[],"yoast_head":"<!-- This site is optimized with the Yoast SEO plugin v27.4 - https:\/\/yoast.com\/product\/yoast-seo-wordpress\/ -->\n<title>Contacta amb l&#039;aquari Oniria - Tot l&#039;equip est\u00e0 atent!<\/title>\n<meta name=\"description\" content=\"Si voleu contactar amb l&#039;aquari Oniria, poseu-vos en contacte amb nosaltres mitjan\u00e7ant el nostre formulari en l\u00ednia o directament per tel\u00e8fon.\" \/>\n<meta name=\"robots\" content=\"index, follow, max-snippet:-1, max-image-preview:large, max-video-preview:-1\" \/>\n<link rel=\"canonical\" href=\"https:\/\/www.oniria.fr\/ca\/contacte\/\" \/>\n<meta property=\"og:locale\" content=\"ca_ES\" \/>\n<meta property=\"og:type\" content=\"article\" \/>\n<meta property=\"og:title\" content=\"Contacta amb l&#039;aquari Oniria - Tot l&#039;equip est\u00e0 atent!\" \/>\n<meta property=\"og:description\" content=\"Si voleu contactar amb l&#039;aquari Oniria, poseu-vos en contacte amb nosaltres mitjan\u00e7ant el nostre formulari en l\u00ednia o directament per tel\u00e8fon.\" \/>\n<meta property=\"og:site_name\" content=\"Aquarium Oniria\" \/>\n<meta property=\"article:modified_time\" content=\"2024-10-08T14:19:23+00:00\" \/>\n<meta name=\"twitter:card\" content=\"summary_large_image\" \/>\n<script type=\"application\/ld+json\" class=\"yoast-schema-graph\">{\"@context\":\"https:\\\/\\\/schema.org\",\"@graph\":[{\"@type\":\"WebPage\",\"@id\":\"https:\\\/\\\/www.oniria.fr\\\/ca\\\/contacte\\\/\",\"url\":\"https:\\\/\\\/www.oniria.fr\\\/ca\\\/contacte\\\/\",\"name\":\"Contacta amb l'aquari Oniria - Tot l'equip est\u00e0 atent!\",\"isPartOf\":{\"@id\":\"https:\\\/\\\/www.oniria.fr\\\/ca\\\/#website\"},\"datePublished\":\"2024-10-08T14:18:36+00:00\",\"dateModified\":\"2024-10-08T14:19:23+00:00\",\"description\":\"Si voleu contactar amb l'aquari Oniria, poseu-vos en contacte amb nosaltres mitjan\u00e7ant el nostre formulari en l\u00ednia o directament per tel\u00e8fon.\",\"breadcrumb\":{\"@id\":\"https:\\\/\\\/www.oniria.fr\\\/ca\\\/contacte\\\/#breadcrumb\"},\"inLanguage\":\"ca\",\"potentialAction\":[{\"@type\":\"ReadAction\",\"target\":[\"https:\\\/\\\/www.oniria.fr\\\/ca\\\/contacte\\\/\"]}]},{\"@type\":\"BreadcrumbList\",\"@id\":\"https:\\\/\\\/www.oniria.fr\\\/ca\\\/contacte\\\/#breadcrumb\",\"itemListElement\":[{\"@type\":\"ListItem\",\"position\":1,\"name\":\"Inici\",\"item\":\"https:\\\/\\\/www.oniria.fr\\\/ca\\\/\"},{\"@type\":\"ListItem\",\"position\":2,\"name\":\"Contacte\"}]},{\"@type\":\"WebSite\",\"@id\":\"https:\\\/\\\/www.oniria.fr\\\/ca\\\/#website\",\"url\":\"https:\\\/\\\/www.oniria.fr\\\/ca\\\/\",\"name\":\"Aquarium Oniria\",\"description\":\"Les m\u00e9tamorphoses de l&#039;eau\",\"potentialAction\":[{\"@type\":\"SearchAction\",\"target\":{\"@type\":\"EntryPoint\",\"urlTemplate\":\"https:\\\/\\\/www.oniria.fr\\\/ca\\\/?s={search_term_string}\"},\"query-input\":{\"@type\":\"PropertyValueSpecification\",\"valueRequired\":true,\"valueName\":\"search_term_string\"}}],\"inLanguage\":\"ca\"}]}<\/script>\n<!-- \/ Yoast SEO plugin. -->","yoast_head_json":{"title":"Contacta amb l'aquari Oniria - Tot l'equip est\u00e0 atent!","description":"Si voleu contactar amb l'aquari Oniria, poseu-vos en contacte amb nosaltres mitjan\u00e7ant el nostre formulari en l\u00ednia o directament per tel\u00e8fon.","robots":{"index":"index","follow":"follow","max-snippet":"max-snippet:-1","max-image-preview":"max-image-preview:large","max-video-preview":"max-video-preview:-1"},"canonical":"https:\/\/www.oniria.fr\/ca\/contacte\/","og_locale":"ca_ES","og_type":"article","og_title":"Contacta amb l'aquari Oniria - Tot l'equip est\u00e0 atent!","og_description":"Si voleu contactar amb l'aquari Oniria, poseu-vos en contacte amb nosaltres mitjan\u00e7ant el nostre formulari en l\u00ednia o directament per tel\u00e8fon.","og_site_name":"Aquarium Oniria","article_modified_time":"2024-10-08T14:19:23+00:00","twitter_card":"summary_large_image","schema":{"@context":"https:\/\/schema.org","@graph":[{"@type":"WebPage","@id":"https:\/\/www.oniria.fr\/ca\/contacte\/","url":"https:\/\/www.oniria.fr\/ca\/contacte\/","name":"Contacta amb l'aquari Oniria - Tot l'equip est\u00e0 atent!","isPartOf":{"@id":"https:\/\/www.oniria.fr\/ca\/#website"},"datePublished":"2024-10-08T14:18:36+00:00","dateModified":"2024-10-08T14:19:23+00:00","description":"Si voleu contactar amb l'aquari Oniria, poseu-vos en contacte amb nosaltres mitjan\u00e7ant el nostre formulari en l\u00ednia o directament per tel\u00e8fon.","breadcrumb":{"@id":"https:\/\/www.oniria.fr\/ca\/contacte\/#breadcrumb"},"inLanguage":"ca","potentialAction":[{"@type":"ReadAction","target":["https:\/\/www.oniria.fr\/ca\/contacte\/"]}]},{"@type":"BreadcrumbList","@id":"https:\/\/www.oniria.fr\/ca\/contacte\/#breadcrumb","itemListElement":[{"@type":"ListItem","position":1,"name":"Inici","item":"https:\/\/www.oniria.fr\/ca\/"},{"@type":"ListItem","position":2,"name":"Contacte"}]},{"@type":"WebSite","@id":"https:\/\/www.oniria.fr\/ca\/#website","url":"https:\/\/www.oniria.fr\/ca\/","name":"Aquarium Oniria","description":"Les m\u00e9tamorphoses de l&#039;eau","potentialAction":[{"@type":"SearchAction","target":{"@type":"EntryPoint","urlTemplate":"https:\/\/www.oniria.fr\/ca\/?s={search_term_string}"},"query-input":{"@type":"PropertyValueSpecification","valueRequired":true,"valueName":"search_term_string"}}],"inLanguage":"ca"}]}},"_links":{"self":[{"href":"https:\/\/www.oniria.fr\/ca\/wp-json\/wp\/v2\/pages\/95303","targetHints":{"allow":["GET"]}}],"collection":[{"href":"https:\/\/www.oniria.fr\/ca\/wp-json\/wp\/v2\/pages"}],"about":[{"href":"https:\/\/www.oniria.fr\/ca\/wp-json\/wp\/v2\/types\/page"}],"author":[{"embeddable":true,"href":"https:\/\/www.oniria.fr\/ca\/wp-json\/wp\/v2\/users\/1"}],"replies":[{"embeddable":true,"href":"https:\/\/www.oniria.fr\/ca\/wp-json\/wp\/v2\/comments?post=95303"}],"version-history":[{"count":2,"href":"https:\/\/www.oniria.fr\/ca\/wp-json\/wp\/v2\/pages\/95303\/revisions"}],"predecessor-version":[{"id":95305,"href":"https:\/\/www.oniria.fr\/ca\/wp-json\/wp\/v2\/pages\/95303\/revisions\/95305"}],"wp:attachment":[{"href":"https:\/\/www.oniria.fr\/ca\/wp-json\/wp\/v2\/media?parent=95303"}],"curies":[{"name":"wp","href":"https:\/\/api.w.org\/{rel}","templated":true}]}}