{"id":95326,"date":"2024-10-08T14:56:24","date_gmt":"2024-10-08T14:56:24","guid":{"rendered":"https:\/\/www.oniria.fr\/preparar-la-visita\/serveis\/"},"modified":"2025-01-27T13:00:16","modified_gmt":"2025-01-27T13:00:16","slug":"serveis","status":"publish","type":"page","link":"https:\/\/www.oniria.fr\/ca\/preparar-la-visita\/serveis\/","title":{"rendered":"Serveis"},"content":{"rendered":"","protected":false},"excerpt":{"rendered":"","protected":false},"author":1,"featured_media":0,"parent":95292,"menu_order":0,"comment_status":"closed","ping_status":"closed","template":"","meta":{"_acf_changed":false,"_et_pb_use_builder":"off","_et_pb_old_content":"","_et_gb_content_width":"","footnotes":""},"class_list":["post-95326","page","type-page","status-publish","hentry"],"acf":[],"yoast_head":"<!-- This site is optimized with the Yoast SEO plugin v27.5 - https:\/\/yoast.com\/product\/yoast-seo-wordpress\/ -->\n<title>Serveis oferts a l&#039;aquari Oniria Canet-en-Roussillon<\/title>\n<meta name=\"description\" content=\"\u00c0rees de restauraci\u00f3, Botiga de records, Fotos de records: Serveis per descobrir durant la vostra exploraci\u00f3 de l&#039;aquari d&#039;Oniria.\" \/>\n<meta name=\"robots\" content=\"index, follow, max-snippet:-1, max-image-preview:large, max-video-preview:-1\" \/>\n<link rel=\"canonical\" href=\"https:\/\/www.oniria.fr\/ca\/preparar-la-visita\/serveis\/\" \/>\n<meta property=\"og:locale\" content=\"ca_ES\" \/>\n<meta property=\"og:type\" content=\"article\" \/>\n<meta property=\"og:title\" content=\"Serveis oferts a l&#039;aquari Oniria Canet-en-Roussillon\" \/>\n<meta property=\"og:description\" content=\"\u00c0rees de restauraci\u00f3, Botiga de records, Fotos de records: Serveis per descobrir durant la vostra exploraci\u00f3 de l&#039;aquari d&#039;Oniria.\" \/>\n<meta property=\"og:site_name\" content=\"Aquarium Oniria\" \/>\n<meta property=\"article:modified_time\" content=\"2025-01-27T13:00:16+00:00\" \/>\n<meta name=\"twitter:card\" content=\"summary_large_image\" \/>\n<script type=\"application\/ld+json\" class=\"yoast-schema-graph\">{\"@context\":\"https:\\\/\\\/schema.org\",\"@graph\":[{\"@type\":\"WebPage\",\"@id\":\"https:\\\/\\\/www.oniria.fr\\\/ca\\\/preparar-la-visita\\\/serveis\\\/\",\"url\":\"https:\\\/\\\/www.oniria.fr\\\/ca\\\/preparar-la-visita\\\/serveis\\\/\",\"name\":\"Serveis oferts a l'aquari Oniria Canet-en-Roussillon\",\"isPartOf\":{\"@id\":\"https:\\\/\\\/www.oniria.fr\\\/ca\\\/#website\"},\"datePublished\":\"2024-10-08T14:56:24+00:00\",\"dateModified\":\"2025-01-27T13:00:16+00:00\",\"description\":\"\u00c0rees de restauraci\u00f3, Botiga de records, Fotos de records: Serveis per descobrir durant la vostra exploraci\u00f3 de l'aquari d'Oniria.\",\"breadcrumb\":{\"@id\":\"https:\\\/\\\/www.oniria.fr\\\/ca\\\/preparar-la-visita\\\/serveis\\\/#breadcrumb\"},\"inLanguage\":\"ca\",\"potentialAction\":[{\"@type\":\"ReadAction\",\"target\":[\"https:\\\/\\\/www.oniria.fr\\\/ca\\\/preparar-la-visita\\\/serveis\\\/\"]}]},{\"@type\":\"BreadcrumbList\",\"@id\":\"https:\\\/\\\/www.oniria.fr\\\/ca\\\/preparar-la-visita\\\/serveis\\\/#breadcrumb\",\"itemListElement\":[{\"@type\":\"ListItem\",\"position\":1,\"name\":\"Inici\",\"item\":\"https:\\\/\\\/www.oniria.fr\\\/ca\\\/\"},{\"@type\":\"ListItem\",\"position\":2,\"name\":\"Preparar la visita\",\"item\":\"https:\\\/\\\/www.oniria.fr\\\/ca\\\/preparez-votre-visite\\\/\"},{\"@type\":\"ListItem\",\"position\":3,\"name\":\"Serveis\"}]},{\"@type\":\"WebSite\",\"@id\":\"https:\\\/\\\/www.oniria.fr\\\/ca\\\/#website\",\"url\":\"https:\\\/\\\/www.oniria.fr\\\/ca\\\/\",\"name\":\"Aquarium Oniria\",\"description\":\"Les m\u00e9tamorphoses de l&#039;eau\",\"potentialAction\":[{\"@type\":\"SearchAction\",\"target\":{\"@type\":\"EntryPoint\",\"urlTemplate\":\"https:\\\/\\\/www.oniria.fr\\\/ca\\\/?s={search_term_string}\"},\"query-input\":{\"@type\":\"PropertyValueSpecification\",\"valueRequired\":true,\"valueName\":\"search_term_string\"}}],\"inLanguage\":\"ca\"}]}<\/script>\n<!-- \/ Yoast SEO plugin. -->","yoast_head_json":{"title":"Serveis oferts a l'aquari Oniria Canet-en-Roussillon","description":"\u00c0rees de restauraci\u00f3, Botiga de records, Fotos de records: Serveis per descobrir durant la vostra exploraci\u00f3 de l'aquari d'Oniria.","robots":{"index":"index","follow":"follow","max-snippet":"max-snippet:-1","max-image-preview":"max-image-preview:large","max-video-preview":"max-video-preview:-1"},"canonical":"https:\/\/www.oniria.fr\/ca\/preparar-la-visita\/serveis\/","og_locale":"ca_ES","og_type":"article","og_title":"Serveis oferts a l'aquari Oniria Canet-en-Roussillon","og_description":"\u00c0rees de restauraci\u00f3, Botiga de records, Fotos de records: Serveis per descobrir durant la vostra exploraci\u00f3 de l'aquari d'Oniria.","og_site_name":"Aquarium Oniria","article_modified_time":"2025-01-27T13:00:16+00:00","twitter_card":"summary_large_image","schema":{"@context":"https:\/\/schema.org","@graph":[{"@type":"WebPage","@id":"https:\/\/www.oniria.fr\/ca\/preparar-la-visita\/serveis\/","url":"https:\/\/www.oniria.fr\/ca\/preparar-la-visita\/serveis\/","name":"Serveis oferts a l'aquari Oniria Canet-en-Roussillon","isPartOf":{"@id":"https:\/\/www.oniria.fr\/ca\/#website"},"datePublished":"2024-10-08T14:56:24+00:00","dateModified":"2025-01-27T13:00:16+00:00","description":"\u00c0rees de restauraci\u00f3, Botiga de records, Fotos de records: Serveis per descobrir durant la vostra exploraci\u00f3 de l'aquari d'Oniria.","breadcrumb":{"@id":"https:\/\/www.oniria.fr\/ca\/preparar-la-visita\/serveis\/#breadcrumb"},"inLanguage":"ca","potentialAction":[{"@type":"ReadAction","target":["https:\/\/www.oniria.fr\/ca\/preparar-la-visita\/serveis\/"]}]},{"@type":"BreadcrumbList","@id":"https:\/\/www.oniria.fr\/ca\/preparar-la-visita\/serveis\/#breadcrumb","itemListElement":[{"@type":"ListItem","position":1,"name":"Inici","item":"https:\/\/www.oniria.fr\/ca\/"},{"@type":"ListItem","position":2,"name":"Preparar la visita","item":"https:\/\/www.oniria.fr\/ca\/preparez-votre-visite\/"},{"@type":"ListItem","position":3,"name":"Serveis"}]},{"@type":"WebSite","@id":"https:\/\/www.oniria.fr\/ca\/#website","url":"https:\/\/www.oniria.fr\/ca\/","name":"Aquarium Oniria","description":"Les m\u00e9tamorphoses de l&#039;eau","potentialAction":[{"@type":"SearchAction","target":{"@type":"EntryPoint","urlTemplate":"https:\/\/www.oniria.fr\/ca\/?s={search_term_string}"},"query-input":{"@type":"PropertyValueSpecification","valueRequired":true,"valueName":"search_term_string"}}],"inLanguage":"ca"}]}},"_links":{"self":[{"href":"https:\/\/www.oniria.fr\/ca\/wp-json\/wp\/v2\/pages\/95326","targetHints":{"allow":["GET"]}}],"collection":[{"href":"https:\/\/www.oniria.fr\/ca\/wp-json\/wp\/v2\/pages"}],"about":[{"href":"https:\/\/www.oniria.fr\/ca\/wp-json\/wp\/v2\/types\/page"}],"author":[{"embeddable":true,"href":"https:\/\/www.oniria.fr\/ca\/wp-json\/wp\/v2\/users\/1"}],"replies":[{"embeddable":true,"href":"https:\/\/www.oniria.fr\/ca\/wp-json\/wp\/v2\/comments?post=95326"}],"version-history":[{"count":3,"href":"https:\/\/www.oniria.fr\/ca\/wp-json\/wp\/v2\/pages\/95326\/revisions"}],"predecessor-version":[{"id":96038,"href":"https:\/\/www.oniria.fr\/ca\/wp-json\/wp\/v2\/pages\/95326\/revisions\/96038"}],"up":[{"embeddable":true,"href":"https:\/\/www.oniria.fr\/ca\/wp-json\/wp\/v2\/pages\/95292"}],"wp:attachment":[{"href":"https:\/\/www.oniria.fr\/ca\/wp-json\/wp\/v2\/media?parent=95326"}],"curies":[{"name":"wp","href":"https:\/\/api.w.org\/{rel}","templated":true}]}}