{"id":95338,"date":"2024-10-08T15:14:35","date_gmt":"2024-10-08T15:14:35","guid":{"rendered":"https:\/\/www.oniria.fr\/els-universos\/"},"modified":"2024-10-08T15:14:43","modified_gmt":"2024-10-08T15:14:43","slug":"els-universos","status":"publish","type":"page","link":"https:\/\/www.oniria.fr\/ca\/els-universos\/","title":{"rendered":"Els universos"},"content":{"rendered":"<p>[et_pb_section fb_built=&#8221;1&#8243; theme_builder_area=&#8221;post_content&#8221; _builder_version=&#8221;4.22.2&#8243; _module_preset=&#8221;default&#8221;][\/et_pb_section]<\/p>\n","protected":false},"excerpt":{"rendered":"","protected":false},"author":1,"featured_media":0,"parent":0,"menu_order":0,"comment_status":"closed","ping_status":"closed","template":"","meta":{"_acf_changed":false,"_et_pb_use_builder":"on","_et_pb_old_content":"","_et_gb_content_width":"","footnotes":""},"class_list":["post-95338","page","type-page","status-publish","hentry"],"acf":[],"yoast_head":"<!-- This site is optimized with the Yoast SEO plugin v27.4 - https:\/\/yoast.com\/product\/yoast-seo-wordpress\/ -->\n<title>Explora els 10 universos de l&#039;Aquari Oniria<\/title>\n<meta name=\"description\" content=\"Oniria \u00e9s un aquari de nova generaci\u00f3 que us ofereix un viatge immersiu i sensorial, al cor del m\u00f3n de l&#039;aigua, als 10 universos del jaciment.\" \/>\n<meta name=\"robots\" content=\"index, follow, max-snippet:-1, max-image-preview:large, max-video-preview:-1\" \/>\n<link rel=\"canonical\" href=\"https:\/\/www.oniria.fr\/ca\/els-universos\/\" \/>\n<meta property=\"og:locale\" content=\"ca_ES\" \/>\n<meta property=\"og:type\" content=\"article\" \/>\n<meta property=\"og:title\" content=\"Explora els 10 universos de l&#039;Aquari Oniria\" \/>\n<meta property=\"og:description\" content=\"Oniria \u00e9s un aquari de nova generaci\u00f3 que us ofereix un viatge immersiu i sensorial, al cor del m\u00f3n de l&#039;aigua, als 10 universos del jaciment.\" \/>\n<meta property=\"og:site_name\" content=\"Aquarium Oniria\" \/>\n<meta property=\"article:modified_time\" content=\"2024-10-08T15:14:43+00:00\" \/>\n<meta name=\"twitter:card\" content=\"summary_large_image\" \/>\n<script type=\"application\/ld+json\" class=\"yoast-schema-graph\">{\"@context\":\"https:\\\/\\\/schema.org\",\"@graph\":[{\"@type\":\"WebPage\",\"@id\":\"https:\\\/\\\/www.oniria.fr\\\/ca\\\/els-universos\\\/\",\"url\":\"https:\\\/\\\/www.oniria.fr\\\/ca\\\/els-universos\\\/\",\"name\":\"Explora els 10 universos de l'Aquari Oniria\",\"isPartOf\":{\"@id\":\"https:\\\/\\\/www.oniria.fr\\\/ca\\\/#website\"},\"datePublished\":\"2024-10-08T15:14:35+00:00\",\"dateModified\":\"2024-10-08T15:14:43+00:00\",\"description\":\"Oniria \u00e9s un aquari de nova generaci\u00f3 que us ofereix un viatge immersiu i sensorial, al cor del m\u00f3n de l'aigua, als 10 universos del jaciment.\",\"breadcrumb\":{\"@id\":\"https:\\\/\\\/www.oniria.fr\\\/ca\\\/els-universos\\\/#breadcrumb\"},\"inLanguage\":\"ca\",\"potentialAction\":[{\"@type\":\"ReadAction\",\"target\":[\"https:\\\/\\\/www.oniria.fr\\\/ca\\\/els-universos\\\/\"]}]},{\"@type\":\"BreadcrumbList\",\"@id\":\"https:\\\/\\\/www.oniria.fr\\\/ca\\\/els-universos\\\/#breadcrumb\",\"itemListElement\":[{\"@type\":\"ListItem\",\"position\":1,\"name\":\"Inici\",\"item\":\"https:\\\/\\\/www.oniria.fr\\\/ca\\\/\"},{\"@type\":\"ListItem\",\"position\":2,\"name\":\"Els universos\"}]},{\"@type\":\"WebSite\",\"@id\":\"https:\\\/\\\/www.oniria.fr\\\/ca\\\/#website\",\"url\":\"https:\\\/\\\/www.oniria.fr\\\/ca\\\/\",\"name\":\"Aquarium Oniria\",\"description\":\"Les m\u00e9tamorphoses de l&#039;eau\",\"potentialAction\":[{\"@type\":\"SearchAction\",\"target\":{\"@type\":\"EntryPoint\",\"urlTemplate\":\"https:\\\/\\\/www.oniria.fr\\\/ca\\\/?s={search_term_string}\"},\"query-input\":{\"@type\":\"PropertyValueSpecification\",\"valueRequired\":true,\"valueName\":\"search_term_string\"}}],\"inLanguage\":\"ca\"}]}<\/script>\n<!-- \/ Yoast SEO plugin. -->","yoast_head_json":{"title":"Explora els 10 universos de l'Aquari Oniria","description":"Oniria \u00e9s un aquari de nova generaci\u00f3 que us ofereix un viatge immersiu i sensorial, al cor del m\u00f3n de l'aigua, als 10 universos del jaciment.","robots":{"index":"index","follow":"follow","max-snippet":"max-snippet:-1","max-image-preview":"max-image-preview:large","max-video-preview":"max-video-preview:-1"},"canonical":"https:\/\/www.oniria.fr\/ca\/els-universos\/","og_locale":"ca_ES","og_type":"article","og_title":"Explora els 10 universos de l'Aquari Oniria","og_description":"Oniria \u00e9s un aquari de nova generaci\u00f3 que us ofereix un viatge immersiu i sensorial, al cor del m\u00f3n de l'aigua, als 10 universos del jaciment.","og_site_name":"Aquarium Oniria","article_modified_time":"2024-10-08T15:14:43+00:00","twitter_card":"summary_large_image","schema":{"@context":"https:\/\/schema.org","@graph":[{"@type":"WebPage","@id":"https:\/\/www.oniria.fr\/ca\/els-universos\/","url":"https:\/\/www.oniria.fr\/ca\/els-universos\/","name":"Explora els 10 universos de l'Aquari Oniria","isPartOf":{"@id":"https:\/\/www.oniria.fr\/ca\/#website"},"datePublished":"2024-10-08T15:14:35+00:00","dateModified":"2024-10-08T15:14:43+00:00","description":"Oniria \u00e9s un aquari de nova generaci\u00f3 que us ofereix un viatge immersiu i sensorial, al cor del m\u00f3n de l'aigua, als 10 universos del jaciment.","breadcrumb":{"@id":"https:\/\/www.oniria.fr\/ca\/els-universos\/#breadcrumb"},"inLanguage":"ca","potentialAction":[{"@type":"ReadAction","target":["https:\/\/www.oniria.fr\/ca\/els-universos\/"]}]},{"@type":"BreadcrumbList","@id":"https:\/\/www.oniria.fr\/ca\/els-universos\/#breadcrumb","itemListElement":[{"@type":"ListItem","position":1,"name":"Inici","item":"https:\/\/www.oniria.fr\/ca\/"},{"@type":"ListItem","position":2,"name":"Els universos"}]},{"@type":"WebSite","@id":"https:\/\/www.oniria.fr\/ca\/#website","url":"https:\/\/www.oniria.fr\/ca\/","name":"Aquarium Oniria","description":"Les m\u00e9tamorphoses de l&#039;eau","potentialAction":[{"@type":"SearchAction","target":{"@type":"EntryPoint","urlTemplate":"https:\/\/www.oniria.fr\/ca\/?s={search_term_string}"},"query-input":{"@type":"PropertyValueSpecification","valueRequired":true,"valueName":"search_term_string"}}],"inLanguage":"ca"}]}},"_links":{"self":[{"href":"https:\/\/www.oniria.fr\/ca\/wp-json\/wp\/v2\/pages\/95338","targetHints":{"allow":["GET"]}}],"collection":[{"href":"https:\/\/www.oniria.fr\/ca\/wp-json\/wp\/v2\/pages"}],"about":[{"href":"https:\/\/www.oniria.fr\/ca\/wp-json\/wp\/v2\/types\/page"}],"author":[{"embeddable":true,"href":"https:\/\/www.oniria.fr\/ca\/wp-json\/wp\/v2\/users\/1"}],"replies":[{"embeddable":true,"href":"https:\/\/www.oniria.fr\/ca\/wp-json\/wp\/v2\/comments?post=95338"}],"version-history":[{"count":3,"href":"https:\/\/www.oniria.fr\/ca\/wp-json\/wp\/v2\/pages\/95338\/revisions"}],"predecessor-version":[{"id":95341,"href":"https:\/\/www.oniria.fr\/ca\/wp-json\/wp\/v2\/pages\/95338\/revisions\/95341"}],"wp:attachment":[{"href":"https:\/\/www.oniria.fr\/ca\/wp-json\/wp\/v2\/media?parent=95338"}],"curies":[{"name":"wp","href":"https:\/\/api.w.org\/{rel}","templated":true}]}}