{"id":89124,"date":"2022-05-24T12:06:13","date_gmt":"2022-05-24T12:06:13","guid":{"rendered":"https:\/\/www.oniria.fr\/accueil\/"},"modified":"2024-02-19T15:02:54","modified_gmt":"2024-02-19T15:02:54","slug":"home","status":"publish","type":"page","link":"https:\/\/www.oniria.fr\/en\/","title":{"rendered":"Home"},"content":{"rendered":"","protected":false},"excerpt":{"rendered":"","protected":false},"author":1,"featured_media":86647,"parent":0,"menu_order":0,"comment_status":"closed","ping_status":"closed","template":"","meta":{"_acf_changed":false,"_et_pb_use_builder":"off","_et_pb_old_content":"","_et_gb_content_width":"","footnotes":""},"class_list":["post-89124","page","type-page","status-publish","has-post-thumbnail","hentry"],"acf":[],"yoast_head":"<!-- This site is optimized with the Yoast SEO plugin v27.6 - https:\/\/yoast.com\/product\/yoast-seo-wordpress\/ -->\n<title>Oniria, bien plus qu&#039;un Aquarium !<\/title>\n<meta name=\"description\" content=\"Suivez le p\u00e9riple d&#039;une goutte d&#039;eau pour d\u00e9couvrir \u00e0 l&#039;aquarium Oniria la vie aquatique sous toutes ses formes : une exp\u00e9rience unique !\" \/>\n<meta name=\"robots\" content=\"index, follow, max-snippet:-1, max-image-preview:large, max-video-preview:-1\" \/>\n<link rel=\"canonical\" href=\"https:\/\/www.oniria.fr\/en\/\" \/>\n<meta property=\"og:locale\" content=\"en_US\" \/>\n<meta property=\"og:type\" content=\"article\" \/>\n<meta property=\"og:title\" content=\"Oniria, bien plus qu&#039;un Aquarium !\" \/>\n<meta property=\"og:description\" content=\"Suivez le p\u00e9riple d&#039;une goutte d&#039;eau pour d\u00e9couvrir \u00e0 l&#039;aquarium Oniria la vie aquatique sous toutes ses formes : une exp\u00e9rience unique !\" \/>\n<meta property=\"og:site_name\" content=\"Aquarium Oniria\" \/>\n<meta property=\"article:modified_time\" content=\"2024-02-19T15:02:54+00:00\" \/>\n<meta property=\"og:image\" content=\"https:\/\/www.oniria.fr\/wp-content\/uploads\/2021\/04\/icone-logo-oniria.png\" \/>\n\t<meta property=\"og:image:width\" content=\"512\" \/>\n\t<meta property=\"og:image:height\" content=\"512\" \/>\n\t<meta property=\"og:image:type\" content=\"image\/png\" \/>\n<meta name=\"twitter:card\" content=\"summary_large_image\" \/>\n<meta name=\"twitter:label1\" content=\"Est. reading time\" \/>\n\t<meta name=\"twitter:data1\" content=\"1 minute\" \/>\n<script type=\"application\/ld+json\" class=\"yoast-schema-graph\">{\"@context\":\"https:\\\/\\\/schema.org\",\"@graph\":[{\"@type\":\"WebPage\",\"@id\":\"https:\\\/\\\/www.oniria.fr\\\/en\\\/\",\"url\":\"https:\\\/\\\/www.oniria.fr\\\/en\\\/\",\"name\":\"Oniria, bien plus qu'un Aquarium !\",\"isPartOf\":{\"@id\":\"https:\\\/\\\/www.oniria.fr\\\/en\\\/#website\"},\"primaryImageOfPage\":{\"@id\":\"https:\\\/\\\/www.oniria.fr\\\/en\\\/#primaryimage\"},\"image\":{\"@id\":\"https:\\\/\\\/www.oniria.fr\\\/en\\\/#primaryimage\"},\"thumbnailUrl\":\"https:\\\/\\\/www.oniria.fr\\\/wp-content\\\/uploads\\\/2021\\\/04\\\/icone-logo-oniria.png\",\"datePublished\":\"2022-05-24T12:06:13+00:00\",\"dateModified\":\"2024-02-19T15:02:54+00:00\",\"description\":\"Suivez le p\u00e9riple d'une goutte d'eau pour d\u00e9couvrir \u00e0 l'aquarium Oniria la vie aquatique sous toutes ses formes : une exp\u00e9rience unique !\",\"breadcrumb\":{\"@id\":\"https:\\\/\\\/www.oniria.fr\\\/en\\\/#breadcrumb\"},\"inLanguage\":\"en-US\",\"potentialAction\":[{\"@type\":\"ReadAction\",\"target\":[\"https:\\\/\\\/www.oniria.fr\\\/en\\\/\"]}]},{\"@type\":\"ImageObject\",\"inLanguage\":\"en-US\",\"@id\":\"https:\\\/\\\/www.oniria.fr\\\/en\\\/#primaryimage\",\"url\":\"https:\\\/\\\/www.oniria.fr\\\/wp-content\\\/uploads\\\/2021\\\/04\\\/icone-logo-oniria.png\",\"contentUrl\":\"https:\\\/\\\/www.oniria.fr\\\/wp-content\\\/uploads\\\/2021\\\/04\\\/icone-logo-oniria.png\",\"width\":512,\"height\":512,\"caption\":\"Logo Oniria, repr\u00e9sentant un poisson.\"},{\"@type\":\"BreadcrumbList\",\"@id\":\"https:\\\/\\\/www.oniria.fr\\\/en\\\/#breadcrumb\",\"itemListElement\":[{\"@type\":\"ListItem\",\"position\":1,\"name\":\"Home\",\"item\":\"https:\\\/\\\/www.oniria.fr\\\/en\\\/\"},{\"@type\":\"ListItem\",\"position\":2,\"name\":\"Home\"}]},{\"@type\":\"WebSite\",\"@id\":\"https:\\\/\\\/www.oniria.fr\\\/en\\\/#website\",\"url\":\"https:\\\/\\\/www.oniria.fr\\\/en\\\/\",\"name\":\"Aquarium Oniria\",\"description\":\"Les m\u00e9tamorphoses de l&#039;eau\",\"potentialAction\":[{\"@type\":\"SearchAction\",\"target\":{\"@type\":\"EntryPoint\",\"urlTemplate\":\"https:\\\/\\\/www.oniria.fr\\\/en\\\/?s={search_term_string}\"},\"query-input\":{\"@type\":\"PropertyValueSpecification\",\"valueRequired\":true,\"valueName\":\"search_term_string\"}}],\"inLanguage\":\"en-US\"}]}<\/script>\n<!-- \/ Yoast SEO plugin. -->","yoast_head_json":{"title":"Oniria, bien plus qu'un Aquarium !","description":"Suivez le p\u00e9riple d'une goutte d'eau pour d\u00e9couvrir \u00e0 l'aquarium Oniria la vie aquatique sous toutes ses formes : une exp\u00e9rience unique !","robots":{"index":"index","follow":"follow","max-snippet":"max-snippet:-1","max-image-preview":"max-image-preview:large","max-video-preview":"max-video-preview:-1"},"canonical":"https:\/\/www.oniria.fr\/en\/","og_locale":"en_US","og_type":"article","og_title":"Oniria, bien plus qu'un Aquarium !","og_description":"Suivez le p\u00e9riple d'une goutte d'eau pour d\u00e9couvrir \u00e0 l'aquarium Oniria la vie aquatique sous toutes ses formes : une exp\u00e9rience unique !","og_site_name":"Aquarium Oniria","article_modified_time":"2024-02-19T15:02:54+00:00","og_image":[{"width":512,"height":512,"url":"https:\/\/www.oniria.fr\/wp-content\/uploads\/2021\/04\/icone-logo-oniria.png","type":"image\/png"}],"twitter_card":"summary_large_image","twitter_misc":{"Est. reading time":"1 minute"},"schema":{"@context":"https:\/\/schema.org","@graph":[{"@type":"WebPage","@id":"https:\/\/www.oniria.fr\/en\/","url":"https:\/\/www.oniria.fr\/en\/","name":"Oniria, bien plus qu'un Aquarium !","isPartOf":{"@id":"https:\/\/www.oniria.fr\/en\/#website"},"primaryImageOfPage":{"@id":"https:\/\/www.oniria.fr\/en\/#primaryimage"},"image":{"@id":"https:\/\/www.oniria.fr\/en\/#primaryimage"},"thumbnailUrl":"https:\/\/www.oniria.fr\/wp-content\/uploads\/2021\/04\/icone-logo-oniria.png","datePublished":"2022-05-24T12:06:13+00:00","dateModified":"2024-02-19T15:02:54+00:00","description":"Suivez le p\u00e9riple d'une goutte d'eau pour d\u00e9couvrir \u00e0 l'aquarium Oniria la vie aquatique sous toutes ses formes : une exp\u00e9rience unique !","breadcrumb":{"@id":"https:\/\/www.oniria.fr\/en\/#breadcrumb"},"inLanguage":"en-US","potentialAction":[{"@type":"ReadAction","target":["https:\/\/www.oniria.fr\/en\/"]}]},{"@type":"ImageObject","inLanguage":"en-US","@id":"https:\/\/www.oniria.fr\/en\/#primaryimage","url":"https:\/\/www.oniria.fr\/wp-content\/uploads\/2021\/04\/icone-logo-oniria.png","contentUrl":"https:\/\/www.oniria.fr\/wp-content\/uploads\/2021\/04\/icone-logo-oniria.png","width":512,"height":512,"caption":"Logo Oniria, repr\u00e9sentant un poisson."},{"@type":"BreadcrumbList","@id":"https:\/\/www.oniria.fr\/en\/#breadcrumb","itemListElement":[{"@type":"ListItem","position":1,"name":"Home","item":"https:\/\/www.oniria.fr\/en\/"},{"@type":"ListItem","position":2,"name":"Home"}]},{"@type":"WebSite","@id":"https:\/\/www.oniria.fr\/en\/#website","url":"https:\/\/www.oniria.fr\/en\/","name":"Aquarium Oniria","description":"Les m\u00e9tamorphoses de l&#039;eau","potentialAction":[{"@type":"SearchAction","target":{"@type":"EntryPoint","urlTemplate":"https:\/\/www.oniria.fr\/en\/?s={search_term_string}"},"query-input":{"@type":"PropertyValueSpecification","valueRequired":true,"valueName":"search_term_string"}}],"inLanguage":"en-US"}]}},"_links":{"self":[{"href":"https:\/\/www.oniria.fr\/en\/wp-json\/wp\/v2\/pages\/89124","targetHints":{"allow":["GET"]}}],"collection":[{"href":"https:\/\/www.oniria.fr\/en\/wp-json\/wp\/v2\/pages"}],"about":[{"href":"https:\/\/www.oniria.fr\/en\/wp-json\/wp\/v2\/types\/page"}],"author":[{"embeddable":true,"href":"https:\/\/www.oniria.fr\/en\/wp-json\/wp\/v2\/users\/1"}],"replies":[{"embeddable":true,"href":"https:\/\/www.oniria.fr\/en\/wp-json\/wp\/v2\/comments?post=89124"}],"version-history":[{"count":0,"href":"https:\/\/www.oniria.fr\/en\/wp-json\/wp\/v2\/pages\/89124\/revisions"}],"wp:featuredmedia":[{"embeddable":true,"href":"https:\/\/www.oniria.fr\/en\/wp-json\/wp\/v2\/media\/86647"}],"wp:attachment":[{"href":"https:\/\/www.oniria.fr\/en\/wp-json\/wp\/v2\/media?parent=89124"}],"curies":[{"name":"wp","href":"https:\/\/api.w.org\/{rel}","templated":true}]}}