{"id":89176,"date":"2019-11-26T10:01:04","date_gmt":"2019-11-26T10:01:04","guid":{"rendered":"https:\/\/www.oniria.fr\/activites\/a-voir-a-faire\/"},"modified":"2025-10-08T10:17:10","modified_gmt":"2025-10-08T10:17:10","slug":"things-to-see-and-do","status":"publish","type":"page","link":"https:\/\/www.oniria.fr\/en\/activites\/things-to-see-and-do\/","title":{"rendered":"Things to see and do"},"content":{"rendered":"","protected":false},"excerpt":{"rendered":"","protected":false},"author":1,"featured_media":0,"parent":89172,"menu_order":0,"comment_status":"closed","ping_status":"closed","template":"","meta":{"_acf_changed":false,"_et_pb_use_builder":"off","_et_pb_old_content":"","_et_gb_content_width":"","footnotes":""},"class_list":["post-89176","page","type-page","status-publish","hentry"],"acf":[],"yoast_head":"<!-- This site is optimized with the Yoast SEO plugin v27.3 - https:\/\/yoast.com\/product\/yoast-seo-wordpress\/ -->\n<title>Canet-en-Roussillon : Que voir, Que faire ? - Aquarium Oniria<\/title>\n<meta name=\"description\" content=\"Quoi faire \u00e0 Canet-en-Roussillon ? D\u00e9couvrez les Sites touristiques \u00e0 voir\u200b, des Activit\u00e9s originales et les Sorties \u00e0 faire.\" \/>\n<meta name=\"robots\" content=\"index, follow, max-snippet:-1, max-image-preview:large, max-video-preview:-1\" \/>\n<link rel=\"canonical\" href=\"https:\/\/www.oniria.fr\/en\/activites\/things-to-see-and-do\/\" \/>\n<meta property=\"og:locale\" content=\"en_US\" \/>\n<meta property=\"og:type\" content=\"article\" \/>\n<meta property=\"og:title\" content=\"Canet-en-Roussillon : Que voir, Que faire ? - Aquarium Oniria\" \/>\n<meta property=\"og:description\" content=\"Quoi faire \u00e0 Canet-en-Roussillon ? D\u00e9couvrez les Sites touristiques \u00e0 voir\u200b, des Activit\u00e9s originales et les Sorties \u00e0 faire.\" \/>\n<meta property=\"og:site_name\" content=\"Aquarium Oniria\" \/>\n<meta property=\"article:modified_time\" content=\"2025-10-08T10:17:10+00:00\" \/>\n<meta name=\"twitter:card\" content=\"summary_large_image\" \/>\n<script type=\"application\/ld+json\" class=\"yoast-schema-graph\">{\"@context\":\"https:\\\/\\\/schema.org\",\"@graph\":[{\"@type\":\"WebPage\",\"@id\":\"https:\\\/\\\/www.oniria.fr\\\/en\\\/activites\\\/things-to-see-and-do\\\/\",\"url\":\"https:\\\/\\\/www.oniria.fr\\\/en\\\/activites\\\/things-to-see-and-do\\\/\",\"name\":\"Canet-en-Roussillon : Que voir, Que faire ? - Aquarium Oniria\",\"isPartOf\":{\"@id\":\"https:\\\/\\\/www.oniria.fr\\\/en\\\/#website\"},\"datePublished\":\"2019-11-26T10:01:04+00:00\",\"dateModified\":\"2025-10-08T10:17:10+00:00\",\"description\":\"Quoi faire \u00e0 Canet-en-Roussillon ? D\u00e9couvrez les Sites touristiques \u00e0 voir\u200b, des Activit\u00e9s originales et les Sorties \u00e0 faire.\",\"breadcrumb\":{\"@id\":\"https:\\\/\\\/www.oniria.fr\\\/en\\\/activites\\\/things-to-see-and-do\\\/#breadcrumb\"},\"inLanguage\":\"en-US\",\"potentialAction\":[{\"@type\":\"ReadAction\",\"target\":[\"https:\\\/\\\/www.oniria.fr\\\/en\\\/activites\\\/things-to-see-and-do\\\/\"]}]},{\"@type\":\"BreadcrumbList\",\"@id\":\"https:\\\/\\\/www.oniria.fr\\\/en\\\/activites\\\/things-to-see-and-do\\\/#breadcrumb\",\"itemListElement\":[{\"@type\":\"ListItem\",\"position\":1,\"name\":\"Home\",\"item\":\"https:\\\/\\\/www.oniria.fr\\\/en\\\/\"},{\"@type\":\"ListItem\",\"position\":2,\"name\":\"Activities\",\"item\":\"https:\\\/\\\/www.oniria.fr\\\/en\\\/activites\\\/\"},{\"@type\":\"ListItem\",\"position\":3,\"name\":\"Things to see and do\"}]},{\"@type\":\"WebSite\",\"@id\":\"https:\\\/\\\/www.oniria.fr\\\/en\\\/#website\",\"url\":\"https:\\\/\\\/www.oniria.fr\\\/en\\\/\",\"name\":\"Aquarium Oniria\",\"description\":\"Les m\u00e9tamorphoses de l&#039;eau\",\"potentialAction\":[{\"@type\":\"SearchAction\",\"target\":{\"@type\":\"EntryPoint\",\"urlTemplate\":\"https:\\\/\\\/www.oniria.fr\\\/en\\\/?s={search_term_string}\"},\"query-input\":{\"@type\":\"PropertyValueSpecification\",\"valueRequired\":true,\"valueName\":\"search_term_string\"}}],\"inLanguage\":\"en-US\"}]}<\/script>\n<!-- \/ Yoast SEO plugin. -->","yoast_head_json":{"title":"Canet-en-Roussillon : Que voir, Que faire ? - Aquarium Oniria","description":"Quoi faire \u00e0 Canet-en-Roussillon ? D\u00e9couvrez les Sites touristiques \u00e0 voir\u200b, des Activit\u00e9s originales et les Sorties \u00e0 faire.","robots":{"index":"index","follow":"follow","max-snippet":"max-snippet:-1","max-image-preview":"max-image-preview:large","max-video-preview":"max-video-preview:-1"},"canonical":"https:\/\/www.oniria.fr\/en\/activites\/things-to-see-and-do\/","og_locale":"en_US","og_type":"article","og_title":"Canet-en-Roussillon : Que voir, Que faire ? - Aquarium Oniria","og_description":"Quoi faire \u00e0 Canet-en-Roussillon ? D\u00e9couvrez les Sites touristiques \u00e0 voir\u200b, des Activit\u00e9s originales et les Sorties \u00e0 faire.","og_site_name":"Aquarium Oniria","article_modified_time":"2025-10-08T10:17:10+00:00","twitter_card":"summary_large_image","schema":{"@context":"https:\/\/schema.org","@graph":[{"@type":"WebPage","@id":"https:\/\/www.oniria.fr\/en\/activites\/things-to-see-and-do\/","url":"https:\/\/www.oniria.fr\/en\/activites\/things-to-see-and-do\/","name":"Canet-en-Roussillon : Que voir, Que faire ? - Aquarium Oniria","isPartOf":{"@id":"https:\/\/www.oniria.fr\/en\/#website"},"datePublished":"2019-11-26T10:01:04+00:00","dateModified":"2025-10-08T10:17:10+00:00","description":"Quoi faire \u00e0 Canet-en-Roussillon ? D\u00e9couvrez les Sites touristiques \u00e0 voir\u200b, des Activit\u00e9s originales et les Sorties \u00e0 faire.","breadcrumb":{"@id":"https:\/\/www.oniria.fr\/en\/activites\/things-to-see-and-do\/#breadcrumb"},"inLanguage":"en-US","potentialAction":[{"@type":"ReadAction","target":["https:\/\/www.oniria.fr\/en\/activites\/things-to-see-and-do\/"]}]},{"@type":"BreadcrumbList","@id":"https:\/\/www.oniria.fr\/en\/activites\/things-to-see-and-do\/#breadcrumb","itemListElement":[{"@type":"ListItem","position":1,"name":"Home","item":"https:\/\/www.oniria.fr\/en\/"},{"@type":"ListItem","position":2,"name":"Activities","item":"https:\/\/www.oniria.fr\/en\/activites\/"},{"@type":"ListItem","position":3,"name":"Things to see and do"}]},{"@type":"WebSite","@id":"https:\/\/www.oniria.fr\/en\/#website","url":"https:\/\/www.oniria.fr\/en\/","name":"Aquarium Oniria","description":"Les m\u00e9tamorphoses de l&#039;eau","potentialAction":[{"@type":"SearchAction","target":{"@type":"EntryPoint","urlTemplate":"https:\/\/www.oniria.fr\/en\/?s={search_term_string}"},"query-input":{"@type":"PropertyValueSpecification","valueRequired":true,"valueName":"search_term_string"}}],"inLanguage":"en-US"}]}},"_links":{"self":[{"href":"https:\/\/www.oniria.fr\/en\/wp-json\/wp\/v2\/pages\/89176","targetHints":{"allow":["GET"]}}],"collection":[{"href":"https:\/\/www.oniria.fr\/en\/wp-json\/wp\/v2\/pages"}],"about":[{"href":"https:\/\/www.oniria.fr\/en\/wp-json\/wp\/v2\/types\/page"}],"author":[{"embeddable":true,"href":"https:\/\/www.oniria.fr\/en\/wp-json\/wp\/v2\/users\/1"}],"replies":[{"embeddable":true,"href":"https:\/\/www.oniria.fr\/en\/wp-json\/wp\/v2\/comments?post=89176"}],"version-history":[{"count":2,"href":"https:\/\/www.oniria.fr\/en\/wp-json\/wp\/v2\/pages\/89176\/revisions"}],"predecessor-version":[{"id":96517,"href":"https:\/\/www.oniria.fr\/en\/wp-json\/wp\/v2\/pages\/89176\/revisions\/96517"}],"up":[{"embeddable":true,"href":"https:\/\/www.oniria.fr\/en\/wp-json\/wp\/v2\/pages\/89172"}],"wp:attachment":[{"href":"https:\/\/www.oniria.fr\/en\/wp-json\/wp\/v2\/media?parent=89176"}],"curies":[{"name":"wp","href":"https:\/\/api.w.org\/{rel}","templated":true}]}}