{"id":89195,"date":"2020-03-12T14:37:33","date_gmt":"2020-03-12T14:37:33","guid":{"rendered":"https:\/\/www.oniria.fr\/cgv\/"},"modified":"2025-11-26T10:31:26","modified_gmt":"2025-11-26T10:31:26","slug":"tc","status":"publish","type":"page","link":"https:\/\/www.oniria.fr\/en\/tc\/","title":{"rendered":"T&#038;C"},"content":{"rendered":"<h2 style=\"text-align: center;\"><span style=\"vertical-align: inherit;\"><span style=\"vertical-align: inherit;\">Online Ticket Office<\/span><\/span><\/h2>\n<p><strong>1 &#8211; General Terms<\/strong><br \/>\na) The T&amp;C described below apply to every online purchase of one or more tickets to the aquarium, purchased by the buyer via the ONIRIA online ticket office. You can view our T&amp;C online, here https:\/\/www.oniria.fr\/preparez-votre-visite\/billetterie\/.<br \/>\nb) The buyer acknowledges that they have read and understood this contract, that they are legally adults, and that they are not under guardianship or curatorship.<br \/>\nc) By confirming your order, you, as the buyer, provide your clear and absolute consent to the full range of clauses and conditions contained in these T&amp;C. Accordingly, the buyer acknowledges that they are fully aware of the T&amp;C, which take precedence over any other document.<br \/>\nd) ONIRIA reserves the right to modify the T&amp;C at any time, and to apply the new T&amp;C to all purchases made after the date of modification.<\/p>\n<p><strong>2 &#8211; Pricing\u2009\u2013\u2009ticket numbers and information<\/strong><br \/>\na) Ticket prices are stated in Euros and including VAT. The VAT applicable on the day of purchase is included in the price. All purchases must be made in Euros, irrespective of the buyer\u2019s location.<br \/>\nb) ONIRIA reserves the right to change its prices at any time. Tickets will be sold at the price as shown at the time the order was placed, subject to availability.<br \/>\nc) The only ticket varieties sold are individual, adult, child (aged 3\u201310) and ticket packs. All special pricing (large families, students, persons with disabilities, etc.) are available only from the ONIRIA ticket office (conditions apply).<br \/>\nd) Only one promo coupon or discount can be applied at checkout when purchasing tickets online.<\/p>\n<p><strong>3 &#8211; Order<\/strong><br \/>\nBuyers wishing to buy tickets online must:<br \/>\n\u2014Complete the online purchase order form<br \/>\n\u2014Provide all of the contact details requested\u2009\u2013\u2009Click on the \u2018I agree to all Terms &amp; Conditions\u2019 icon<br \/>\n\u2014Check the order before confirming<br \/>\n\u2014Make the payment using the methods provided<br \/>\nBefore confirming an order, you can identify and correct any errors by clicking on \u2018my account\u2019. This will take you back to the previous step. All of the information provided and the confirmation serve as proof of purchase. Confirmation will serve as consent and signature for the resulting transaction.<br \/>\nONIRIA will send you an order confirmation by email. Tickets provide easy access to the aquarium (no need to pay at a counter) within the ticket\u2019s expiry date.<\/p>\n<p>Tickets will be checked electronically upon entry, and proof of ID may be requested.<br \/>\na) To place an order, the buyer must provide their name and address and complete a form containing details of the services they require. Buyers must ensure that the information provided on the form is accurate (ticket type, postal address, email address, bank details, etc.). ONIRIA will not be held in any way responsible if tickets are not received due to the customer entering an incorrect email address. Orders will only be confirmed once the buyer has clicked on \u2018Pay by card\u2019 at the end of the order process. This final \u2018click\u2019 is valid as a handwritten signature in line with Article 1341 of the French Civil Code (hereafter, the \u2018acceptance click\u2019). Once the acceptance click had been made:<br \/>\nb) ONIRIA will release a given number of tickets, and reserves the right to increase or decrease their number at its discretion. The most tickets you can buy online as a private individual is 14.<br \/>\nc) Tickets remain the property of ONIRIA until the payment is completed. If the customer has not used the ticket by its expiry date, for reasons of their sole responsibility, the ticket becomes invalid and may not be used. All payments made by the buyer to ONIRIA remain paid to ONIRIA.<br \/>\nd) This means that no cancellations\/changes are possible, notwithstanding cases of force majeure (illness, death, war, unrest, insurrections, fires, earthquakes, storms, and floods), and subject to submitting proof (in case of death or illness) to contact@sillages.fr, or by mail to the following address: ONIRIA \u2013 SPL Sillages \u2013 Ecoute du Port \u2013 BP 210 \u2013 66141 Canet en Roussillon CEDEX. Transaction fees of \u20ac3 including VAT will be deducted from the refunded sum.<br \/>\ne) Purchased ONIRIA tickets can be printed out by the buyer using their own equipment, or used electronically as a QR code\/barcode on their smartphone or tablet.<\/p>\n<p><strong>4 &#8211; Payment<\/strong><br \/>\nPayment is taken as soon as the order is confirmed. Payment is separate to the printing of tickets. Once payment has been made, ONIRIA will send the buyer a confirmation email. Confirmation of the order via the card number and expiry date represents an order to pay the value of the order including VAT. Credit or debit card data is not retained once the order has been processed.<br \/>\na) Payment by credit or debit cart enables buyers to immediately order tickets online, for peace of mind. All orders must be paid in full. No deferred payment options are available. The only payment method accepted for orders placed according to these T&amp;C is credit or debit card (only Carte Bleue, Visa, Eurocard\/Mastercard are accepted).<br \/>\nb) Purchases cannot be changed or cancelled.<br \/>\nc) For the security of bank card owners, ONIRIA reserves the right to suspend the order process if the card payment is declined. ONIRIA reserves the right to void tickets acquired by buyers involved in a payment dispute for an earlier purchase.<br \/>\nd) Buyers can retain proof of purchase by keeping and\/or printing the order confirmation page or confirmation email sent by ONIRIA.<br \/>\ne) Online orders are stored on ONIRIA\u2019s computer systems in adequate security conditions, and will be considered as proof of communication and payments negotiated between parties.<\/p>\n<p><strong>5 &#8211; Secure payment and personal data<\/strong><br \/>\na) The ONIRIA website uses a security system. It uses Secure Socket Layer (SSL), one of the most effective online security systems. Data pertaining to the order and the buyer are immediately encrypted and are never shared with the https:\/\/billetterie.oniria.fr\/ website, for total payment security.<br \/>\nb) For its payment system, ONIRIA uses PAYZEN, a service provider specialising in secure online payments. ONIRIA guarantees confidentiality of all buyer payment information, thanks to the SSL protocol that constantly monitors access rights for credit or debit card payments, and encrypts all transactions in order to guarantee confidentiality.<br \/>\nc) Personal data<br \/>\n\u2014The buyer\u2019s personal data instructs ONIRIA to complete the transaction. Furthermore, when saved, this information enables buyers to process future transactions more quickly by creating an account.<br \/>\n\u2014Information and data about the buyer that is saved by the buyer when buying tickets online are subjected to automated processing that has been approved by French law. This information and data are stored in the customer\u2019s personal account. The ONIRIA Sales Team may use them if necessary, to facilitate future bookings made by the buyer via the ONIRIA website. Customer personal data and information will only be used for marketing purposes by ONIRIA and\/or its partners with the customer\u2019s explicit consent.<br \/>\n\u2014According to Article 34 of French Data Protection Law, buyers have the right to access, rectify, modify, or contest any information held about them. Customers have the right to be added to the list of people who do not want to receive marketing calls. For all other requests, customers should contact Customer Services by recorded delivery, using the address provided in point 10, and stating their full name, address and, if possible, their customer reference. The letter must be signed and accompanied by a copy of a piece of ID bearing the customer\u2019s signature.<br \/>\n\u2014Purchase orders and invoices are saved in a reliable and locked format, so that they represent a faithful copy of the original, in line with article 1348 of the French Civil Code.<br \/>\nd) Request for buyer identity. ONIRIA may contact the buyer by email or phone to request further information about their identity (ID card, passport, driving licence, etc.) and the identity of the cardholder of the card used to make the payment, depending on the value of the order and the existence of the buyer\u2019s address.<\/p>\n<p><strong>6 &#8211; Cancellation and refunds<\/strong><br \/>\nONIRIA will not issue refunds for any visits that could not be made due to cases of force majeure (and especially due to disruption to transport, strikes, severe weather conditions, etc.). It is the customer\u2019s responsibility to check that ONIRIA is open to the public on the day of their visit.<\/p>\n<p><strong>7 &#8211; Printed tickets<\/strong><br \/>\nThe purchase of online tickets is governed by these T&amp;C, as well as the following special conditions: Each coded ticket features a barcode that grants access to the aquarium for a single visitor. If a valid ticket is lost, stolen or copied, only the person with the ticket in their possession may enter the aquarium. The buyer remains responsible for how their tickets are used. Proof of ID may be requested upon entry. When the buyer receives their ticket by email, it is their responsibility to check that it bears the right name, expiry date, and price.<br \/>\na) Conditions for the validity of printed tickets:<br \/>\n\u2014The ticket is valid if it is printed on white A4 paper, blank on both sides, with no adjustments to the size of the print-out, and printed in portrait (vertical) with an inkjet or laser printer.<br \/>\n\u2014Tickets must possess good print quality. Partially printed, dirty, damaged, or illegible tickets will not be accepted, and will be deemed invalid. In case of poor print quality, the buyer must print their coded ticket again until sufficient print quality is achieved. Buyers can view their tickets via the \u2018My Orders\u2019 section of their customer account, and then print out a new ticket by clicking on \u2018print tickets\u2019. This means that before placing an order, the buyer must ensure that they have the hardware and software that is required to print the ticket and invoice (computer with internet connection, Adobe Acrobat Reader, and a printer). ONIRIA will not be held responsible if buyers cannot print their tickets due to not owning the software and hardware described above. If a buyer has not been able to print their ticket(s) before their arrival at ONIRIA, the ticket holder may: show the ticket on their smartphone or tablet (see articles 7b and 7c); show proof of identity, order number, and reservation date; or contact the third party from whom they purchased the ticket.<br \/>\na) Ticket use and validity \u2014Tickets cannot be exchanged or refunded, and provide access for ONE visit to ONIRIA for ONE person. The expiry date is printed on the ticket. The ticket must be used by the expiry date shown on the ticket. Beyond that date, the ticket is no longer valid. The ticket is nominative and cannot be transferred to a third party without ONIRIA\u2019s prior written consent. When your tickets are checked upon entry, you may be asked to provide a valid piece of photo ID to prove you are the ticketholder (ID card, passport, driving licence, or visa\/work permit).<br \/>\n\u2014This coded ticket is valid only for ONIRIA, for use on the date and time stated on the ticket.<br \/>\n\u2014Buyers must keep their ticket with them at all times during their visit to ONIRIA.<br \/>\n\u2014If your ticket is lost or stolen, ONIRIA will not be held responsible for any fraudulent use of the ticket, and no refund or exchange will be provided.<br \/>\n\u2014If ONIRIA discovers a forged or fraudulently acquired ticket, ONIRIA reserves the right to decline the ticketholder\u2019s access to the aquarium without any compensation to the buyer.<\/p>\n<p><strong>7 (b) Digital tickets<\/strong><br \/>\na) Digital ticket use and validity:<br \/>\n\u2014Digital tickets are valid only when shown on a smartphone or tablet, with the QR code\/barcode visible, as well as the ticket type, date of purchase, and expiry date.<br \/>\n\u2014A QR code\/barcode is valid for one ticket for one person. The smartphone\/tablet screen must enable the code to be scanned using the portable scanner. Partially visible or illegible codes will not be accepted, and will be deemed invalid. In case of poor display quality (dirty, broken screen, etc.), the buyer must show their QR code\/barcode again in an effort to obtain better visual quality. If the buyer cannot show their QR code\/barcode (if their device has run out of battery, for example), they may print out their ticket (see section 7) or ask for the ticket to be printed out at the ONIRIA counter after providing proof of ID, order number, and booking date. The buyer can also contact the organisation that sold them their ticket. This means that before placing an order, the buyer must ensure that they have the hardware and software that is required to show the QR code\/barcode. ONIRIA will not be held responsible if the QR code\/barcode cannot be read due to failing to meet the software and hardware requirements described above.<\/p>\n<p><strong>7 (c) Failure to present ticket<\/strong><br \/>\nIf the buyer fails to print out their ticket before visiting ONIRIA, or cannot be shown on a tablet or smartphone, the ticketholder will no longer enjoy their queue jumper benefits and will have to wait to be served. The buyer may ask the ONIRIA ticket office to print out their ticket for an extra fee of \u20ac0.80, upon presentation of written confirmation (email) and proof of ID (ID card\/passport\/payment card of the person who purchased the tickets), plus booking reference and date. The buyer may also contact the organisation that sold them the tickets. It is prohibited to change or copy ONIRIA tickets.<\/p>\n<p><strong>8 &#8211; Right of withdrawal<\/strong><br \/>\nAs according to article L121-21-8 of the French Consumer Code, purchased tickets have no right of withdrawal. The tickets cannot be returned, exchanged, or cancelled.<\/p>\n<p><strong>9. Obligations and responsibilities<\/strong><br \/>\na) For every stage of accessing the website, ONIRIA has only the duty of due care. ONIRIA will not be held liable for any issues or damages encountered while using the website, such as interrupted service, hacking, computer viruses, or force majeure of any nature, in line with current laws.<br \/>\nb) Buyers undertake to adhere to the ONIRIA rules and regulations displayed on access to the facility. In particular, buyers undertake to adhere to the following rules:<br \/>\n\u2014Once you leave ONIRIA, you will not be able to come back inside using the same ticket<br \/>\n\u2014Pets are not allowed inside ONIRIA<br \/>\n\u2014No flash photography<br \/>\n\u2014No smoking on ONIRIA premises<br \/>\nc) ONIRIA will not be held liable for any damages and\/or personal\/material harm arising from a failure to follow ONIRIA\u2019s rules.<br \/>\nd) ONIRIA cannot in any way be held responsible for lost or stolen tickets.<br \/>\ne) If one of the clauses in this contract is rendered null and void following a change to legislation, regulations, or a court decision, it will not have any impact in the validity of nor adherence to these terms and conditions.<\/p>\n<p><strong>10. Applicable law, complaints, and disputes<\/strong><br \/>\nThese T&amp;C are governed by French law. All complaints regarding the ticket reservation process may result in conventional mediation between the buyer and ONIRIA\u2009\u2013\u2009ONIRIA is a member of M\u00e9diation Tourisme et Voyages (www.mtv.travel)\u2009\u2013\u2009or submitted to the competent courts under common law.<br \/>\nAll complaints must be submitted in writing to: ONIRIA \u2013 SPL Sillages \u2013 Ecoute du Port \u2013 BP 201 \u2013 66141 Canet en Roussillon CEDEX.<\/p>\n<p><strong>11. Customer services<\/strong><br \/>\nIf you encounter any problems with your order, or if you have any questions, you can contact us at: Email: contact@oniria.fr<br \/>\nTel: +33 (0)4 48 22 66 22<\/p>\n<p><strong>12. Intellectual property<\/strong><br \/>\nEvery component of the online ticket sales website, whether visual or audio, and including the underlying technology, are protected by copyright, trademarks, and\/or patents. These are the exclusive property of ONIRIA. Any users who place a link to the homepage of the ONIRIA online ticket website on their own website, for their own personal use, must obtain prior consent from ONIRIA.<\/p>\n<p><strong>13. Duration<\/strong><br \/>\nThese terms and conditions apply for as long as the services presented by ONIRIA remain online.<\/p>\n","protected":false},"excerpt":{"rendered":"<p>Online Ticket Office 1 &#8211; General Terms a) The T&amp;C described below apply to every online purchase of one or more tickets to the aquarium, purchased by the buyer via the ONIRIA online ticket office. You can view our T&amp;C online, here https:\/\/www.oniria.fr\/preparez-votre-visite\/billetterie\/. b) The buyer acknowledges that they have read and understood this contract, [&hellip;]<\/p>\n","protected":false},"author":1,"featured_media":0,"parent":0,"menu_order":0,"comment_status":"closed","ping_status":"closed","template":"","meta":{"_acf_changed":false,"_et_pb_use_builder":"off","_et_pb_old_content":"","_et_gb_content_width":"","footnotes":""},"class_list":["post-89195","page","type-page","status-publish","hentry"],"acf":[],"yoast_head":"<!-- This site is optimized with the Yoast SEO plugin v27.5 - https:\/\/yoast.com\/product\/yoast-seo-wordpress\/ -->\n<title>Conditions G\u00e9n\u00e9rales de Vente Billetterie - Aquarium Oniria<\/title>\n<meta name=\"description\" content=\"Retrouvez toutes les Conditions G\u00e9n\u00e9rales de Vente li\u00e9es \u00e0 notre billetterie de vente en ligne de tickets d&#039;entr\u00e9e sur notre site internet Oniria.\" \/>\n<meta name=\"robots\" content=\"index, follow, max-snippet:-1, max-image-preview:large, max-video-preview:-1\" \/>\n<link rel=\"canonical\" href=\"https:\/\/www.oniria.fr\/en\/tc\/\" \/>\n<meta property=\"og:locale\" content=\"en_US\" \/>\n<meta property=\"og:type\" content=\"article\" \/>\n<meta property=\"og:title\" content=\"Conditions G\u00e9n\u00e9rales de Vente Billetterie - Aquarium Oniria\" \/>\n<meta property=\"og:description\" content=\"Retrouvez toutes les Conditions G\u00e9n\u00e9rales de Vente li\u00e9es \u00e0 notre billetterie de vente en ligne de tickets d&#039;entr\u00e9e sur notre site internet Oniria.\" \/>\n<meta property=\"og:site_name\" content=\"Aquarium Oniria\" \/>\n<meta property=\"article:modified_time\" content=\"2025-11-26T10:31:26+00:00\" \/>\n<meta name=\"twitter:card\" content=\"summary_large_image\" \/>\n<meta name=\"twitter:label1\" content=\"Est. reading time\" \/>\n\t<meta name=\"twitter:data1\" content=\"14 minutes\" \/>\n<script type=\"application\/ld+json\" class=\"yoast-schema-graph\">{\"@context\":\"https:\\\/\\\/schema.org\",\"@graph\":[{\"@type\":\"WebPage\",\"@id\":\"https:\\\/\\\/www.oniria.fr\\\/en\\\/tc\\\/\",\"url\":\"https:\\\/\\\/www.oniria.fr\\\/en\\\/tc\\\/\",\"name\":\"Conditions G\u00e9n\u00e9rales de Vente Billetterie - Aquarium Oniria\",\"isPartOf\":{\"@id\":\"https:\\\/\\\/www.oniria.fr\\\/en\\\/#website\"},\"datePublished\":\"2020-03-12T14:37:33+00:00\",\"dateModified\":\"2025-11-26T10:31:26+00:00\",\"description\":\"Retrouvez toutes les Conditions G\u00e9n\u00e9rales de Vente li\u00e9es \u00e0 notre billetterie de vente en ligne de tickets d'entr\u00e9e sur notre site internet Oniria.\",\"breadcrumb\":{\"@id\":\"https:\\\/\\\/www.oniria.fr\\\/en\\\/tc\\\/#breadcrumb\"},\"inLanguage\":\"en-US\",\"potentialAction\":[{\"@type\":\"ReadAction\",\"target\":[\"https:\\\/\\\/www.oniria.fr\\\/en\\\/tc\\\/\"]}]},{\"@type\":\"BreadcrumbList\",\"@id\":\"https:\\\/\\\/www.oniria.fr\\\/en\\\/tc\\\/#breadcrumb\",\"itemListElement\":[{\"@type\":\"ListItem\",\"position\":1,\"name\":\"Home\",\"item\":\"https:\\\/\\\/www.oniria.fr\\\/en\\\/\"},{\"@type\":\"ListItem\",\"position\":2,\"name\":\"T&#038;C\"}]},{\"@type\":\"WebSite\",\"@id\":\"https:\\\/\\\/www.oniria.fr\\\/en\\\/#website\",\"url\":\"https:\\\/\\\/www.oniria.fr\\\/en\\\/\",\"name\":\"Aquarium Oniria\",\"description\":\"Les m\u00e9tamorphoses de l&#039;eau\",\"potentialAction\":[{\"@type\":\"SearchAction\",\"target\":{\"@type\":\"EntryPoint\",\"urlTemplate\":\"https:\\\/\\\/www.oniria.fr\\\/en\\\/?s={search_term_string}\"},\"query-input\":{\"@type\":\"PropertyValueSpecification\",\"valueRequired\":true,\"valueName\":\"search_term_string\"}}],\"inLanguage\":\"en-US\"}]}<\/script>\n<!-- \/ Yoast SEO plugin. -->","yoast_head_json":{"title":"Conditions G\u00e9n\u00e9rales de Vente Billetterie - Aquarium Oniria","description":"Retrouvez toutes les Conditions G\u00e9n\u00e9rales de Vente li\u00e9es \u00e0 notre billetterie de vente en ligne de tickets d'entr\u00e9e sur notre site internet Oniria.","robots":{"index":"index","follow":"follow","max-snippet":"max-snippet:-1","max-image-preview":"max-image-preview:large","max-video-preview":"max-video-preview:-1"},"canonical":"https:\/\/www.oniria.fr\/en\/tc\/","og_locale":"en_US","og_type":"article","og_title":"Conditions G\u00e9n\u00e9rales de Vente Billetterie - Aquarium Oniria","og_description":"Retrouvez toutes les Conditions G\u00e9n\u00e9rales de Vente li\u00e9es \u00e0 notre billetterie de vente en ligne de tickets d'entr\u00e9e sur notre site internet Oniria.","og_site_name":"Aquarium Oniria","article_modified_time":"2025-11-26T10:31:26+00:00","twitter_card":"summary_large_image","twitter_misc":{"Est. reading time":"14 minutes"},"schema":{"@context":"https:\/\/schema.org","@graph":[{"@type":"WebPage","@id":"https:\/\/www.oniria.fr\/en\/tc\/","url":"https:\/\/www.oniria.fr\/en\/tc\/","name":"Conditions G\u00e9n\u00e9rales de Vente Billetterie - Aquarium Oniria","isPartOf":{"@id":"https:\/\/www.oniria.fr\/en\/#website"},"datePublished":"2020-03-12T14:37:33+00:00","dateModified":"2025-11-26T10:31:26+00:00","description":"Retrouvez toutes les Conditions G\u00e9n\u00e9rales de Vente li\u00e9es \u00e0 notre billetterie de vente en ligne de tickets d'entr\u00e9e sur notre site internet Oniria.","breadcrumb":{"@id":"https:\/\/www.oniria.fr\/en\/tc\/#breadcrumb"},"inLanguage":"en-US","potentialAction":[{"@type":"ReadAction","target":["https:\/\/www.oniria.fr\/en\/tc\/"]}]},{"@type":"BreadcrumbList","@id":"https:\/\/www.oniria.fr\/en\/tc\/#breadcrumb","itemListElement":[{"@type":"ListItem","position":1,"name":"Home","item":"https:\/\/www.oniria.fr\/en\/"},{"@type":"ListItem","position":2,"name":"T&#038;C"}]},{"@type":"WebSite","@id":"https:\/\/www.oniria.fr\/en\/#website","url":"https:\/\/www.oniria.fr\/en\/","name":"Aquarium Oniria","description":"Les m\u00e9tamorphoses de l&#039;eau","potentialAction":[{"@type":"SearchAction","target":{"@type":"EntryPoint","urlTemplate":"https:\/\/www.oniria.fr\/en\/?s={search_term_string}"},"query-input":{"@type":"PropertyValueSpecification","valueRequired":true,"valueName":"search_term_string"}}],"inLanguage":"en-US"}]}},"_links":{"self":[{"href":"https:\/\/www.oniria.fr\/en\/wp-json\/wp\/v2\/pages\/89195","targetHints":{"allow":["GET"]}}],"collection":[{"href":"https:\/\/www.oniria.fr\/en\/wp-json\/wp\/v2\/pages"}],"about":[{"href":"https:\/\/www.oniria.fr\/en\/wp-json\/wp\/v2\/types\/page"}],"author":[{"embeddable":true,"href":"https:\/\/www.oniria.fr\/en\/wp-json\/wp\/v2\/users\/1"}],"replies":[{"embeddable":true,"href":"https:\/\/www.oniria.fr\/en\/wp-json\/wp\/v2\/comments?post=89195"}],"version-history":[{"count":1,"href":"https:\/\/www.oniria.fr\/en\/wp-json\/wp\/v2\/pages\/89195\/revisions"}],"predecessor-version":[{"id":96820,"href":"https:\/\/www.oniria.fr\/en\/wp-json\/wp\/v2\/pages\/89195\/revisions\/96820"}],"wp:attachment":[{"href":"https:\/\/www.oniria.fr\/en\/wp-json\/wp\/v2\/media?parent=89195"}],"curies":[{"name":"wp","href":"https:\/\/api.w.org\/{rel}","templated":true}]}}