{"id":89219,"date":"2019-11-26T10:03:00","date_gmt":"2019-11-26T10:03:00","guid":{"rendered":"https:\/\/www.oniria.fr\/les-missions-oniria\/preservation\/"},"modified":"2022-05-25T14:42:31","modified_gmt":"2022-05-25T14:42:31","slug":"preservation","status":"publish","type":"page","link":"https:\/\/www.oniria.fr\/en\/preservation\/","title":{"rendered":"CONSERVATION"},"content":{"rendered":"","protected":false},"excerpt":{"rendered":"","protected":false},"author":1,"featured_media":0,"parent":0,"menu_order":0,"comment_status":"closed","ping_status":"closed","template":"","meta":{"_acf_changed":false,"_et_pb_use_builder":"off","_et_pb_old_content":"","_et_gb_content_width":"","footnotes":""},"class_list":["post-89219","page","type-page","status-publish","hentry"],"acf":[],"yoast_head":"<!-- This site is optimized with the Yoast SEO plugin v27.5 - https:\/\/yoast.com\/product\/yoast-seo-wordpress\/ -->\n<title>Pr\u00e9servation et Bien-\u00eatre des esp\u00e8ces - Aquarium Oniria<\/title>\n<meta name=\"description\" content=\"L&#039;aquarium Oniria met tout en \u0153uvre pour assurer des conditions de vie optimales \u00e0 tous ses habitants, dans le respect du bien-\u00eatre de chaque esp\u00e8ce.\" \/>\n<meta name=\"robots\" content=\"index, follow, max-snippet:-1, max-image-preview:large, max-video-preview:-1\" \/>\n<link rel=\"canonical\" href=\"https:\/\/www.oniria.fr\/en\/preservation\/\" \/>\n<meta property=\"og:locale\" content=\"en_US\" \/>\n<meta property=\"og:type\" content=\"article\" \/>\n<meta property=\"og:title\" content=\"Pr\u00e9servation et Bien-\u00eatre des esp\u00e8ces - Aquarium Oniria\" \/>\n<meta property=\"og:description\" content=\"L&#039;aquarium Oniria met tout en \u0153uvre pour assurer des conditions de vie optimales \u00e0 tous ses habitants, dans le respect du bien-\u00eatre de chaque esp\u00e8ce.\" \/>\n<meta property=\"og:site_name\" content=\"Aquarium Oniria\" \/>\n<meta property=\"article:modified_time\" content=\"2022-05-25T14:42:31+00:00\" \/>\n<meta name=\"twitter:card\" content=\"summary_large_image\" \/>\n<script type=\"application\/ld+json\" class=\"yoast-schema-graph\">{\"@context\":\"https:\\\/\\\/schema.org\",\"@graph\":[{\"@type\":\"WebPage\",\"@id\":\"https:\\\/\\\/www.oniria.fr\\\/en\\\/preservation\\\/\",\"url\":\"https:\\\/\\\/www.oniria.fr\\\/en\\\/preservation\\\/\",\"name\":\"Pr\u00e9servation et Bien-\u00eatre des esp\u00e8ces - Aquarium Oniria\",\"isPartOf\":{\"@id\":\"https:\\\/\\\/www.oniria.fr\\\/en\\\/#website\"},\"datePublished\":\"2019-11-26T10:03:00+00:00\",\"dateModified\":\"2022-05-25T14:42:31+00:00\",\"description\":\"L'aquarium Oniria met tout en \u0153uvre pour assurer des conditions de vie optimales \u00e0 tous ses habitants, dans le respect du bien-\u00eatre de chaque esp\u00e8ce.\",\"breadcrumb\":{\"@id\":\"https:\\\/\\\/www.oniria.fr\\\/en\\\/preservation\\\/#breadcrumb\"},\"inLanguage\":\"en-US\",\"potentialAction\":[{\"@type\":\"ReadAction\",\"target\":[\"https:\\\/\\\/www.oniria.fr\\\/en\\\/preservation\\\/\"]}]},{\"@type\":\"BreadcrumbList\",\"@id\":\"https:\\\/\\\/www.oniria.fr\\\/en\\\/preservation\\\/#breadcrumb\",\"itemListElement\":[{\"@type\":\"ListItem\",\"position\":1,\"name\":\"Home\",\"item\":\"https:\\\/\\\/www.oniria.fr\\\/en\\\/\"},{\"@type\":\"ListItem\",\"position\":2,\"name\":\"CONSERVATION\"}]},{\"@type\":\"WebSite\",\"@id\":\"https:\\\/\\\/www.oniria.fr\\\/en\\\/#website\",\"url\":\"https:\\\/\\\/www.oniria.fr\\\/en\\\/\",\"name\":\"Aquarium Oniria\",\"description\":\"Les m\u00e9tamorphoses de l&#039;eau\",\"potentialAction\":[{\"@type\":\"SearchAction\",\"target\":{\"@type\":\"EntryPoint\",\"urlTemplate\":\"https:\\\/\\\/www.oniria.fr\\\/en\\\/?s={search_term_string}\"},\"query-input\":{\"@type\":\"PropertyValueSpecification\",\"valueRequired\":true,\"valueName\":\"search_term_string\"}}],\"inLanguage\":\"en-US\"}]}<\/script>\n<!-- \/ Yoast SEO plugin. -->","yoast_head_json":{"title":"Pr\u00e9servation et Bien-\u00eatre des esp\u00e8ces - Aquarium Oniria","description":"L'aquarium Oniria met tout en \u0153uvre pour assurer des conditions de vie optimales \u00e0 tous ses habitants, dans le respect du bien-\u00eatre de chaque esp\u00e8ce.","robots":{"index":"index","follow":"follow","max-snippet":"max-snippet:-1","max-image-preview":"max-image-preview:large","max-video-preview":"max-video-preview:-1"},"canonical":"https:\/\/www.oniria.fr\/en\/preservation\/","og_locale":"en_US","og_type":"article","og_title":"Pr\u00e9servation et Bien-\u00eatre des esp\u00e8ces - Aquarium Oniria","og_description":"L'aquarium Oniria met tout en \u0153uvre pour assurer des conditions de vie optimales \u00e0 tous ses habitants, dans le respect du bien-\u00eatre de chaque esp\u00e8ce.","og_site_name":"Aquarium Oniria","article_modified_time":"2022-05-25T14:42:31+00:00","twitter_card":"summary_large_image","schema":{"@context":"https:\/\/schema.org","@graph":[{"@type":"WebPage","@id":"https:\/\/www.oniria.fr\/en\/preservation\/","url":"https:\/\/www.oniria.fr\/en\/preservation\/","name":"Pr\u00e9servation et Bien-\u00eatre des esp\u00e8ces - Aquarium Oniria","isPartOf":{"@id":"https:\/\/www.oniria.fr\/en\/#website"},"datePublished":"2019-11-26T10:03:00+00:00","dateModified":"2022-05-25T14:42:31+00:00","description":"L'aquarium Oniria met tout en \u0153uvre pour assurer des conditions de vie optimales \u00e0 tous ses habitants, dans le respect du bien-\u00eatre de chaque esp\u00e8ce.","breadcrumb":{"@id":"https:\/\/www.oniria.fr\/en\/preservation\/#breadcrumb"},"inLanguage":"en-US","potentialAction":[{"@type":"ReadAction","target":["https:\/\/www.oniria.fr\/en\/preservation\/"]}]},{"@type":"BreadcrumbList","@id":"https:\/\/www.oniria.fr\/en\/preservation\/#breadcrumb","itemListElement":[{"@type":"ListItem","position":1,"name":"Home","item":"https:\/\/www.oniria.fr\/en\/"},{"@type":"ListItem","position":2,"name":"CONSERVATION"}]},{"@type":"WebSite","@id":"https:\/\/www.oniria.fr\/en\/#website","url":"https:\/\/www.oniria.fr\/en\/","name":"Aquarium Oniria","description":"Les m\u00e9tamorphoses de l&#039;eau","potentialAction":[{"@type":"SearchAction","target":{"@type":"EntryPoint","urlTemplate":"https:\/\/www.oniria.fr\/en\/?s={search_term_string}"},"query-input":{"@type":"PropertyValueSpecification","valueRequired":true,"valueName":"search_term_string"}}],"inLanguage":"en-US"}]}},"_links":{"self":[{"href":"https:\/\/www.oniria.fr\/en\/wp-json\/wp\/v2\/pages\/89219","targetHints":{"allow":["GET"]}}],"collection":[{"href":"https:\/\/www.oniria.fr\/en\/wp-json\/wp\/v2\/pages"}],"about":[{"href":"https:\/\/www.oniria.fr\/en\/wp-json\/wp\/v2\/types\/page"}],"author":[{"embeddable":true,"href":"https:\/\/www.oniria.fr\/en\/wp-json\/wp\/v2\/users\/1"}],"replies":[{"embeddable":true,"href":"https:\/\/www.oniria.fr\/en\/wp-json\/wp\/v2\/comments?post=89219"}],"version-history":[{"count":0,"href":"https:\/\/www.oniria.fr\/en\/wp-json\/wp\/v2\/pages\/89219\/revisions"}],"wp:attachment":[{"href":"https:\/\/www.oniria.fr\/en\/wp-json\/wp\/v2\/media?parent=89219"}],"curies":[{"name":"wp","href":"https:\/\/api.w.org\/{rel}","templated":true}]}}