{"id":89227,"date":"2019-11-26T10:04:52","date_gmt":"2019-11-26T10:04:52","guid":{"rendered":"https:\/\/www.oniria.fr\/mentions-legales\/"},"modified":"2025-11-26T10:21:40","modified_gmt":"2025-11-26T10:21:40","slug":"legal-information","status":"publish","type":"page","link":"https:\/\/www.oniria.fr\/en\/legal-information\/","title":{"rendered":"Legal information"},"content":{"rendered":"<p>By using this website, you agree to the terms of use mentioned below.<br \/>\nOniria reserves the right to launch legal proceedings if these terms of use are violated, notably in the case of non-compliance and unauthorised use of Oniria names and logos, as well as for any violation of rights linked to information, graphics, texts, videos, audio documents, photos, and images, and the entirety of the website\u2019s content more broadly.<\/p>\n<p><strong>Publisher<\/strong><br \/>\nAttrapTemps<br \/>\n70 av Alfred Kastler\u2009\u2013\u2009Perpignan<br \/>\n66100 Perpignan\u2009\u2013\u2009France<br \/>\nTelephone contact: +33 (0) 468 551 131<br \/>\nGraphic design: AttrapTemps<br \/>\nTechnical delivery: AttrapTemps<\/p>\n<p><strong>Hosting\u2009\u2013\u2009Security<\/strong><br \/>\nAttrapTemps SARL<br \/>\n70 av Alfred Kastler\u2009\u2013\u2009Perpignan<br \/>\n66100 Perpignan\u2009\u2013\u2009France<br \/>\nRCS 407 836 089 000 42<br \/>\nA company with a capital of \u20ac30,000<\/p>\n<p><strong>Publication director<\/strong><br \/>\nJessica Cobos<br \/>\nAquarium Oniria<br \/>\n2 boulevard de la Jet\u00e9e 66 140 Canet-en-Roussillon \u2013 France<br \/>\nTelephone contact: +33 (0)4 48 22 66 22<\/p>\n<p><strong>Copyright<\/strong><br \/>\nIn application of the French Intellectual Property Code, and more broadly the international treaties and agreements on copyright protection provisions, it is prohibited\u2009\u2013\u2009for any purposes beyond personal and educational use\u2009\u2013\u2009to reproduce, sell, share, or modify, in full or in part, and in any format, the website\u2019s data, presentation, or structure, as well as the copyright-protected content it contains, without prior written consent, with any requests sent to the webmaster\u2019s contact details.<\/p>\n<p><strong>Links<\/strong><br \/>\nManagers of online services who create links to this website must inform the webmaster. The website may contain links to other websites that are not constantly monitored. These links are deemed to be useful and can serve to enrich the information presented on this website. Oniria accepts no responsibility for these websites, notably with regard to the accuracy or reliability of the information, data, and opinions they contain.<\/p>\n<p><strong>Data protection<\/strong><br \/>\nWhen using the contact form, you will be asked to provide your personal information. The information you share will be used only by Oniria, and will never be shared with third parties. Any user that has directly or indirectly shared their nominative data may ask the administrator for a copy of their information, and amend it as necessary in line with French Data Protection Law. To exercise this right, please contact the webmaster. Please be aware that we cannot guarantee that any information shared via the internet will remain confidential.<\/p>\n<p>Data collected from visitors who have indicated their interest via the website may be contacted by email with the latest news and events, in support of the interest they have shown in Oniria and the cause that it stands for. Visitors can inform us that they no longer wish to be contacted by sending us a message via the \u2018Contact\u2019 page on the website.<\/p>\n<p><strong>Liability waiver<\/strong><br \/>\nOniria does all it can to ensure that the information featured on its website is reliable. However, Oniria cannot be held responsible in any way for errors, omissions, or consequences arising from the use of the information featured on the website. Oniria has only a duty of due care concerning the information presented on the website. Nor is Oniria responsible for any computer virus or other IT problem with malicious effects.<\/p>\n<p><strong>Cookies<\/strong><br \/>\nWhat\u2019s a cookie?<br \/>\nA cookie is a text file that the server of the website you are visiting stores on your hard drive. They collect information about how you are using the websites you visit, in an effort to show you customised relevant services.<\/p>\n<p>Can you refuse cookies?<br \/>\nYes, but we would like to remind you that changing your cookie settings may affect your ability to access certain services that require them, such as accessing your account. You can, however, choose to block cookies in your web browser settings. You can accept or refuse individual cookies, or block all of them permanently.<\/p>\n","protected":false},"excerpt":{"rendered":"<p>By using this website, you agree to the terms of use mentioned below. Oniria reserves the right to launch legal proceedings if these terms of use are violated, notably in the case of non-compliance and unauthorised use of Oniria names and logos, as well as for any violation of rights linked to information, graphics, texts, [&hellip;]<\/p>\n","protected":false},"author":1,"featured_media":0,"parent":0,"menu_order":0,"comment_status":"closed","ping_status":"closed","template":"","meta":{"_acf_changed":false,"_et_pb_use_builder":"off","_et_pb_old_content":"","_et_gb_content_width":"","footnotes":""},"class_list":["post-89227","page","type-page","status-publish","hentry"],"acf":[],"yoast_head":"<!-- This site is optimized with the Yoast SEO plugin v27.3 - https:\/\/yoast.com\/product\/yoast-seo-wordpress\/ -->\n<title>Mentions l\u00e9gales du Site Internet de l&#039;Aquarium Oniria<\/title>\n<meta name=\"description\" content=\"Retrouvez toutes les mentions l\u00e9gales du site internet de l&#039;Aquarium Oniria \u00e0 Canet en Roussillon.\" \/>\n<meta name=\"robots\" content=\"index, follow, max-snippet:-1, max-image-preview:large, max-video-preview:-1\" \/>\n<link rel=\"canonical\" href=\"https:\/\/www.oniria.fr\/en\/legal-information\/\" \/>\n<meta property=\"og:locale\" content=\"en_US\" \/>\n<meta property=\"og:type\" content=\"article\" \/>\n<meta property=\"og:title\" content=\"Mentions l\u00e9gales du Site Internet de l&#039;Aquarium Oniria\" \/>\n<meta property=\"og:description\" content=\"Retrouvez toutes les mentions l\u00e9gales du site internet de l&#039;Aquarium Oniria \u00e0 Canet en Roussillon.\" \/>\n<meta property=\"og:site_name\" content=\"Aquarium Oniria\" \/>\n<meta property=\"article:modified_time\" content=\"2025-11-26T10:21:40+00:00\" \/>\n<meta name=\"twitter:card\" content=\"summary_large_image\" \/>\n<meta name=\"twitter:label1\" content=\"Est. reading time\" \/>\n\t<meta name=\"twitter:data1\" content=\"4 minutes\" \/>\n<script type=\"application\/ld+json\" class=\"yoast-schema-graph\">{\"@context\":\"https:\\\/\\\/schema.org\",\"@graph\":[{\"@type\":\"WebPage\",\"@id\":\"https:\\\/\\\/www.oniria.fr\\\/en\\\/legal-information\\\/\",\"url\":\"https:\\\/\\\/www.oniria.fr\\\/en\\\/legal-information\\\/\",\"name\":\"Mentions l\u00e9gales du Site Internet de l'Aquarium Oniria\",\"isPartOf\":{\"@id\":\"https:\\\/\\\/www.oniria.fr\\\/en\\\/#website\"},\"datePublished\":\"2019-11-26T10:04:52+00:00\",\"dateModified\":\"2025-11-26T10:21:40+00:00\",\"description\":\"Retrouvez toutes les mentions l\u00e9gales du site internet de l'Aquarium Oniria \u00e0 Canet en Roussillon.\",\"breadcrumb\":{\"@id\":\"https:\\\/\\\/www.oniria.fr\\\/en\\\/legal-information\\\/#breadcrumb\"},\"inLanguage\":\"en-US\",\"potentialAction\":[{\"@type\":\"ReadAction\",\"target\":[\"https:\\\/\\\/www.oniria.fr\\\/en\\\/legal-information\\\/\"]}]},{\"@type\":\"BreadcrumbList\",\"@id\":\"https:\\\/\\\/www.oniria.fr\\\/en\\\/legal-information\\\/#breadcrumb\",\"itemListElement\":[{\"@type\":\"ListItem\",\"position\":1,\"name\":\"Home\",\"item\":\"https:\\\/\\\/www.oniria.fr\\\/en\\\/\"},{\"@type\":\"ListItem\",\"position\":2,\"name\":\"Legal information\"}]},{\"@type\":\"WebSite\",\"@id\":\"https:\\\/\\\/www.oniria.fr\\\/en\\\/#website\",\"url\":\"https:\\\/\\\/www.oniria.fr\\\/en\\\/\",\"name\":\"Aquarium Oniria\",\"description\":\"Les m\u00e9tamorphoses de l&#039;eau\",\"potentialAction\":[{\"@type\":\"SearchAction\",\"target\":{\"@type\":\"EntryPoint\",\"urlTemplate\":\"https:\\\/\\\/www.oniria.fr\\\/en\\\/?s={search_term_string}\"},\"query-input\":{\"@type\":\"PropertyValueSpecification\",\"valueRequired\":true,\"valueName\":\"search_term_string\"}}],\"inLanguage\":\"en-US\"}]}<\/script>\n<!-- \/ Yoast SEO plugin. -->","yoast_head_json":{"title":"Mentions l\u00e9gales du Site Internet de l'Aquarium Oniria","description":"Retrouvez toutes les mentions l\u00e9gales du site internet de l'Aquarium Oniria \u00e0 Canet en Roussillon.","robots":{"index":"index","follow":"follow","max-snippet":"max-snippet:-1","max-image-preview":"max-image-preview:large","max-video-preview":"max-video-preview:-1"},"canonical":"https:\/\/www.oniria.fr\/en\/legal-information\/","og_locale":"en_US","og_type":"article","og_title":"Mentions l\u00e9gales du Site Internet de l'Aquarium Oniria","og_description":"Retrouvez toutes les mentions l\u00e9gales du site internet de l'Aquarium Oniria \u00e0 Canet en Roussillon.","og_site_name":"Aquarium Oniria","article_modified_time":"2025-11-26T10:21:40+00:00","twitter_card":"summary_large_image","twitter_misc":{"Est. reading time":"4 minutes"},"schema":{"@context":"https:\/\/schema.org","@graph":[{"@type":"WebPage","@id":"https:\/\/www.oniria.fr\/en\/legal-information\/","url":"https:\/\/www.oniria.fr\/en\/legal-information\/","name":"Mentions l\u00e9gales du Site Internet de l'Aquarium Oniria","isPartOf":{"@id":"https:\/\/www.oniria.fr\/en\/#website"},"datePublished":"2019-11-26T10:04:52+00:00","dateModified":"2025-11-26T10:21:40+00:00","description":"Retrouvez toutes les mentions l\u00e9gales du site internet de l'Aquarium Oniria \u00e0 Canet en Roussillon.","breadcrumb":{"@id":"https:\/\/www.oniria.fr\/en\/legal-information\/#breadcrumb"},"inLanguage":"en-US","potentialAction":[{"@type":"ReadAction","target":["https:\/\/www.oniria.fr\/en\/legal-information\/"]}]},{"@type":"BreadcrumbList","@id":"https:\/\/www.oniria.fr\/en\/legal-information\/#breadcrumb","itemListElement":[{"@type":"ListItem","position":1,"name":"Home","item":"https:\/\/www.oniria.fr\/en\/"},{"@type":"ListItem","position":2,"name":"Legal information"}]},{"@type":"WebSite","@id":"https:\/\/www.oniria.fr\/en\/#website","url":"https:\/\/www.oniria.fr\/en\/","name":"Aquarium Oniria","description":"Les m\u00e9tamorphoses de l&#039;eau","potentialAction":[{"@type":"SearchAction","target":{"@type":"EntryPoint","urlTemplate":"https:\/\/www.oniria.fr\/en\/?s={search_term_string}"},"query-input":{"@type":"PropertyValueSpecification","valueRequired":true,"valueName":"search_term_string"}}],"inLanguage":"en-US"}]}},"_links":{"self":[{"href":"https:\/\/www.oniria.fr\/en\/wp-json\/wp\/v2\/pages\/89227","targetHints":{"allow":["GET"]}}],"collection":[{"href":"https:\/\/www.oniria.fr\/en\/wp-json\/wp\/v2\/pages"}],"about":[{"href":"https:\/\/www.oniria.fr\/en\/wp-json\/wp\/v2\/types\/page"}],"author":[{"embeddable":true,"href":"https:\/\/www.oniria.fr\/en\/wp-json\/wp\/v2\/users\/1"}],"replies":[{"embeddable":true,"href":"https:\/\/www.oniria.fr\/en\/wp-json\/wp\/v2\/comments?post=89227"}],"version-history":[{"count":1,"href":"https:\/\/www.oniria.fr\/en\/wp-json\/wp\/v2\/pages\/89227\/revisions"}],"predecessor-version":[{"id":96817,"href":"https:\/\/www.oniria.fr\/en\/wp-json\/wp\/v2\/pages\/89227\/revisions\/96817"}],"wp:attachment":[{"href":"https:\/\/www.oniria.fr\/en\/wp-json\/wp\/v2\/media?parent=89227"}],"curies":[{"name":"wp","href":"https:\/\/api.w.org\/{rel}","templated":true}]}}