{"id":89231,"date":"2020-03-12T14:41:41","date_gmt":"2020-03-12T14:41:41","guid":{"rendered":"https:\/\/www.oniria.fr\/politique-de-confidentialite\/"},"modified":"2022-06-13T15:05:06","modified_gmt":"2022-06-13T15:05:06","slug":"privacy-policy","status":"publish","type":"page","link":"https:\/\/www.oniria.fr\/en\/privacy-policy\/","title":{"rendered":"Privacy policy"},"content":{"rendered":"<p><strong>GENERAL INFORMATION<\/strong><br \/>\nVia the website<br \/>\nwww.oniria.fr<br \/>\n(hereafter, the \u2019Website\u201c), SPL SILLAGES, the company that operates ONIRIA, may collect personal data about any individual (hereafter, the \u2018User\u2019) that sends a question to ONIRIA via the \u2018Contact\u2019 page on the website, or who books tickets online to visit ONIRIA. The collection of personal data that the User shares with ONIRIA via the \u2018Contact\u2019 form on the website, or when buying online tickets, is governed by French Data Protection laws.<\/p>\n<p><strong>RIGHTS OF ACCESS, RECTIFICATION, DELETION AND OBJECTION<\/strong><br \/>\nUsers have the right to access, rectify, and delete their personal data, as well as to object to their personal data being processed. Users can exercise these rights at any time by writing to the following address: ONIRIA \u2013 SPL SILLAGES \u2013 Ecoute du Port \u2013 BP 210 \u2013 66141 Canet en Roussillon CEDEX.<br \/>\nUsers have the right to opt out of receiving cold calls by sending a letter to the following address: ONIRIA \u2013 SPL SILLAGES \u2013 Ecoute du Port \u2013 BP 210 \u2013 66141 Canet en Roussillon CEDEX or by sending an email to contact@oniria.fr<\/p>\n<p><strong>MANAGING PERSONAL DATA<\/strong><br \/>\n3.1 Why we collect your data<br \/>\nCollecting your personal data enables ONIRIA to:<br \/>\n\u2014Reply to messages that Users send via the \u2018Contact\u2019 section of the website, and provide information about ONIRIA services<br \/>\n\u2014Allow users to book online tickets to visit ONIRIA<br \/>\nInformation that is required for us to be able to respond to User requests, such as their full name, postcode, phone number, and email address, are marked with an asterisk on the data collection forms. If Users fail to complete the fields marked with an asterisk, ONIRIA will be unable to process their request.<br \/>\n3.2 Storing your personal data<br \/>\nONIRIA will make use of Users\u2019 personal data only during the time required to fulfil the purposes stated above, and for no more than three (3) years following the last service requested by the User that requires the processing of their personal data.<\/p>\n<p>3.3 Recipients of data<br \/>\nONIRIA is the recipient of Users\u2019 personal data.<br \/>\nONIRIA will only share Users\u2019 personal data with third parties if:<br \/>\n\u2014The User gives their prior consent to ONIRIA for it to share their data with said third party<br \/>\n\u2014ONIRIA needs to share the data with said third party in order to provide the service requested by the User or to respond to their request<br \/>\n\u2014ONIRIA is ordered to share said data by the legal authorities or any other competent government body<br \/>\nFor online bookings, User data is stored on a centralised server hosted by AttrapTemps SARL\u2009\u2013\u200970 av Alfred Kastler\u2009\u2013\u200966100 Perpignan\u2009\u2013\u2009France\u2009\u2013\u2009RCS 407 836 089 000 42<\/p>\n<p>3.4 Personal data security and confidentiality<br \/>\nThrough SPL SILLAGES, its operator, ONIRIA has implemented state of the art technical and structural security measures, especially with regard to the security of its information systems.<br \/>\nONIRIA has strived to take all pertinent measures to protect the confidentiality and security of the User\u2019s personal data that it processes, and prevent it from being altered, damaged, destroyed, or accessed by unauthorised third parties.<br \/>\nWhen booking tickets and in order to assist in the implementation of ONIRIA\u2019s security policy, Users must create a user account and select a password, both of which are strictly for their personal use.<\/p>\n<p><strong>COOKIES<\/strong><br \/>\n4.1 What\u2019s a cookie?<br \/>\nA cookie is a text file that may be stored in a dedicated part of your device\u2019s* hard drive when you use your web browser to view a service. Cookie files enable the sender to identify the device upon which it is stored until the cookie expires.<br \/>\nThe term \u2018device\u2019 refers to the hardware (computer, tablet, smartphone, etc.) that you use to view or display websites, apps, or advertising content.<\/p>\n<p>4.2 What kind of cookies do we use?<br \/>\nWhen you connect to our Website we may, depending on your preferences, install various cookies on your device that enable us to recognise your device\u2019s browser for as long as the cookie remains valid.<br \/>\nThe cookies we send you enable us to:<br \/>\n\u2014Compile statistics on how many people are visiting our Website and how they are interacting with its various components (sections and content viewed, journey), which will enable us to create more interesting and more ergonomic services<br \/>\n\u2014Tailor the presentation of our website to the display preferences of your device (language used, display resolution, operating system, etc.) when you visit our Website, according to the display hardware and software used by your device<br \/>\n\u2014If you have shared personal data with us, particularly your email address when registering on our website or when accessing one of our services, cookies allow us to pair these data with browsing data about your device so that we can, for example, send you online offers that may be of interest to you<br \/>\n\u2014Remember information about a form you have completed on our Website (registration or login), or about the products, services, and information that you have chosen on our Website (services purchased, booking details, etc.)<br \/>\n\u2014Grant you access to members\u2019 areas of our Website, such as your account, using the login details or information that you shared with us earlier<br \/>\n\u2014Implement security measures, such as when you are asked to log in to services and content again after a certain period has passed<\/p>\n<p>4.3 Your choices around cookies<br \/>\nA number of options exist for you to manage cookies. Changing your cookie settings may affect your experience of the Website and your ability to access certain features that require cookies.<br \/>\nYou can change your cookie preferences at any time, using the options listed below:<\/p>\n<p>4.3.1 Options available through your web browser:<br \/>\nYou can also configure your web browser to save cookies on your device, to refuse them altogether, or to refuse them according to the sender. You can also configure your web browser to accept or refuse the cookies as you are offered them, before they are saved on your device. For more information, see the section on \u2018Cookie preferences in your web browser\u2019.<br \/>\n(a) Cookies and consent<br \/>\nWhether a cookie is stored on a device is largely dependent upon the wishes of the device\u2019s User. The User can express and change their preferences freely at any time in their browser\u2019s settings.<br \/>\nIf you have set your browser settings to accept cookies on your device, the cookies sent by the pages and content that you have viewed may be stored in a dedicated temporary folder on your device. They can be read only by the sender.<br \/>\n(b) Blocking cookies<br \/>\nIf you refuse to save cookies on your device, or if you delete those that have been stored, you will no longer be able to enjoy certain features that are necessary to browse certain parts of our Website. These include our content and services that require you to log in. This would also be the case when we or our service providers are unable to recognise, for our technical records, the kind of browser you are using on your device, nor its language and display settings, or the country in which your device seems to be connected to the internet.<br \/>\nIn these cases, we decline all responsibility for any consequences linked to the poor performance of our services caused by the inability to store or view the cookies needed for the Website\u2019s features to work due to your refusal or deletion of said cookies.<br \/>\n(c) Cookie preferences in your web browser<br \/>\nEach browser has a different way of managing cookies. You can find how in your browser\u2019s help menu, which will tell you how to change your cookie preferences.<\/p>\n<p>For Internet Explorer&#x2122;:<br \/>\n<a href=\"https:\/\/support.microsoft.com\/en-gb\/windows\/delete-and-manage-cookies-168dab11-0753-043d-7c16-ede5947fc64d\" target=\"_blank\" rel=\"noopener\">https:\/\/support.microsoft.com\/en-gb\/windows\/delete-and-manage-cookies-168dab11-0753-043d-7c16-ede5947fc64d<\/a><\/p>\n<p>For Safari&#x2122;:<br \/>\n<a href=\"https:\/\/support.apple.com\/en-gb\/guide\/safari\/sfri11471\/mac\" target=\"_blank\" rel=\"noopener\">https:\/\/support.apple.com\/en-gb\/guide\/safari\/sfri11471\/mac<\/a><\/p>\n<p>For Chrome&#x2122;:<br \/>\n<a href=\"https:\/\/support.google.com\/accounts\/answer\/61416?hl=en&amp;co=GENIE.Platform%3DDesktop\" target=\"_blank\" rel=\"noopener\">https:\/\/support.google.com\/accounts\/answer\/61416?hl=en&amp;co=GENIE.Platform%3DDesktop<\/a><\/p>\n<p>For Firefox&#x2122;:<br \/>\n<a href=\"https:\/\/support.mozilla.org\/en-US\/kb\/block-websites-storing-cookies-site-data-firefox\" target=\"_blank\" rel=\"noopener\">https:\/\/support.mozilla.org\/en-US\/kb\/block-websites-storing-cookies-site-data-firefox<\/a><\/p>\n<p>For Opera&#x2122;:<br \/>\n<a href=\"https:\/\/help.opera.com\/en\/latest\/web-preferences\/\" target=\"_blank\" rel=\"noopener\">https:\/\/help.opera.com\/en\/latest\/web-preferences\/<\/a><\/p>\n<p>4.3. Your online preferences and advertising professional platforms<br \/>\nFor advertising cookies, you can also visit Youronlinechoices, a website created by digital advertising professionals who are members of the European Digital Advertising Alliance (EDAA), managed in France by the Interactive Advertising Bureau France.<br \/>\nThis will enable you to find out which companies are registered with the platform, and allow you to block or accept cookies used by these companies to tailor which ads are displayed on your device according to your data:<\/p>\n<blockquote class=\"wp-embedded-content\" data-secret=\"wtAP8IwKes\"><p><a href=\"https:\/\/www.youronlinechoices.com\/uk\/your-ad-choices\">Your ad choices<\/a><\/p><\/blockquote>\n<p><iframe loading=\"lazy\" class=\"wp-embedded-content\" sandbox=\"allow-scripts\" security=\"restricted\" style=\"position: absolute; clip: rect(1px, 1px, 1px, 1px);\" title=\"&#8220;Your ad choices&#8221; &#8212; YourOnlineChoices UK\" src=\"https:\/\/www.youronlinechoices.com\/uk\/your-ad-choices\/embed#?secret=QMkYKEw0K4#?secret=wtAP8IwKes\" data-secret=\"wtAP8IwKes\" width=\"600\" height=\"338\" frameborder=\"0\" marginwidth=\"0\" marginheight=\"0\" scrolling=\"no\"><\/iframe><\/p>\n<p>This European platform is shared by hundreds of online advertising professionals, and provides a centralised interface where you can express your preferences to block or accept cookies used to tailor the ads displayed on your device. Please note that this procedure will not stop ads being displayed on the websites you visit. It only blocks the technology used to tailor ads to your interests.<\/p>\n<p>4.4 If you share your device with other people<br \/>\nIf your device is used by several people, and when a single device has several browsers installed upon it, we cannot guarantee that the services and ads displayed on your device are tailored to your own use of the device, rather than that of another person.<br \/>\nIt is entirely your choice and responsibility whether other people use your device and your browser\u2019s cookie settings.<br \/>\nTo learn more about cookies and how they are used, you can view UK Government legislation, here:<br \/>\n<a href=\"https:\/\/www.legislation.gov.uk\/cookiepolicy\" target=\"_blank\" rel=\"noopener\">https:\/\/www.legislation.gov.uk\/cookiepolicy<\/a><\/p>\n","protected":false},"excerpt":{"rendered":"<p>GENERAL INFORMATION Via the website www.oniria.fr (hereafter, the \u2019Website\u201c), SPL SILLAGES, the company that operates ONIRIA, may collect personal data about any individual (hereafter, the \u2018User\u2019) that sends a question to ONIRIA via the \u2018Contact\u2019 page on the website, or who books tickets online to visit ONIRIA. The collection of personal data that the User [&hellip;]<\/p>\n","protected":false},"author":1,"featured_media":0,"parent":0,"menu_order":0,"comment_status":"closed","ping_status":"closed","template":"","meta":{"_acf_changed":false,"_et_pb_use_builder":"off","_et_pb_old_content":"","_et_gb_content_width":"","footnotes":""},"class_list":["post-89231","page","type-page","status-publish","hentry"],"acf":[],"yoast_head":"<!-- This site is optimized with the Yoast SEO plugin v27.5 - https:\/\/yoast.com\/product\/yoast-seo-wordpress\/ -->\n<title>Politique de confidentialit\u00e9 (RGPD) - Aquarium Oniria<\/title>\n<meta name=\"description\" content=\"Retrouvez la politique de confidentialit\u00e9 RGPD de l&#039;aquarium Oniria sur la collecte et le traitement de vos donn\u00e9es personnelles.\" \/>\n<meta name=\"robots\" content=\"index, follow, max-snippet:-1, max-image-preview:large, max-video-preview:-1\" \/>\n<link rel=\"canonical\" href=\"https:\/\/www.oniria.fr\/en\/privacy-policy\/\" \/>\n<meta property=\"og:locale\" content=\"en_US\" \/>\n<meta property=\"og:type\" content=\"article\" \/>\n<meta property=\"og:title\" content=\"Politique de confidentialit\u00e9 (RGPD) - Aquarium Oniria\" \/>\n<meta property=\"og:description\" content=\"Retrouvez la politique de confidentialit\u00e9 RGPD de l&#039;aquarium Oniria sur la collecte et le traitement de vos donn\u00e9es personnelles.\" \/>\n<meta property=\"og:site_name\" content=\"Aquarium Oniria\" \/>\n<meta property=\"article:modified_time\" content=\"2022-06-13T15:05:06+00:00\" \/>\n<meta name=\"twitter:card\" content=\"summary_large_image\" \/>\n<meta name=\"twitter:label1\" content=\"Est. reading time\" \/>\n\t<meta name=\"twitter:data1\" content=\"8 minutes\" \/>\n<script type=\"application\/ld+json\" class=\"yoast-schema-graph\">{\"@context\":\"https:\\\/\\\/schema.org\",\"@graph\":[{\"@type\":\"WebPage\",\"@id\":\"https:\\\/\\\/www.oniria.fr\\\/en\\\/privacy-policy\\\/\",\"url\":\"https:\\\/\\\/www.oniria.fr\\\/en\\\/privacy-policy\\\/\",\"name\":\"Politique de confidentialit\u00e9 (RGPD) - Aquarium Oniria\",\"isPartOf\":{\"@id\":\"https:\\\/\\\/www.oniria.fr\\\/en\\\/#website\"},\"datePublished\":\"2020-03-12T14:41:41+00:00\",\"dateModified\":\"2022-06-13T15:05:06+00:00\",\"description\":\"Retrouvez la politique de confidentialit\u00e9 RGPD de l'aquarium Oniria sur la collecte et le traitement de vos donn\u00e9es personnelles.\",\"breadcrumb\":{\"@id\":\"https:\\\/\\\/www.oniria.fr\\\/en\\\/privacy-policy\\\/#breadcrumb\"},\"inLanguage\":\"en-US\",\"potentialAction\":[{\"@type\":\"ReadAction\",\"target\":[\"https:\\\/\\\/www.oniria.fr\\\/en\\\/privacy-policy\\\/\"]}]},{\"@type\":\"BreadcrumbList\",\"@id\":\"https:\\\/\\\/www.oniria.fr\\\/en\\\/privacy-policy\\\/#breadcrumb\",\"itemListElement\":[{\"@type\":\"ListItem\",\"position\":1,\"name\":\"Home\",\"item\":\"https:\\\/\\\/www.oniria.fr\\\/en\\\/\"},{\"@type\":\"ListItem\",\"position\":2,\"name\":\"Privacy policy\"}]},{\"@type\":\"WebSite\",\"@id\":\"https:\\\/\\\/www.oniria.fr\\\/en\\\/#website\",\"url\":\"https:\\\/\\\/www.oniria.fr\\\/en\\\/\",\"name\":\"Aquarium Oniria\",\"description\":\"Les m\u00e9tamorphoses de l&#039;eau\",\"potentialAction\":[{\"@type\":\"SearchAction\",\"target\":{\"@type\":\"EntryPoint\",\"urlTemplate\":\"https:\\\/\\\/www.oniria.fr\\\/en\\\/?s={search_term_string}\"},\"query-input\":{\"@type\":\"PropertyValueSpecification\",\"valueRequired\":true,\"valueName\":\"search_term_string\"}}],\"inLanguage\":\"en-US\"}]}<\/script>\n<!-- \/ Yoast SEO plugin. -->","yoast_head_json":{"title":"Politique de confidentialit\u00e9 (RGPD) - Aquarium Oniria","description":"Retrouvez la politique de confidentialit\u00e9 RGPD de l'aquarium Oniria sur la collecte et le traitement de vos donn\u00e9es personnelles.","robots":{"index":"index","follow":"follow","max-snippet":"max-snippet:-1","max-image-preview":"max-image-preview:large","max-video-preview":"max-video-preview:-1"},"canonical":"https:\/\/www.oniria.fr\/en\/privacy-policy\/","og_locale":"en_US","og_type":"article","og_title":"Politique de confidentialit\u00e9 (RGPD) - Aquarium Oniria","og_description":"Retrouvez la politique de confidentialit\u00e9 RGPD de l'aquarium Oniria sur la collecte et le traitement de vos donn\u00e9es personnelles.","og_site_name":"Aquarium Oniria","article_modified_time":"2022-06-13T15:05:06+00:00","twitter_card":"summary_large_image","twitter_misc":{"Est. reading time":"8 minutes"},"schema":{"@context":"https:\/\/schema.org","@graph":[{"@type":"WebPage","@id":"https:\/\/www.oniria.fr\/en\/privacy-policy\/","url":"https:\/\/www.oniria.fr\/en\/privacy-policy\/","name":"Politique de confidentialit\u00e9 (RGPD) - Aquarium Oniria","isPartOf":{"@id":"https:\/\/www.oniria.fr\/en\/#website"},"datePublished":"2020-03-12T14:41:41+00:00","dateModified":"2022-06-13T15:05:06+00:00","description":"Retrouvez la politique de confidentialit\u00e9 RGPD de l'aquarium Oniria sur la collecte et le traitement de vos donn\u00e9es personnelles.","breadcrumb":{"@id":"https:\/\/www.oniria.fr\/en\/privacy-policy\/#breadcrumb"},"inLanguage":"en-US","potentialAction":[{"@type":"ReadAction","target":["https:\/\/www.oniria.fr\/en\/privacy-policy\/"]}]},{"@type":"BreadcrumbList","@id":"https:\/\/www.oniria.fr\/en\/privacy-policy\/#breadcrumb","itemListElement":[{"@type":"ListItem","position":1,"name":"Home","item":"https:\/\/www.oniria.fr\/en\/"},{"@type":"ListItem","position":2,"name":"Privacy policy"}]},{"@type":"WebSite","@id":"https:\/\/www.oniria.fr\/en\/#website","url":"https:\/\/www.oniria.fr\/en\/","name":"Aquarium Oniria","description":"Les m\u00e9tamorphoses de l&#039;eau","potentialAction":[{"@type":"SearchAction","target":{"@type":"EntryPoint","urlTemplate":"https:\/\/www.oniria.fr\/en\/?s={search_term_string}"},"query-input":{"@type":"PropertyValueSpecification","valueRequired":true,"valueName":"search_term_string"}}],"inLanguage":"en-US"}]}},"_links":{"self":[{"href":"https:\/\/www.oniria.fr\/en\/wp-json\/wp\/v2\/pages\/89231","targetHints":{"allow":["GET"]}}],"collection":[{"href":"https:\/\/www.oniria.fr\/en\/wp-json\/wp\/v2\/pages"}],"about":[{"href":"https:\/\/www.oniria.fr\/en\/wp-json\/wp\/v2\/types\/page"}],"author":[{"embeddable":true,"href":"https:\/\/www.oniria.fr\/en\/wp-json\/wp\/v2\/users\/1"}],"replies":[{"embeddable":true,"href":"https:\/\/www.oniria.fr\/en\/wp-json\/wp\/v2\/comments?post=89231"}],"version-history":[{"count":0,"href":"https:\/\/www.oniria.fr\/en\/wp-json\/wp\/v2\/pages\/89231\/revisions"}],"wp:attachment":[{"href":"https:\/\/www.oniria.fr\/en\/wp-json\/wp\/v2\/media?parent=89231"}],"curies":[{"name":"wp","href":"https:\/\/api.w.org\/{rel}","templated":true}]}}