{"id":89233,"date":"2019-11-26T09:49:48","date_gmt":"2019-11-26T09:49:48","guid":{"rendered":"https:\/\/www.oniria.fr\/preparez-votre-visite\/"},"modified":"2022-06-13T15:03:56","modified_gmt":"2022-06-13T15:03:56","slug":"plan-your-visit","status":"publish","type":"page","link":"https:\/\/www.oniria.fr\/en\/plan-your-visit\/","title":{"rendered":"Plan your visit"},"content":{"rendered":"","protected":false},"excerpt":{"rendered":"","protected":false},"author":1,"featured_media":0,"parent":0,"menu_order":0,"comment_status":"closed","ping_status":"closed","template":"","meta":{"_acf_changed":false,"_et_pb_use_builder":"off","_et_pb_old_content":"","_et_gb_content_width":"","footnotes":""},"class_list":["post-89233","page","type-page","status-publish","hentry"],"acf":[],"yoast_head":"<!-- This site is optimized with the Yoast SEO plugin v27.4 - https:\/\/yoast.com\/product\/yoast-seo-wordpress\/ -->\n<title>Pr\u00e9parez votre visite \u00e0 l&#039;aquarium Oniria !<\/title>\n<meta name=\"description\" content=\"Billetterie, Acc\u00e8s, Parcours de l&#039;aquarium, Horaires et Tarifs, Services : retrouvez toutes les infos pour bien pr\u00e9parer votre visite \u00e0 l&#039;aquarium Oniria !\" \/>\n<meta name=\"robots\" content=\"noindex, follow\" \/>\n<meta property=\"og:locale\" content=\"en_US\" \/>\n<meta property=\"og:type\" content=\"article\" \/>\n<meta property=\"og:title\" content=\"Pr\u00e9parez votre visite \u00e0 l&#039;aquarium Oniria !\" \/>\n<meta property=\"og:description\" content=\"Billetterie, Acc\u00e8s, Parcours de l&#039;aquarium, Horaires et Tarifs, Services : retrouvez toutes les infos pour bien pr\u00e9parer votre visite \u00e0 l&#039;aquarium Oniria !\" \/>\n<meta property=\"og:site_name\" content=\"Aquarium Oniria\" \/>\n<meta property=\"article:modified_time\" content=\"2022-06-13T15:03:56+00:00\" \/>\n<meta name=\"twitter:card\" content=\"summary_large_image\" \/>\n<script type=\"application\/ld+json\" class=\"yoast-schema-graph\">{\"@context\":\"https:\\\/\\\/schema.org\",\"@graph\":[{\"@type\":\"WebPage\",\"@id\":\"https:\\\/\\\/www.oniria.fr\\\/en\\\/plan-your-visit\\\/\",\"url\":\"https:\\\/\\\/www.oniria.fr\\\/en\\\/plan-your-visit\\\/\",\"name\":\"Pr\u00e9parez votre visite \u00e0 l'aquarium Oniria !\",\"isPartOf\":{\"@id\":\"https:\\\/\\\/www.oniria.fr\\\/en\\\/#website\"},\"datePublished\":\"2019-11-26T09:49:48+00:00\",\"dateModified\":\"2022-06-13T15:03:56+00:00\",\"description\":\"Billetterie, Acc\u00e8s, Parcours de l'aquarium, Horaires et Tarifs, Services : retrouvez toutes les infos pour bien pr\u00e9parer votre visite \u00e0 l'aquarium Oniria !\",\"breadcrumb\":{\"@id\":\"https:\\\/\\\/www.oniria.fr\\\/en\\\/plan-your-visit\\\/#breadcrumb\"},\"inLanguage\":\"en-US\",\"potentialAction\":[{\"@type\":\"ReadAction\",\"target\":[\"https:\\\/\\\/www.oniria.fr\\\/en\\\/plan-your-visit\\\/\"]}]},{\"@type\":\"BreadcrumbList\",\"@id\":\"https:\\\/\\\/www.oniria.fr\\\/en\\\/plan-your-visit\\\/#breadcrumb\",\"itemListElement\":[{\"@type\":\"ListItem\",\"position\":1,\"name\":\"Home\",\"item\":\"https:\\\/\\\/www.oniria.fr\\\/en\\\/\"},{\"@type\":\"ListItem\",\"position\":2,\"name\":\"Plan your visit\"}]},{\"@type\":\"WebSite\",\"@id\":\"https:\\\/\\\/www.oniria.fr\\\/en\\\/#website\",\"url\":\"https:\\\/\\\/www.oniria.fr\\\/en\\\/\",\"name\":\"Aquarium Oniria\",\"description\":\"Les m\u00e9tamorphoses de l&#039;eau\",\"potentialAction\":[{\"@type\":\"SearchAction\",\"target\":{\"@type\":\"EntryPoint\",\"urlTemplate\":\"https:\\\/\\\/www.oniria.fr\\\/en\\\/?s={search_term_string}\"},\"query-input\":{\"@type\":\"PropertyValueSpecification\",\"valueRequired\":true,\"valueName\":\"search_term_string\"}}],\"inLanguage\":\"en-US\"}]}<\/script>\n<!-- \/ Yoast SEO plugin. -->","yoast_head_json":{"title":"Pr\u00e9parez votre visite \u00e0 l'aquarium Oniria !","description":"Billetterie, Acc\u00e8s, Parcours de l'aquarium, Horaires et Tarifs, Services : retrouvez toutes les infos pour bien pr\u00e9parer votre visite \u00e0 l'aquarium Oniria !","robots":{"index":"noindex","follow":"follow"},"og_locale":"en_US","og_type":"article","og_title":"Pr\u00e9parez votre visite \u00e0 l'aquarium Oniria !","og_description":"Billetterie, Acc\u00e8s, Parcours de l'aquarium, Horaires et Tarifs, Services : retrouvez toutes les infos pour bien pr\u00e9parer votre visite \u00e0 l'aquarium Oniria !","og_site_name":"Aquarium Oniria","article_modified_time":"2022-06-13T15:03:56+00:00","twitter_card":"summary_large_image","schema":{"@context":"https:\/\/schema.org","@graph":[{"@type":"WebPage","@id":"https:\/\/www.oniria.fr\/en\/plan-your-visit\/","url":"https:\/\/www.oniria.fr\/en\/plan-your-visit\/","name":"Pr\u00e9parez votre visite \u00e0 l'aquarium Oniria !","isPartOf":{"@id":"https:\/\/www.oniria.fr\/en\/#website"},"datePublished":"2019-11-26T09:49:48+00:00","dateModified":"2022-06-13T15:03:56+00:00","description":"Billetterie, Acc\u00e8s, Parcours de l'aquarium, Horaires et Tarifs, Services : retrouvez toutes les infos pour bien pr\u00e9parer votre visite \u00e0 l'aquarium Oniria !","breadcrumb":{"@id":"https:\/\/www.oniria.fr\/en\/plan-your-visit\/#breadcrumb"},"inLanguage":"en-US","potentialAction":[{"@type":"ReadAction","target":["https:\/\/www.oniria.fr\/en\/plan-your-visit\/"]}]},{"@type":"BreadcrumbList","@id":"https:\/\/www.oniria.fr\/en\/plan-your-visit\/#breadcrumb","itemListElement":[{"@type":"ListItem","position":1,"name":"Home","item":"https:\/\/www.oniria.fr\/en\/"},{"@type":"ListItem","position":2,"name":"Plan your visit"}]},{"@type":"WebSite","@id":"https:\/\/www.oniria.fr\/en\/#website","url":"https:\/\/www.oniria.fr\/en\/","name":"Aquarium Oniria","description":"Les m\u00e9tamorphoses de l&#039;eau","potentialAction":[{"@type":"SearchAction","target":{"@type":"EntryPoint","urlTemplate":"https:\/\/www.oniria.fr\/en\/?s={search_term_string}"},"query-input":{"@type":"PropertyValueSpecification","valueRequired":true,"valueName":"search_term_string"}}],"inLanguage":"en-US"}]}},"_links":{"self":[{"href":"https:\/\/www.oniria.fr\/en\/wp-json\/wp\/v2\/pages\/89233","targetHints":{"allow":["GET"]}}],"collection":[{"href":"https:\/\/www.oniria.fr\/en\/wp-json\/wp\/v2\/pages"}],"about":[{"href":"https:\/\/www.oniria.fr\/en\/wp-json\/wp\/v2\/types\/page"}],"author":[{"embeddable":true,"href":"https:\/\/www.oniria.fr\/en\/wp-json\/wp\/v2\/users\/1"}],"replies":[{"embeddable":true,"href":"https:\/\/www.oniria.fr\/en\/wp-json\/wp\/v2\/comments?post=89233"}],"version-history":[{"count":0,"href":"https:\/\/www.oniria.fr\/en\/wp-json\/wp\/v2\/pages\/89233\/revisions"}],"wp:attachment":[{"href":"https:\/\/www.oniria.fr\/en\/wp-json\/wp\/v2\/media?parent=89233"}],"curies":[{"name":"wp","href":"https:\/\/api.w.org\/{rel}","templated":true}]}}