{"id":89247,"date":"2019-11-26T10:04:35","date_gmt":"2019-11-26T10:04:35","guid":{"rendered":"https:\/\/www.oniria.fr\/top-especes\/"},"modified":"2024-11-06T13:41:58","modified_gmt":"2024-11-06T13:41:58","slug":"top-species","status":"publish","type":"page","link":"https:\/\/www.oniria.fr\/en\/top-species\/","title":{"rendered":"Top species"},"content":{"rendered":"<p>[et_pb_section bb_built=&#8221;1&#8243;][et_pb_row][\/et_pb_row][\/et_pb_section]<\/p>\n","protected":false},"excerpt":{"rendered":"<div class=\"et_pb_row et_pb_row_0 et_pb_row_empty\">\n\t\t\t\t\n\t\t\t\t\n\t\t\t\t\n\t\t\t\t\n\t\t\t\t\n\t\t\t<\/div>\n","protected":false},"author":1,"featured_media":0,"parent":0,"menu_order":0,"comment_status":"closed","ping_status":"closed","template":"","meta":{"_acf_changed":false,"_et_pb_use_builder":"on","_et_pb_old_content":"","_et_gb_content_width":"","footnotes":""},"class_list":["post-89247","page","type-page","status-publish","hentry"],"acf":[],"yoast_head":"<!-- This site is optimized with the Yoast SEO plugin v27.6 - https:\/\/yoast.com\/product\/yoast-seo-wordpress\/ -->\n<title>D\u00e9couvrez toutes les esp\u00e8ces de l&#039;aquarium Oniria !<\/title>\n<meta name=\"description\" content=\"D\u00e9couvrez toutes les esp\u00e8ces de cr\u00e9atures marines pr\u00e9sentes dans chacun des univers de l&#039;aquarium Oniria Canet en Roussillon !\" \/>\n<meta name=\"robots\" content=\"index, follow, max-snippet:-1, max-image-preview:large, max-video-preview:-1\" \/>\n<link rel=\"canonical\" href=\"https:\/\/www.oniria.fr\/en\/top-species\/\" \/>\n<meta property=\"og:locale\" content=\"en_US\" \/>\n<meta property=\"og:type\" content=\"article\" \/>\n<meta property=\"og:title\" content=\"D\u00e9couvrez toutes les esp\u00e8ces de l&#039;aquarium Oniria !\" \/>\n<meta property=\"og:description\" content=\"D\u00e9couvrez toutes les esp\u00e8ces de cr\u00e9atures marines pr\u00e9sentes dans chacun des univers de l&#039;aquarium Oniria Canet en Roussillon !\" \/>\n<meta property=\"og:site_name\" content=\"Aquarium Oniria\" \/>\n<meta property=\"article:modified_time\" content=\"2024-11-06T13:41:58+00:00\" \/>\n<meta name=\"twitter:card\" content=\"summary_large_image\" \/>\n<script type=\"application\/ld+json\" class=\"yoast-schema-graph\">{\"@context\":\"https:\\\/\\\/schema.org\",\"@graph\":[{\"@type\":\"WebPage\",\"@id\":\"https:\\\/\\\/www.oniria.fr\\\/en\\\/top-species\\\/\",\"url\":\"https:\\\/\\\/www.oniria.fr\\\/en\\\/top-species\\\/\",\"name\":\"D\u00e9couvrez toutes les esp\u00e8ces de l'aquarium Oniria !\",\"isPartOf\":{\"@id\":\"https:\\\/\\\/www.oniria.fr\\\/en\\\/#website\"},\"datePublished\":\"2019-11-26T10:04:35+00:00\",\"dateModified\":\"2024-11-06T13:41:58+00:00\",\"description\":\"D\u00e9couvrez toutes les esp\u00e8ces de cr\u00e9atures marines pr\u00e9sentes dans chacun des univers de l'aquarium Oniria Canet en Roussillon !\",\"breadcrumb\":{\"@id\":\"https:\\\/\\\/www.oniria.fr\\\/en\\\/top-species\\\/#breadcrumb\"},\"inLanguage\":\"en-US\",\"potentialAction\":[{\"@type\":\"ReadAction\",\"target\":[\"https:\\\/\\\/www.oniria.fr\\\/en\\\/top-species\\\/\"]}]},{\"@type\":\"BreadcrumbList\",\"@id\":\"https:\\\/\\\/www.oniria.fr\\\/en\\\/top-species\\\/#breadcrumb\",\"itemListElement\":[{\"@type\":\"ListItem\",\"position\":1,\"name\":\"Home\",\"item\":\"https:\\\/\\\/www.oniria.fr\\\/en\\\/\"},{\"@type\":\"ListItem\",\"position\":2,\"name\":\"Top species\"}]},{\"@type\":\"WebSite\",\"@id\":\"https:\\\/\\\/www.oniria.fr\\\/en\\\/#website\",\"url\":\"https:\\\/\\\/www.oniria.fr\\\/en\\\/\",\"name\":\"Aquarium Oniria\",\"description\":\"Les m\u00e9tamorphoses de l&#039;eau\",\"potentialAction\":[{\"@type\":\"SearchAction\",\"target\":{\"@type\":\"EntryPoint\",\"urlTemplate\":\"https:\\\/\\\/www.oniria.fr\\\/en\\\/?s={search_term_string}\"},\"query-input\":{\"@type\":\"PropertyValueSpecification\",\"valueRequired\":true,\"valueName\":\"search_term_string\"}}],\"inLanguage\":\"en-US\"}]}<\/script>\n<!-- \/ Yoast SEO plugin. -->","yoast_head_json":{"title":"D\u00e9couvrez toutes les esp\u00e8ces de l'aquarium Oniria !","description":"D\u00e9couvrez toutes les esp\u00e8ces de cr\u00e9atures marines pr\u00e9sentes dans chacun des univers de l'aquarium Oniria Canet en Roussillon !","robots":{"index":"index","follow":"follow","max-snippet":"max-snippet:-1","max-image-preview":"max-image-preview:large","max-video-preview":"max-video-preview:-1"},"canonical":"https:\/\/www.oniria.fr\/en\/top-species\/","og_locale":"en_US","og_type":"article","og_title":"D\u00e9couvrez toutes les esp\u00e8ces de l'aquarium Oniria !","og_description":"D\u00e9couvrez toutes les esp\u00e8ces de cr\u00e9atures marines pr\u00e9sentes dans chacun des univers de l'aquarium Oniria Canet en Roussillon !","og_site_name":"Aquarium Oniria","article_modified_time":"2024-11-06T13:41:58+00:00","twitter_card":"summary_large_image","schema":{"@context":"https:\/\/schema.org","@graph":[{"@type":"WebPage","@id":"https:\/\/www.oniria.fr\/en\/top-species\/","url":"https:\/\/www.oniria.fr\/en\/top-species\/","name":"D\u00e9couvrez toutes les esp\u00e8ces de l'aquarium Oniria !","isPartOf":{"@id":"https:\/\/www.oniria.fr\/en\/#website"},"datePublished":"2019-11-26T10:04:35+00:00","dateModified":"2024-11-06T13:41:58+00:00","description":"D\u00e9couvrez toutes les esp\u00e8ces de cr\u00e9atures marines pr\u00e9sentes dans chacun des univers de l'aquarium Oniria Canet en Roussillon !","breadcrumb":{"@id":"https:\/\/www.oniria.fr\/en\/top-species\/#breadcrumb"},"inLanguage":"en-US","potentialAction":[{"@type":"ReadAction","target":["https:\/\/www.oniria.fr\/en\/top-species\/"]}]},{"@type":"BreadcrumbList","@id":"https:\/\/www.oniria.fr\/en\/top-species\/#breadcrumb","itemListElement":[{"@type":"ListItem","position":1,"name":"Home","item":"https:\/\/www.oniria.fr\/en\/"},{"@type":"ListItem","position":2,"name":"Top species"}]},{"@type":"WebSite","@id":"https:\/\/www.oniria.fr\/en\/#website","url":"https:\/\/www.oniria.fr\/en\/","name":"Aquarium Oniria","description":"Les m\u00e9tamorphoses de l&#039;eau","potentialAction":[{"@type":"SearchAction","target":{"@type":"EntryPoint","urlTemplate":"https:\/\/www.oniria.fr\/en\/?s={search_term_string}"},"query-input":{"@type":"PropertyValueSpecification","valueRequired":true,"valueName":"search_term_string"}}],"inLanguage":"en-US"}]}},"_links":{"self":[{"href":"https:\/\/www.oniria.fr\/en\/wp-json\/wp\/v2\/pages\/89247","targetHints":{"allow":["GET"]}}],"collection":[{"href":"https:\/\/www.oniria.fr\/en\/wp-json\/wp\/v2\/pages"}],"about":[{"href":"https:\/\/www.oniria.fr\/en\/wp-json\/wp\/v2\/types\/page"}],"author":[{"embeddable":true,"href":"https:\/\/www.oniria.fr\/en\/wp-json\/wp\/v2\/users\/1"}],"replies":[{"embeddable":true,"href":"https:\/\/www.oniria.fr\/en\/wp-json\/wp\/v2\/comments?post=89247"}],"version-history":[{"count":5,"href":"https:\/\/www.oniria.fr\/en\/wp-json\/wp\/v2\/pages\/89247\/revisions"}],"predecessor-version":[{"id":95542,"href":"https:\/\/www.oniria.fr\/en\/wp-json\/wp\/v2\/pages\/89247\/revisions\/95542"}],"wp:attachment":[{"href":"https:\/\/www.oniria.fr\/en\/wp-json\/wp\/v2\/media?parent=89247"}],"curies":[{"name":"wp","href":"https:\/\/api.w.org\/{rel}","templated":true}]}}