{"id":89178,"date":"2019-11-26T10:01:04","date_gmt":"2019-11-26T10:01:04","guid":{"rendered":"https:\/\/www.oniria.fr\/activites\/a-voir-a-faire\/"},"modified":"2022-07-18T14:36:49","modified_gmt":"2022-07-18T14:36:49","slug":"que-ver-y-que-hacer","status":"publish","type":"page","link":"https:\/\/www.oniria.fr\/es\/actividades\/que-ver-y-que-hacer\/","title":{"rendered":"Qu\u00e9 ver y qu\u00e9 hacer"},"content":{"rendered":"","protected":false},"excerpt":{"rendered":"","protected":false},"author":1,"featured_media":0,"parent":89173,"menu_order":0,"comment_status":"closed","ping_status":"closed","template":"","meta":{"_acf_changed":false,"_et_pb_use_builder":"off","_et_pb_old_content":"","_et_gb_content_width":"","footnotes":""},"class_list":["post-89178","page","type-page","status-publish","hentry"],"acf":[],"yoast_head":"<!-- This site is optimized with the Yoast SEO plugin v27.6 - https:\/\/yoast.com\/product\/yoast-seo-wordpress\/ -->\n<title>Canet-en-Roussillon : Que voir, Que faire ? - Aquarium Oniria<\/title>\n<meta name=\"description\" content=\"Quoi faire \u00e0 Canet-en-Roussillon ? D\u00e9couvrez les Sites touristiques \u00e0 voir\u200b, des Activit\u00e9s originales et les Sorties \u00e0 faire.\" \/>\n<meta name=\"robots\" content=\"index, follow, max-snippet:-1, max-image-preview:large, max-video-preview:-1\" \/>\n<link rel=\"canonical\" href=\"https:\/\/www.oniria.fr\/es\/actividades\/que-ver-y-que-hacer\/\" \/>\n<meta property=\"og:locale\" content=\"es_ES\" \/>\n<meta property=\"og:type\" content=\"article\" \/>\n<meta property=\"og:title\" content=\"Canet-en-Roussillon : Que voir, Que faire ? - Aquarium Oniria\" \/>\n<meta property=\"og:description\" content=\"Quoi faire \u00e0 Canet-en-Roussillon ? D\u00e9couvrez les Sites touristiques \u00e0 voir\u200b, des Activit\u00e9s originales et les Sorties \u00e0 faire.\" \/>\n<meta property=\"og:site_name\" content=\"Aquarium Oniria\" \/>\n<meta property=\"article:modified_time\" content=\"2022-07-18T14:36:49+00:00\" \/>\n<meta name=\"twitter:card\" content=\"summary_large_image\" \/>\n<script type=\"application\/ld+json\" class=\"yoast-schema-graph\">{\"@context\":\"https:\\\/\\\/schema.org\",\"@graph\":[{\"@type\":\"WebPage\",\"@id\":\"https:\\\/\\\/www.oniria.fr\\\/es\\\/actividades\\\/que-ver-y-que-hacer\\\/\",\"url\":\"https:\\\/\\\/www.oniria.fr\\\/es\\\/actividades\\\/que-ver-y-que-hacer\\\/\",\"name\":\"Canet-en-Roussillon : Que voir, Que faire ? - Aquarium Oniria\",\"isPartOf\":{\"@id\":\"https:\\\/\\\/www.oniria.fr\\\/es\\\/#website\"},\"datePublished\":\"2019-11-26T10:01:04+00:00\",\"dateModified\":\"2022-07-18T14:36:49+00:00\",\"description\":\"Quoi faire \u00e0 Canet-en-Roussillon ? D\u00e9couvrez les Sites touristiques \u00e0 voir\u200b, des Activit\u00e9s originales et les Sorties \u00e0 faire.\",\"breadcrumb\":{\"@id\":\"https:\\\/\\\/www.oniria.fr\\\/es\\\/actividades\\\/que-ver-y-que-hacer\\\/#breadcrumb\"},\"inLanguage\":\"es\",\"potentialAction\":[{\"@type\":\"ReadAction\",\"target\":[\"https:\\\/\\\/www.oniria.fr\\\/es\\\/actividades\\\/que-ver-y-que-hacer\\\/\"]}]},{\"@type\":\"BreadcrumbList\",\"@id\":\"https:\\\/\\\/www.oniria.fr\\\/es\\\/actividades\\\/que-ver-y-que-hacer\\\/#breadcrumb\",\"itemListElement\":[{\"@type\":\"ListItem\",\"position\":1,\"name\":\"Inicio\",\"item\":\"https:\\\/\\\/www.oniria.fr\\\/es\\\/\"},{\"@type\":\"ListItem\",\"position\":2,\"name\":\"Actividades\",\"item\":\"https:\\\/\\\/www.oniria.fr\\\/es\\\/actividades\\\/\"},{\"@type\":\"ListItem\",\"position\":3,\"name\":\"Qu\u00e9 ver y qu\u00e9 hacer\"}]},{\"@type\":\"WebSite\",\"@id\":\"https:\\\/\\\/www.oniria.fr\\\/es\\\/#website\",\"url\":\"https:\\\/\\\/www.oniria.fr\\\/es\\\/\",\"name\":\"Aquarium Oniria\",\"description\":\"Les m\u00e9tamorphoses de l&#039;eau\",\"potentialAction\":[{\"@type\":\"SearchAction\",\"target\":{\"@type\":\"EntryPoint\",\"urlTemplate\":\"https:\\\/\\\/www.oniria.fr\\\/es\\\/?s={search_term_string}\"},\"query-input\":{\"@type\":\"PropertyValueSpecification\",\"valueRequired\":true,\"valueName\":\"search_term_string\"}}],\"inLanguage\":\"es\"}]}<\/script>\n<!-- \/ Yoast SEO plugin. -->","yoast_head_json":{"title":"Canet-en-Roussillon : Que voir, Que faire ? - Aquarium Oniria","description":"Quoi faire \u00e0 Canet-en-Roussillon ? D\u00e9couvrez les Sites touristiques \u00e0 voir\u200b, des Activit\u00e9s originales et les Sorties \u00e0 faire.","robots":{"index":"index","follow":"follow","max-snippet":"max-snippet:-1","max-image-preview":"max-image-preview:large","max-video-preview":"max-video-preview:-1"},"canonical":"https:\/\/www.oniria.fr\/es\/actividades\/que-ver-y-que-hacer\/","og_locale":"es_ES","og_type":"article","og_title":"Canet-en-Roussillon : Que voir, Que faire ? - Aquarium Oniria","og_description":"Quoi faire \u00e0 Canet-en-Roussillon ? D\u00e9couvrez les Sites touristiques \u00e0 voir\u200b, des Activit\u00e9s originales et les Sorties \u00e0 faire.","og_site_name":"Aquarium Oniria","article_modified_time":"2022-07-18T14:36:49+00:00","twitter_card":"summary_large_image","schema":{"@context":"https:\/\/schema.org","@graph":[{"@type":"WebPage","@id":"https:\/\/www.oniria.fr\/es\/actividades\/que-ver-y-que-hacer\/","url":"https:\/\/www.oniria.fr\/es\/actividades\/que-ver-y-que-hacer\/","name":"Canet-en-Roussillon : Que voir, Que faire ? - Aquarium Oniria","isPartOf":{"@id":"https:\/\/www.oniria.fr\/es\/#website"},"datePublished":"2019-11-26T10:01:04+00:00","dateModified":"2022-07-18T14:36:49+00:00","description":"Quoi faire \u00e0 Canet-en-Roussillon ? D\u00e9couvrez les Sites touristiques \u00e0 voir\u200b, des Activit\u00e9s originales et les Sorties \u00e0 faire.","breadcrumb":{"@id":"https:\/\/www.oniria.fr\/es\/actividades\/que-ver-y-que-hacer\/#breadcrumb"},"inLanguage":"es","potentialAction":[{"@type":"ReadAction","target":["https:\/\/www.oniria.fr\/es\/actividades\/que-ver-y-que-hacer\/"]}]},{"@type":"BreadcrumbList","@id":"https:\/\/www.oniria.fr\/es\/actividades\/que-ver-y-que-hacer\/#breadcrumb","itemListElement":[{"@type":"ListItem","position":1,"name":"Inicio","item":"https:\/\/www.oniria.fr\/es\/"},{"@type":"ListItem","position":2,"name":"Actividades","item":"https:\/\/www.oniria.fr\/es\/actividades\/"},{"@type":"ListItem","position":3,"name":"Qu\u00e9 ver y qu\u00e9 hacer"}]},{"@type":"WebSite","@id":"https:\/\/www.oniria.fr\/es\/#website","url":"https:\/\/www.oniria.fr\/es\/","name":"Aquarium Oniria","description":"Les m\u00e9tamorphoses de l&#039;eau","potentialAction":[{"@type":"SearchAction","target":{"@type":"EntryPoint","urlTemplate":"https:\/\/www.oniria.fr\/es\/?s={search_term_string}"},"query-input":{"@type":"PropertyValueSpecification","valueRequired":true,"valueName":"search_term_string"}}],"inLanguage":"es"}]}},"_links":{"self":[{"href":"https:\/\/www.oniria.fr\/es\/wp-json\/wp\/v2\/pages\/89178","targetHints":{"allow":["GET"]}}],"collection":[{"href":"https:\/\/www.oniria.fr\/es\/wp-json\/wp\/v2\/pages"}],"about":[{"href":"https:\/\/www.oniria.fr\/es\/wp-json\/wp\/v2\/types\/page"}],"author":[{"embeddable":true,"href":"https:\/\/www.oniria.fr\/es\/wp-json\/wp\/v2\/users\/1"}],"replies":[{"embeddable":true,"href":"https:\/\/www.oniria.fr\/es\/wp-json\/wp\/v2\/comments?post=89178"}],"version-history":[{"count":0,"href":"https:\/\/www.oniria.fr\/es\/wp-json\/wp\/v2\/pages\/89178\/revisions"}],"up":[{"embeddable":true,"href":"https:\/\/www.oniria.fr\/es\/wp-json\/wp\/v2\/pages\/89173"}],"wp:attachment":[{"href":"https:\/\/www.oniria.fr\/es\/wp-json\/wp\/v2\/media?parent=89178"}],"curies":[{"name":"wp","href":"https:\/\/api.w.org\/{rel}","templated":true}]}}