{"id":89182,"date":"2020-03-30T14:17:33","date_gmt":"2020-03-30T14:17:33","guid":{"rendered":"https:\/\/www.oniria.fr\/activites\/dormir-avec-les-requins\/"},"modified":"2024-07-15T08:29:00","modified_gmt":"2024-07-15T08:29:00","slug":"dormir-avec-les-requins","status":"publish","type":"page","link":"https:\/\/www.oniria.fr\/es\/actividades\/dormir-avec-les-requins\/","title":{"rendered":"Dormir avec les requins"},"content":{"rendered":"","protected":false},"excerpt":{"rendered":"","protected":false},"author":1,"featured_media":0,"parent":89173,"menu_order":0,"comment_status":"closed","ping_status":"closed","template":"","meta":{"_acf_changed":false,"_et_pb_use_builder":"off","_et_pb_old_content":"","_et_gb_content_width":"","footnotes":""},"class_list":["post-89182","page","type-page","status-publish","hentry"],"acf":[],"yoast_head":"<!-- This site is optimized with the Yoast SEO plugin v27.4 - https:\/\/yoast.com\/product\/yoast-seo-wordpress\/ -->\n<title>Dormir avec des requins : une exp\u00e9rience unique \u00e0 l&#039;Aquarium Oniria !<\/title>\n<meta name=\"description\" content=\"L&#039;aquarium Oniria vous propose de passer une soir\u00e9e et une nuit enti\u00e8re au milieu des requins ! Pre\u0302t(e)s a\u0300 vivre une expe\u0301rience inoubliable ?\" \/>\n<meta name=\"robots\" content=\"noindex, nofollow\" \/>\n<meta property=\"og:locale\" content=\"es_ES\" \/>\n<meta property=\"og:type\" content=\"article\" \/>\n<meta property=\"og:title\" content=\"Dormir avec des requins : une exp\u00e9rience unique \u00e0 l&#039;Aquarium Oniria !\" \/>\n<meta property=\"og:description\" content=\"L&#039;aquarium Oniria vous propose de passer une soir\u00e9e et une nuit enti\u00e8re au milieu des requins ! Pre\u0302t(e)s a\u0300 vivre une expe\u0301rience inoubliable ?\" \/>\n<meta property=\"og:site_name\" content=\"Aquarium Oniria\" \/>\n<meta property=\"article:modified_time\" content=\"2024-07-15T08:29:00+00:00\" \/>\n<meta name=\"twitter:card\" content=\"summary_large_image\" \/>\n<script type=\"application\/ld+json\" class=\"yoast-schema-graph\">{\"@context\":\"https:\\\/\\\/schema.org\",\"@graph\":[{\"@type\":\"WebPage\",\"@id\":\"https:\\\/\\\/www.oniria.fr\\\/es\\\/actividades\\\/dormir-avec-les-requins\\\/\",\"url\":\"https:\\\/\\\/www.oniria.fr\\\/es\\\/actividades\\\/dormir-avec-les-requins\\\/\",\"name\":\"Dormir avec des requins : une exp\u00e9rience unique \u00e0 l'Aquarium Oniria !\",\"isPartOf\":{\"@id\":\"https:\\\/\\\/www.oniria.fr\\\/es\\\/#website\"},\"datePublished\":\"2020-03-30T14:17:33+00:00\",\"dateModified\":\"2024-07-15T08:29:00+00:00\",\"description\":\"L'aquarium Oniria vous propose de passer une soir\u00e9e et une nuit enti\u00e8re au milieu des requins ! Pre\u0302t(e)s a\u0300 vivre une expe\u0301rience inoubliable ?\",\"breadcrumb\":{\"@id\":\"https:\\\/\\\/www.oniria.fr\\\/es\\\/actividades\\\/dormir-avec-les-requins\\\/#breadcrumb\"},\"inLanguage\":\"es\",\"potentialAction\":[{\"@type\":\"ReadAction\",\"target\":[\"https:\\\/\\\/www.oniria.fr\\\/es\\\/actividades\\\/dormir-avec-les-requins\\\/\"]}]},{\"@type\":\"BreadcrumbList\",\"@id\":\"https:\\\/\\\/www.oniria.fr\\\/es\\\/actividades\\\/dormir-avec-les-requins\\\/#breadcrumb\",\"itemListElement\":[{\"@type\":\"ListItem\",\"position\":1,\"name\":\"Inicio\",\"item\":\"https:\\\/\\\/www.oniria.fr\\\/es\\\/\"},{\"@type\":\"ListItem\",\"position\":2,\"name\":\"Actividades\",\"item\":\"https:\\\/\\\/www.oniria.fr\\\/es\\\/actividades\\\/\"},{\"@type\":\"ListItem\",\"position\":3,\"name\":\"Dormir avec les requins\"}]},{\"@type\":\"WebSite\",\"@id\":\"https:\\\/\\\/www.oniria.fr\\\/es\\\/#website\",\"url\":\"https:\\\/\\\/www.oniria.fr\\\/es\\\/\",\"name\":\"Aquarium Oniria\",\"description\":\"Les m\u00e9tamorphoses de l&#039;eau\",\"potentialAction\":[{\"@type\":\"SearchAction\",\"target\":{\"@type\":\"EntryPoint\",\"urlTemplate\":\"https:\\\/\\\/www.oniria.fr\\\/es\\\/?s={search_term_string}\"},\"query-input\":{\"@type\":\"PropertyValueSpecification\",\"valueRequired\":true,\"valueName\":\"search_term_string\"}}],\"inLanguage\":\"es\"}]}<\/script>\n<!-- \/ Yoast SEO plugin. -->","yoast_head_json":{"title":"Dormir avec des requins : une exp\u00e9rience unique \u00e0 l'Aquarium Oniria !","description":"L'aquarium Oniria vous propose de passer une soir\u00e9e et une nuit enti\u00e8re au milieu des requins ! Pre\u0302t(e)s a\u0300 vivre une expe\u0301rience inoubliable ?","robots":{"index":"noindex","follow":"nofollow"},"og_locale":"es_ES","og_type":"article","og_title":"Dormir avec des requins : une exp\u00e9rience unique \u00e0 l'Aquarium Oniria !","og_description":"L'aquarium Oniria vous propose de passer une soir\u00e9e et une nuit enti\u00e8re au milieu des requins ! Pre\u0302t(e)s a\u0300 vivre une expe\u0301rience inoubliable ?","og_site_name":"Aquarium Oniria","article_modified_time":"2024-07-15T08:29:00+00:00","twitter_card":"summary_large_image","schema":{"@context":"https:\/\/schema.org","@graph":[{"@type":"WebPage","@id":"https:\/\/www.oniria.fr\/es\/actividades\/dormir-avec-les-requins\/","url":"https:\/\/www.oniria.fr\/es\/actividades\/dormir-avec-les-requins\/","name":"Dormir avec des requins : une exp\u00e9rience unique \u00e0 l'Aquarium Oniria !","isPartOf":{"@id":"https:\/\/www.oniria.fr\/es\/#website"},"datePublished":"2020-03-30T14:17:33+00:00","dateModified":"2024-07-15T08:29:00+00:00","description":"L'aquarium Oniria vous propose de passer une soir\u00e9e et une nuit enti\u00e8re au milieu des requins ! Pre\u0302t(e)s a\u0300 vivre une expe\u0301rience inoubliable ?","breadcrumb":{"@id":"https:\/\/www.oniria.fr\/es\/actividades\/dormir-avec-les-requins\/#breadcrumb"},"inLanguage":"es","potentialAction":[{"@type":"ReadAction","target":["https:\/\/www.oniria.fr\/es\/actividades\/dormir-avec-les-requins\/"]}]},{"@type":"BreadcrumbList","@id":"https:\/\/www.oniria.fr\/es\/actividades\/dormir-avec-les-requins\/#breadcrumb","itemListElement":[{"@type":"ListItem","position":1,"name":"Inicio","item":"https:\/\/www.oniria.fr\/es\/"},{"@type":"ListItem","position":2,"name":"Actividades","item":"https:\/\/www.oniria.fr\/es\/actividades\/"},{"@type":"ListItem","position":3,"name":"Dormir avec les requins"}]},{"@type":"WebSite","@id":"https:\/\/www.oniria.fr\/es\/#website","url":"https:\/\/www.oniria.fr\/es\/","name":"Aquarium Oniria","description":"Les m\u00e9tamorphoses de l&#039;eau","potentialAction":[{"@type":"SearchAction","target":{"@type":"EntryPoint","urlTemplate":"https:\/\/www.oniria.fr\/es\/?s={search_term_string}"},"query-input":{"@type":"PropertyValueSpecification","valueRequired":true,"valueName":"search_term_string"}}],"inLanguage":"es"}]}},"_links":{"self":[{"href":"https:\/\/www.oniria.fr\/es\/wp-json\/wp\/v2\/pages\/89182","targetHints":{"allow":["GET"]}}],"collection":[{"href":"https:\/\/www.oniria.fr\/es\/wp-json\/wp\/v2\/pages"}],"about":[{"href":"https:\/\/www.oniria.fr\/es\/wp-json\/wp\/v2\/types\/page"}],"author":[{"embeddable":true,"href":"https:\/\/www.oniria.fr\/es\/wp-json\/wp\/v2\/users\/1"}],"replies":[{"embeddable":true,"href":"https:\/\/www.oniria.fr\/es\/wp-json\/wp\/v2\/comments?post=89182"}],"version-history":[{"count":1,"href":"https:\/\/www.oniria.fr\/es\/wp-json\/wp\/v2\/pages\/89182\/revisions"}],"predecessor-version":[{"id":93623,"href":"https:\/\/www.oniria.fr\/es\/wp-json\/wp\/v2\/pages\/89182\/revisions\/93623"}],"up":[{"embeddable":true,"href":"https:\/\/www.oniria.fr\/es\/wp-json\/wp\/v2\/pages\/89173"}],"wp:attachment":[{"href":"https:\/\/www.oniria.fr\/es\/wp-json\/wp\/v2\/media?parent=89182"}],"curies":[{"name":"wp","href":"https:\/\/api.w.org\/{rel}","templated":true}]}}