{"id":89198,"date":"2019-11-26T09:52:36","date_gmt":"2019-11-26T09:52:36","guid":{"rendered":"https:\/\/www.oniria.fr\/contactez-nous\/"},"modified":"2022-06-09T13:27:55","modified_gmt":"2022-06-09T13:27:55","slug":"contactez-nous","status":"publish","type":"page","link":"https:\/\/www.oniria.fr\/es\/contactez-nous\/","title":{"rendered":"contacto"},"content":{"rendered":"","protected":false},"excerpt":{"rendered":"","protected":false},"author":1,"featured_media":0,"parent":0,"menu_order":0,"comment_status":"closed","ping_status":"closed","template":"","meta":{"_acf_changed":false,"_et_pb_use_builder":"off","_et_pb_old_content":"","_et_gb_content_width":"","footnotes":""},"class_list":["post-89198","page","type-page","status-publish","hentry"],"acf":[],"yoast_head":"<!-- This site is optimized with the Yoast SEO plugin v27.3 - https:\/\/yoast.com\/product\/yoast-seo-wordpress\/ -->\n<title>Contacter l&#039;aquarium Oniria - Toute l&#039;\u00e9quipe est \u00e0 votre \u00e9coute !<\/title>\n<meta name=\"description\" content=\"Si vous souhaitez contacter l&#039;aquarium Oniria, merci de nous joindre via notre formulaire en ligne ou directement par t\u00e9l\u00e9phone.\" \/>\n<meta name=\"robots\" content=\"index, follow, max-snippet:-1, max-image-preview:large, max-video-preview:-1\" \/>\n<link rel=\"canonical\" href=\"https:\/\/www.oniria.fr\/es\/contactez-nous\/\" \/>\n<meta property=\"og:locale\" content=\"es_ES\" \/>\n<meta property=\"og:type\" content=\"article\" \/>\n<meta property=\"og:title\" content=\"Contacter l&#039;aquarium Oniria - Toute l&#039;\u00e9quipe est \u00e0 votre \u00e9coute !\" \/>\n<meta property=\"og:description\" content=\"Si vous souhaitez contacter l&#039;aquarium Oniria, merci de nous joindre via notre formulaire en ligne ou directement par t\u00e9l\u00e9phone.\" \/>\n<meta property=\"og:site_name\" content=\"Aquarium Oniria\" \/>\n<meta property=\"article:modified_time\" content=\"2022-06-09T13:27:55+00:00\" \/>\n<meta name=\"twitter:card\" content=\"summary_large_image\" \/>\n<script type=\"application\/ld+json\" class=\"yoast-schema-graph\">{\"@context\":\"https:\\\/\\\/schema.org\",\"@graph\":[{\"@type\":\"WebPage\",\"@id\":\"https:\\\/\\\/www.oniria.fr\\\/es\\\/contactez-nous\\\/\",\"url\":\"https:\\\/\\\/www.oniria.fr\\\/es\\\/contactez-nous\\\/\",\"name\":\"Contacter l'aquarium Oniria - Toute l'\u00e9quipe est \u00e0 votre \u00e9coute !\",\"isPartOf\":{\"@id\":\"https:\\\/\\\/www.oniria.fr\\\/es\\\/#website\"},\"datePublished\":\"2019-11-26T09:52:36+00:00\",\"dateModified\":\"2022-06-09T13:27:55+00:00\",\"description\":\"Si vous souhaitez contacter l'aquarium Oniria, merci de nous joindre via notre formulaire en ligne ou directement par t\u00e9l\u00e9phone.\",\"breadcrumb\":{\"@id\":\"https:\\\/\\\/www.oniria.fr\\\/es\\\/contactez-nous\\\/#breadcrumb\"},\"inLanguage\":\"es\",\"potentialAction\":[{\"@type\":\"ReadAction\",\"target\":[\"https:\\\/\\\/www.oniria.fr\\\/es\\\/contactez-nous\\\/\"]}]},{\"@type\":\"BreadcrumbList\",\"@id\":\"https:\\\/\\\/www.oniria.fr\\\/es\\\/contactez-nous\\\/#breadcrumb\",\"itemListElement\":[{\"@type\":\"ListItem\",\"position\":1,\"name\":\"Inicio\",\"item\":\"https:\\\/\\\/www.oniria.fr\\\/es\\\/\"},{\"@type\":\"ListItem\",\"position\":2,\"name\":\"contacto\"}]},{\"@type\":\"WebSite\",\"@id\":\"https:\\\/\\\/www.oniria.fr\\\/es\\\/#website\",\"url\":\"https:\\\/\\\/www.oniria.fr\\\/es\\\/\",\"name\":\"Aquarium Oniria\",\"description\":\"Les m\u00e9tamorphoses de l&#039;eau\",\"potentialAction\":[{\"@type\":\"SearchAction\",\"target\":{\"@type\":\"EntryPoint\",\"urlTemplate\":\"https:\\\/\\\/www.oniria.fr\\\/es\\\/?s={search_term_string}\"},\"query-input\":{\"@type\":\"PropertyValueSpecification\",\"valueRequired\":true,\"valueName\":\"search_term_string\"}}],\"inLanguage\":\"es\"}]}<\/script>\n<!-- \/ Yoast SEO plugin. -->","yoast_head_json":{"title":"Contacter l'aquarium Oniria - Toute l'\u00e9quipe est \u00e0 votre \u00e9coute !","description":"Si vous souhaitez contacter l'aquarium Oniria, merci de nous joindre via notre formulaire en ligne ou directement par t\u00e9l\u00e9phone.","robots":{"index":"index","follow":"follow","max-snippet":"max-snippet:-1","max-image-preview":"max-image-preview:large","max-video-preview":"max-video-preview:-1"},"canonical":"https:\/\/www.oniria.fr\/es\/contactez-nous\/","og_locale":"es_ES","og_type":"article","og_title":"Contacter l'aquarium Oniria - Toute l'\u00e9quipe est \u00e0 votre \u00e9coute !","og_description":"Si vous souhaitez contacter l'aquarium Oniria, merci de nous joindre via notre formulaire en ligne ou directement par t\u00e9l\u00e9phone.","og_site_name":"Aquarium Oniria","article_modified_time":"2022-06-09T13:27:55+00:00","twitter_card":"summary_large_image","schema":{"@context":"https:\/\/schema.org","@graph":[{"@type":"WebPage","@id":"https:\/\/www.oniria.fr\/es\/contactez-nous\/","url":"https:\/\/www.oniria.fr\/es\/contactez-nous\/","name":"Contacter l'aquarium Oniria - Toute l'\u00e9quipe est \u00e0 votre \u00e9coute !","isPartOf":{"@id":"https:\/\/www.oniria.fr\/es\/#website"},"datePublished":"2019-11-26T09:52:36+00:00","dateModified":"2022-06-09T13:27:55+00:00","description":"Si vous souhaitez contacter l'aquarium Oniria, merci de nous joindre via notre formulaire en ligne ou directement par t\u00e9l\u00e9phone.","breadcrumb":{"@id":"https:\/\/www.oniria.fr\/es\/contactez-nous\/#breadcrumb"},"inLanguage":"es","potentialAction":[{"@type":"ReadAction","target":["https:\/\/www.oniria.fr\/es\/contactez-nous\/"]}]},{"@type":"BreadcrumbList","@id":"https:\/\/www.oniria.fr\/es\/contactez-nous\/#breadcrumb","itemListElement":[{"@type":"ListItem","position":1,"name":"Inicio","item":"https:\/\/www.oniria.fr\/es\/"},{"@type":"ListItem","position":2,"name":"contacto"}]},{"@type":"WebSite","@id":"https:\/\/www.oniria.fr\/es\/#website","url":"https:\/\/www.oniria.fr\/es\/","name":"Aquarium Oniria","description":"Les m\u00e9tamorphoses de l&#039;eau","potentialAction":[{"@type":"SearchAction","target":{"@type":"EntryPoint","urlTemplate":"https:\/\/www.oniria.fr\/es\/?s={search_term_string}"},"query-input":{"@type":"PropertyValueSpecification","valueRequired":true,"valueName":"search_term_string"}}],"inLanguage":"es"}]}},"_links":{"self":[{"href":"https:\/\/www.oniria.fr\/es\/wp-json\/wp\/v2\/pages\/89198","targetHints":{"allow":["GET"]}}],"collection":[{"href":"https:\/\/www.oniria.fr\/es\/wp-json\/wp\/v2\/pages"}],"about":[{"href":"https:\/\/www.oniria.fr\/es\/wp-json\/wp\/v2\/types\/page"}],"author":[{"embeddable":true,"href":"https:\/\/www.oniria.fr\/es\/wp-json\/wp\/v2\/users\/1"}],"replies":[{"embeddable":true,"href":"https:\/\/www.oniria.fr\/es\/wp-json\/wp\/v2\/comments?post=89198"}],"version-history":[{"count":0,"href":"https:\/\/www.oniria.fr\/es\/wp-json\/wp\/v2\/pages\/89198\/revisions"}],"wp:attachment":[{"href":"https:\/\/www.oniria.fr\/es\/wp-json\/wp\/v2\/media?parent=89198"}],"curies":[{"name":"wp","href":"https:\/\/api.w.org\/{rel}","templated":true}]}}