{"id":89200,"date":"2020-04-03T12:55:58","date_gmt":"2020-04-03T12:55:58","guid":{"rendered":"https:\/\/www.oniria.fr\/f-a-q\/"},"modified":"2025-11-05T09:31:37","modified_gmt":"2025-11-05T09:31:37","slug":"f-a-q","status":"publish","type":"page","link":"https:\/\/www.oniria.fr\/es\/f-a-q\/","title":{"rendered":"F.A.Q"},"content":{"rendered":"","protected":false},"excerpt":{"rendered":"","protected":false},"author":1,"featured_media":0,"parent":0,"menu_order":0,"comment_status":"closed","ping_status":"closed","template":"","meta":{"_acf_changed":false,"_et_pb_use_builder":"off","_et_pb_old_content":"","_et_gb_content_width":"","footnotes":""},"class_list":["post-89200","page","type-page","status-publish","hentry"],"acf":[],"yoast_head":"<!-- This site is optimized with the Yoast SEO plugin v27.4 - https:\/\/yoast.com\/product\/yoast-seo-wordpress\/ -->\n<title>La Foire aux Questions - Aquarium Oniria<\/title>\n<meta name=\"description\" content=\"Horaires d&#039;ouverture de l&#039;aquarium, animal de compagnie, dur\u00e9e de la visite ou encore accessibilit\u00e9... Trouvez les r\u00e9ponses \u00e0 vos questions dans notre FAQ !\" \/>\n<meta name=\"robots\" content=\"index, follow, max-snippet:-1, max-image-preview:large, max-video-preview:-1\" \/>\n<link rel=\"canonical\" href=\"https:\/\/www.oniria.fr\/es\/f-a-q\/\" \/>\n<meta property=\"og:locale\" content=\"es_ES\" \/>\n<meta property=\"og:type\" content=\"article\" \/>\n<meta property=\"og:title\" content=\"La Foire aux Questions - Aquarium Oniria\" \/>\n<meta property=\"og:description\" content=\"Horaires d&#039;ouverture de l&#039;aquarium, animal de compagnie, dur\u00e9e de la visite ou encore accessibilit\u00e9... Trouvez les r\u00e9ponses \u00e0 vos questions dans notre FAQ !\" \/>\n<meta property=\"og:site_name\" content=\"Aquarium Oniria\" \/>\n<meta property=\"article:modified_time\" content=\"2025-11-05T09:31:37+00:00\" \/>\n<meta name=\"twitter:card\" content=\"summary_large_image\" \/>\n<script type=\"application\/ld+json\" class=\"yoast-schema-graph\">{\"@context\":\"https:\\\/\\\/schema.org\",\"@graph\":[{\"@type\":\"WebPage\",\"@id\":\"https:\\\/\\\/www.oniria.fr\\\/es\\\/f-a-q\\\/\",\"url\":\"https:\\\/\\\/www.oniria.fr\\\/es\\\/f-a-q\\\/\",\"name\":\"La Foire aux Questions - Aquarium Oniria\",\"isPartOf\":{\"@id\":\"https:\\\/\\\/www.oniria.fr\\\/es\\\/#website\"},\"datePublished\":\"2020-04-03T12:55:58+00:00\",\"dateModified\":\"2025-11-05T09:31:37+00:00\",\"description\":\"Horaires d'ouverture de l'aquarium, animal de compagnie, dur\u00e9e de la visite ou encore accessibilit\u00e9... Trouvez les r\u00e9ponses \u00e0 vos questions dans notre FAQ !\",\"breadcrumb\":{\"@id\":\"https:\\\/\\\/www.oniria.fr\\\/es\\\/f-a-q\\\/#breadcrumb\"},\"inLanguage\":\"es\",\"potentialAction\":[{\"@type\":\"ReadAction\",\"target\":[\"https:\\\/\\\/www.oniria.fr\\\/es\\\/f-a-q\\\/\"]}]},{\"@type\":\"BreadcrumbList\",\"@id\":\"https:\\\/\\\/www.oniria.fr\\\/es\\\/f-a-q\\\/#breadcrumb\",\"itemListElement\":[{\"@type\":\"ListItem\",\"position\":1,\"name\":\"Inicio\",\"item\":\"https:\\\/\\\/www.oniria.fr\\\/es\\\/\"},{\"@type\":\"ListItem\",\"position\":2,\"name\":\"F.A.Q\"}]},{\"@type\":\"WebSite\",\"@id\":\"https:\\\/\\\/www.oniria.fr\\\/es\\\/#website\",\"url\":\"https:\\\/\\\/www.oniria.fr\\\/es\\\/\",\"name\":\"Aquarium Oniria\",\"description\":\"Les m\u00e9tamorphoses de l&#039;eau\",\"potentialAction\":[{\"@type\":\"SearchAction\",\"target\":{\"@type\":\"EntryPoint\",\"urlTemplate\":\"https:\\\/\\\/www.oniria.fr\\\/es\\\/?s={search_term_string}\"},\"query-input\":{\"@type\":\"PropertyValueSpecification\",\"valueRequired\":true,\"valueName\":\"search_term_string\"}}],\"inLanguage\":\"es\"}]}<\/script>\n<!-- \/ Yoast SEO plugin. -->","yoast_head_json":{"title":"La Foire aux Questions - Aquarium Oniria","description":"Horaires d'ouverture de l'aquarium, animal de compagnie, dur\u00e9e de la visite ou encore accessibilit\u00e9... Trouvez les r\u00e9ponses \u00e0 vos questions dans notre FAQ !","robots":{"index":"index","follow":"follow","max-snippet":"max-snippet:-1","max-image-preview":"max-image-preview:large","max-video-preview":"max-video-preview:-1"},"canonical":"https:\/\/www.oniria.fr\/es\/f-a-q\/","og_locale":"es_ES","og_type":"article","og_title":"La Foire aux Questions - Aquarium Oniria","og_description":"Horaires d'ouverture de l'aquarium, animal de compagnie, dur\u00e9e de la visite ou encore accessibilit\u00e9... Trouvez les r\u00e9ponses \u00e0 vos questions dans notre FAQ !","og_site_name":"Aquarium Oniria","article_modified_time":"2025-11-05T09:31:37+00:00","twitter_card":"summary_large_image","schema":{"@context":"https:\/\/schema.org","@graph":[{"@type":"WebPage","@id":"https:\/\/www.oniria.fr\/es\/f-a-q\/","url":"https:\/\/www.oniria.fr\/es\/f-a-q\/","name":"La Foire aux Questions - Aquarium Oniria","isPartOf":{"@id":"https:\/\/www.oniria.fr\/es\/#website"},"datePublished":"2020-04-03T12:55:58+00:00","dateModified":"2025-11-05T09:31:37+00:00","description":"Horaires d'ouverture de l'aquarium, animal de compagnie, dur\u00e9e de la visite ou encore accessibilit\u00e9... Trouvez les r\u00e9ponses \u00e0 vos questions dans notre FAQ !","breadcrumb":{"@id":"https:\/\/www.oniria.fr\/es\/f-a-q\/#breadcrumb"},"inLanguage":"es","potentialAction":[{"@type":"ReadAction","target":["https:\/\/www.oniria.fr\/es\/f-a-q\/"]}]},{"@type":"BreadcrumbList","@id":"https:\/\/www.oniria.fr\/es\/f-a-q\/#breadcrumb","itemListElement":[{"@type":"ListItem","position":1,"name":"Inicio","item":"https:\/\/www.oniria.fr\/es\/"},{"@type":"ListItem","position":2,"name":"F.A.Q"}]},{"@type":"WebSite","@id":"https:\/\/www.oniria.fr\/es\/#website","url":"https:\/\/www.oniria.fr\/es\/","name":"Aquarium Oniria","description":"Les m\u00e9tamorphoses de l&#039;eau","potentialAction":[{"@type":"SearchAction","target":{"@type":"EntryPoint","urlTemplate":"https:\/\/www.oniria.fr\/es\/?s={search_term_string}"},"query-input":{"@type":"PropertyValueSpecification","valueRequired":true,"valueName":"search_term_string"}}],"inLanguage":"es"}]}},"_links":{"self":[{"href":"https:\/\/www.oniria.fr\/es\/wp-json\/wp\/v2\/pages\/89200","targetHints":{"allow":["GET"]}}],"collection":[{"href":"https:\/\/www.oniria.fr\/es\/wp-json\/wp\/v2\/pages"}],"about":[{"href":"https:\/\/www.oniria.fr\/es\/wp-json\/wp\/v2\/types\/page"}],"author":[{"embeddable":true,"href":"https:\/\/www.oniria.fr\/es\/wp-json\/wp\/v2\/users\/1"}],"replies":[{"embeddable":true,"href":"https:\/\/www.oniria.fr\/es\/wp-json\/wp\/v2\/comments?post=89200"}],"version-history":[{"count":3,"href":"https:\/\/www.oniria.fr\/es\/wp-json\/wp\/v2\/pages\/89200\/revisions"}],"predecessor-version":[{"id":96683,"href":"https:\/\/www.oniria.fr\/es\/wp-json\/wp\/v2\/pages\/89200\/revisions\/96683"}],"wp:attachment":[{"href":"https:\/\/www.oniria.fr\/es\/wp-json\/wp\/v2\/media?parent=89200"}],"curies":[{"name":"wp","href":"https:\/\/api.w.org\/{rel}","templated":true}]}}