{"id":89208,"date":"2019-11-26T10:02:43","date_gmt":"2019-11-26T10:02:43","guid":{"rendered":"https:\/\/www.oniria.fr\/groupes-professionnels\/journees-thematiques\/"},"modified":"2022-07-04T12:21:57","modified_gmt":"2022-07-04T12:21:57","slug":"dias-tematicos","status":"publish","type":"page","link":"https:\/\/www.oniria.fr\/es\/grupos-y-profesionales\/dias-tematicos\/","title":{"rendered":"D\u00edas tem\u00e1ticos"},"content":{"rendered":"","protected":false},"excerpt":{"rendered":"","protected":false},"author":1,"featured_media":0,"parent":89202,"menu_order":0,"comment_status":"closed","ping_status":"closed","template":"","meta":{"_acf_changed":false,"_et_pb_use_builder":"off","_et_pb_old_content":"","_et_gb_content_width":"","footnotes":""},"class_list":["post-89208","page","type-page","status-publish","hentry"],"acf":[],"yoast_head":"<!-- This site is optimized with the Yoast SEO plugin v27.4 - https:\/\/yoast.com\/product\/yoast-seo-wordpress\/ -->\n<title>Visites, Activit\u00e9s et Sorties \u00e0 proximit\u00e9 de l&#039;aquarium Oniria<\/title>\n<meta name=\"description\" content=\"Apr\u00e8s avoir visit\u00e9 l\u2019aquarium Oniria, d\u00e9couvrez notre s\u00e9lection d\u2019activit\u00e9s pour compl\u00e9ter votre journ\u00e9e. Contactez-nous pour plus d\u2019informations !\" \/>\n<meta name=\"robots\" content=\"index, follow, max-snippet:-1, max-image-preview:large, max-video-preview:-1\" \/>\n<link rel=\"canonical\" href=\"https:\/\/www.oniria.fr\/es\/grupos-y-profesionales\/dias-tematicos\/\" \/>\n<meta property=\"og:locale\" content=\"es_ES\" \/>\n<meta property=\"og:type\" content=\"article\" \/>\n<meta property=\"og:title\" content=\"Visites, Activit\u00e9s et Sorties \u00e0 proximit\u00e9 de l&#039;aquarium Oniria\" \/>\n<meta property=\"og:description\" content=\"Apr\u00e8s avoir visit\u00e9 l\u2019aquarium Oniria, d\u00e9couvrez notre s\u00e9lection d\u2019activit\u00e9s pour compl\u00e9ter votre journ\u00e9e. Contactez-nous pour plus d\u2019informations !\" \/>\n<meta property=\"og:site_name\" content=\"Aquarium Oniria\" \/>\n<meta property=\"article:modified_time\" content=\"2022-07-04T12:21:57+00:00\" \/>\n<meta name=\"twitter:card\" content=\"summary_large_image\" \/>\n<script type=\"application\/ld+json\" class=\"yoast-schema-graph\">{\"@context\":\"https:\\\/\\\/schema.org\",\"@graph\":[{\"@type\":\"WebPage\",\"@id\":\"https:\\\/\\\/www.oniria.fr\\\/es\\\/grupos-y-profesionales\\\/dias-tematicos\\\/\",\"url\":\"https:\\\/\\\/www.oniria.fr\\\/es\\\/grupos-y-profesionales\\\/dias-tematicos\\\/\",\"name\":\"Visites, Activit\u00e9s et Sorties \u00e0 proximit\u00e9 de l'aquarium Oniria\",\"isPartOf\":{\"@id\":\"https:\\\/\\\/www.oniria.fr\\\/es\\\/#website\"},\"datePublished\":\"2019-11-26T10:02:43+00:00\",\"dateModified\":\"2022-07-04T12:21:57+00:00\",\"description\":\"Apr\u00e8s avoir visit\u00e9 l\u2019aquarium Oniria, d\u00e9couvrez notre s\u00e9lection d\u2019activit\u00e9s pour compl\u00e9ter votre journ\u00e9e. Contactez-nous pour plus d\u2019informations !\",\"breadcrumb\":{\"@id\":\"https:\\\/\\\/www.oniria.fr\\\/es\\\/grupos-y-profesionales\\\/dias-tematicos\\\/#breadcrumb\"},\"inLanguage\":\"es\",\"potentialAction\":[{\"@type\":\"ReadAction\",\"target\":[\"https:\\\/\\\/www.oniria.fr\\\/es\\\/grupos-y-profesionales\\\/dias-tematicos\\\/\"]}]},{\"@type\":\"BreadcrumbList\",\"@id\":\"https:\\\/\\\/www.oniria.fr\\\/es\\\/grupos-y-profesionales\\\/dias-tematicos\\\/#breadcrumb\",\"itemListElement\":[{\"@type\":\"ListItem\",\"position\":1,\"name\":\"Inicio\",\"item\":\"https:\\\/\\\/www.oniria.fr\\\/es\\\/\"},{\"@type\":\"ListItem\",\"position\":2,\"name\":\"Grupos y profesionales\",\"item\":\"https:\\\/\\\/www.oniria.fr\\\/es\\\/grupos-y-profesionales\\\/\"},{\"@type\":\"ListItem\",\"position\":3,\"name\":\"D\u00edas tem\u00e1ticos\"}]},{\"@type\":\"WebSite\",\"@id\":\"https:\\\/\\\/www.oniria.fr\\\/es\\\/#website\",\"url\":\"https:\\\/\\\/www.oniria.fr\\\/es\\\/\",\"name\":\"Aquarium Oniria\",\"description\":\"Les m\u00e9tamorphoses de l&#039;eau\",\"potentialAction\":[{\"@type\":\"SearchAction\",\"target\":{\"@type\":\"EntryPoint\",\"urlTemplate\":\"https:\\\/\\\/www.oniria.fr\\\/es\\\/?s={search_term_string}\"},\"query-input\":{\"@type\":\"PropertyValueSpecification\",\"valueRequired\":true,\"valueName\":\"search_term_string\"}}],\"inLanguage\":\"es\"}]}<\/script>\n<!-- \/ Yoast SEO plugin. -->","yoast_head_json":{"title":"Visites, Activit\u00e9s et Sorties \u00e0 proximit\u00e9 de l'aquarium Oniria","description":"Apr\u00e8s avoir visit\u00e9 l\u2019aquarium Oniria, d\u00e9couvrez notre s\u00e9lection d\u2019activit\u00e9s pour compl\u00e9ter votre journ\u00e9e. Contactez-nous pour plus d\u2019informations !","robots":{"index":"index","follow":"follow","max-snippet":"max-snippet:-1","max-image-preview":"max-image-preview:large","max-video-preview":"max-video-preview:-1"},"canonical":"https:\/\/www.oniria.fr\/es\/grupos-y-profesionales\/dias-tematicos\/","og_locale":"es_ES","og_type":"article","og_title":"Visites, Activit\u00e9s et Sorties \u00e0 proximit\u00e9 de l'aquarium Oniria","og_description":"Apr\u00e8s avoir visit\u00e9 l\u2019aquarium Oniria, d\u00e9couvrez notre s\u00e9lection d\u2019activit\u00e9s pour compl\u00e9ter votre journ\u00e9e. Contactez-nous pour plus d\u2019informations !","og_site_name":"Aquarium Oniria","article_modified_time":"2022-07-04T12:21:57+00:00","twitter_card":"summary_large_image","schema":{"@context":"https:\/\/schema.org","@graph":[{"@type":"WebPage","@id":"https:\/\/www.oniria.fr\/es\/grupos-y-profesionales\/dias-tematicos\/","url":"https:\/\/www.oniria.fr\/es\/grupos-y-profesionales\/dias-tematicos\/","name":"Visites, Activit\u00e9s et Sorties \u00e0 proximit\u00e9 de l'aquarium Oniria","isPartOf":{"@id":"https:\/\/www.oniria.fr\/es\/#website"},"datePublished":"2019-11-26T10:02:43+00:00","dateModified":"2022-07-04T12:21:57+00:00","description":"Apr\u00e8s avoir visit\u00e9 l\u2019aquarium Oniria, d\u00e9couvrez notre s\u00e9lection d\u2019activit\u00e9s pour compl\u00e9ter votre journ\u00e9e. Contactez-nous pour plus d\u2019informations !","breadcrumb":{"@id":"https:\/\/www.oniria.fr\/es\/grupos-y-profesionales\/dias-tematicos\/#breadcrumb"},"inLanguage":"es","potentialAction":[{"@type":"ReadAction","target":["https:\/\/www.oniria.fr\/es\/grupos-y-profesionales\/dias-tematicos\/"]}]},{"@type":"BreadcrumbList","@id":"https:\/\/www.oniria.fr\/es\/grupos-y-profesionales\/dias-tematicos\/#breadcrumb","itemListElement":[{"@type":"ListItem","position":1,"name":"Inicio","item":"https:\/\/www.oniria.fr\/es\/"},{"@type":"ListItem","position":2,"name":"Grupos y profesionales","item":"https:\/\/www.oniria.fr\/es\/grupos-y-profesionales\/"},{"@type":"ListItem","position":3,"name":"D\u00edas tem\u00e1ticos"}]},{"@type":"WebSite","@id":"https:\/\/www.oniria.fr\/es\/#website","url":"https:\/\/www.oniria.fr\/es\/","name":"Aquarium Oniria","description":"Les m\u00e9tamorphoses de l&#039;eau","potentialAction":[{"@type":"SearchAction","target":{"@type":"EntryPoint","urlTemplate":"https:\/\/www.oniria.fr\/es\/?s={search_term_string}"},"query-input":{"@type":"PropertyValueSpecification","valueRequired":true,"valueName":"search_term_string"}}],"inLanguage":"es"}]}},"_links":{"self":[{"href":"https:\/\/www.oniria.fr\/es\/wp-json\/wp\/v2\/pages\/89208","targetHints":{"allow":["GET"]}}],"collection":[{"href":"https:\/\/www.oniria.fr\/es\/wp-json\/wp\/v2\/pages"}],"about":[{"href":"https:\/\/www.oniria.fr\/es\/wp-json\/wp\/v2\/types\/page"}],"author":[{"embeddable":true,"href":"https:\/\/www.oniria.fr\/es\/wp-json\/wp\/v2\/users\/1"}],"replies":[{"embeddable":true,"href":"https:\/\/www.oniria.fr\/es\/wp-json\/wp\/v2\/comments?post=89208"}],"version-history":[{"count":0,"href":"https:\/\/www.oniria.fr\/es\/wp-json\/wp\/v2\/pages\/89208\/revisions"}],"up":[{"embeddable":true,"href":"https:\/\/www.oniria.fr\/es\/wp-json\/wp\/v2\/pages\/89202"}],"wp:attachment":[{"href":"https:\/\/www.oniria.fr\/es\/wp-json\/wp\/v2\/media?parent=89208"}],"curies":[{"name":"wp","href":"https:\/\/api.w.org\/{rel}","templated":true}]}}