{"id":89212,"date":"2019-11-26T10:01:19","date_gmt":"2019-11-26T10:01:19","guid":{"rendered":"https:\/\/www.oniria.fr\/groupes-professionnels\/scolaires\/"},"modified":"2025-11-26T11:00:36","modified_gmt":"2025-11-26T11:00:36","slug":"escolares","status":"publish","type":"page","link":"https:\/\/www.oniria.fr\/es\/grupos-y-profesionales\/escolares\/","title":{"rendered":"Escolares"},"content":{"rendered":"","protected":false},"excerpt":{"rendered":"","protected":false},"author":1,"featured_media":0,"parent":89202,"menu_order":0,"comment_status":"closed","ping_status":"closed","template":"","meta":{"_acf_changed":false,"_et_pb_use_builder":"off","_et_pb_old_content":"","_et_gb_content_width":"","footnotes":""},"class_list":["post-89212","page","type-page","status-publish","hentry"],"acf":[],"yoast_head":"<!-- This site is optimized with the Yoast SEO plugin v27.3 - https:\/\/yoast.com\/product\/yoast-seo-wordpress\/ -->\n<title>Visites scolaires et p\u00e9dagogiques- Aquarium Oniria<\/title>\n<meta name=\"description\" content=\"L&#039;aquarium Oniria accueille les groupes scolaires sur r\u00e9servation en visite libre, visite guid\u00e9e ou lors d&#039;ateliers th\u00e9matiques selon le niveau des \u00e9l\u00e8ves.\" \/>\n<meta name=\"robots\" content=\"index, follow, max-snippet:-1, max-image-preview:large, max-video-preview:-1\" \/>\n<link rel=\"canonical\" href=\"https:\/\/www.oniria.fr\/es\/grupos-y-profesionales\/escolares\/\" \/>\n<meta property=\"og:locale\" content=\"es_ES\" \/>\n<meta property=\"og:type\" content=\"article\" \/>\n<meta property=\"og:title\" content=\"Visites scolaires et p\u00e9dagogiques- Aquarium Oniria\" \/>\n<meta property=\"og:description\" content=\"L&#039;aquarium Oniria accueille les groupes scolaires sur r\u00e9servation en visite libre, visite guid\u00e9e ou lors d&#039;ateliers th\u00e9matiques selon le niveau des \u00e9l\u00e8ves.\" \/>\n<meta property=\"og:site_name\" content=\"Aquarium Oniria\" \/>\n<meta property=\"article:modified_time\" content=\"2025-11-26T11:00:36+00:00\" \/>\n<meta name=\"twitter:card\" content=\"summary_large_image\" \/>\n<script type=\"application\/ld+json\" class=\"yoast-schema-graph\">{\"@context\":\"https:\\\/\\\/schema.org\",\"@graph\":[{\"@type\":\"WebPage\",\"@id\":\"https:\\\/\\\/www.oniria.fr\\\/es\\\/grupos-y-profesionales\\\/escolares\\\/\",\"url\":\"https:\\\/\\\/www.oniria.fr\\\/es\\\/grupos-y-profesionales\\\/escolares\\\/\",\"name\":\"Visites scolaires et p\u00e9dagogiques- Aquarium Oniria\",\"isPartOf\":{\"@id\":\"https:\\\/\\\/www.oniria.fr\\\/es\\\/#website\"},\"datePublished\":\"2019-11-26T10:01:19+00:00\",\"dateModified\":\"2025-11-26T11:00:36+00:00\",\"description\":\"L'aquarium Oniria accueille les groupes scolaires sur r\u00e9servation en visite libre, visite guid\u00e9e ou lors d'ateliers th\u00e9matiques selon le niveau des \u00e9l\u00e8ves.\",\"breadcrumb\":{\"@id\":\"https:\\\/\\\/www.oniria.fr\\\/es\\\/grupos-y-profesionales\\\/escolares\\\/#breadcrumb\"},\"inLanguage\":\"es\",\"potentialAction\":[{\"@type\":\"ReadAction\",\"target\":[\"https:\\\/\\\/www.oniria.fr\\\/es\\\/grupos-y-profesionales\\\/escolares\\\/\"]}]},{\"@type\":\"BreadcrumbList\",\"@id\":\"https:\\\/\\\/www.oniria.fr\\\/es\\\/grupos-y-profesionales\\\/escolares\\\/#breadcrumb\",\"itemListElement\":[{\"@type\":\"ListItem\",\"position\":1,\"name\":\"Inicio\",\"item\":\"https:\\\/\\\/www.oniria.fr\\\/es\\\/\"},{\"@type\":\"ListItem\",\"position\":2,\"name\":\"Grupos y profesionales\",\"item\":\"https:\\\/\\\/www.oniria.fr\\\/es\\\/grupos-y-profesionales\\\/\"},{\"@type\":\"ListItem\",\"position\":3,\"name\":\"Escolares\"}]},{\"@type\":\"WebSite\",\"@id\":\"https:\\\/\\\/www.oniria.fr\\\/es\\\/#website\",\"url\":\"https:\\\/\\\/www.oniria.fr\\\/es\\\/\",\"name\":\"Aquarium Oniria\",\"description\":\"Les m\u00e9tamorphoses de l&#039;eau\",\"potentialAction\":[{\"@type\":\"SearchAction\",\"target\":{\"@type\":\"EntryPoint\",\"urlTemplate\":\"https:\\\/\\\/www.oniria.fr\\\/es\\\/?s={search_term_string}\"},\"query-input\":{\"@type\":\"PropertyValueSpecification\",\"valueRequired\":true,\"valueName\":\"search_term_string\"}}],\"inLanguage\":\"es\"}]}<\/script>\n<!-- \/ Yoast SEO plugin. -->","yoast_head_json":{"title":"Visites scolaires et p\u00e9dagogiques- Aquarium Oniria","description":"L'aquarium Oniria accueille les groupes scolaires sur r\u00e9servation en visite libre, visite guid\u00e9e ou lors d'ateliers th\u00e9matiques selon le niveau des \u00e9l\u00e8ves.","robots":{"index":"index","follow":"follow","max-snippet":"max-snippet:-1","max-image-preview":"max-image-preview:large","max-video-preview":"max-video-preview:-1"},"canonical":"https:\/\/www.oniria.fr\/es\/grupos-y-profesionales\/escolares\/","og_locale":"es_ES","og_type":"article","og_title":"Visites scolaires et p\u00e9dagogiques- Aquarium Oniria","og_description":"L'aquarium Oniria accueille les groupes scolaires sur r\u00e9servation en visite libre, visite guid\u00e9e ou lors d'ateliers th\u00e9matiques selon le niveau des \u00e9l\u00e8ves.","og_site_name":"Aquarium Oniria","article_modified_time":"2025-11-26T11:00:36+00:00","twitter_card":"summary_large_image","schema":{"@context":"https:\/\/schema.org","@graph":[{"@type":"WebPage","@id":"https:\/\/www.oniria.fr\/es\/grupos-y-profesionales\/escolares\/","url":"https:\/\/www.oniria.fr\/es\/grupos-y-profesionales\/escolares\/","name":"Visites scolaires et p\u00e9dagogiques- Aquarium Oniria","isPartOf":{"@id":"https:\/\/www.oniria.fr\/es\/#website"},"datePublished":"2019-11-26T10:01:19+00:00","dateModified":"2025-11-26T11:00:36+00:00","description":"L'aquarium Oniria accueille les groupes scolaires sur r\u00e9servation en visite libre, visite guid\u00e9e ou lors d'ateliers th\u00e9matiques selon le niveau des \u00e9l\u00e8ves.","breadcrumb":{"@id":"https:\/\/www.oniria.fr\/es\/grupos-y-profesionales\/escolares\/#breadcrumb"},"inLanguage":"es","potentialAction":[{"@type":"ReadAction","target":["https:\/\/www.oniria.fr\/es\/grupos-y-profesionales\/escolares\/"]}]},{"@type":"BreadcrumbList","@id":"https:\/\/www.oniria.fr\/es\/grupos-y-profesionales\/escolares\/#breadcrumb","itemListElement":[{"@type":"ListItem","position":1,"name":"Inicio","item":"https:\/\/www.oniria.fr\/es\/"},{"@type":"ListItem","position":2,"name":"Grupos y profesionales","item":"https:\/\/www.oniria.fr\/es\/grupos-y-profesionales\/"},{"@type":"ListItem","position":3,"name":"Escolares"}]},{"@type":"WebSite","@id":"https:\/\/www.oniria.fr\/es\/#website","url":"https:\/\/www.oniria.fr\/es\/","name":"Aquarium Oniria","description":"Les m\u00e9tamorphoses de l&#039;eau","potentialAction":[{"@type":"SearchAction","target":{"@type":"EntryPoint","urlTemplate":"https:\/\/www.oniria.fr\/es\/?s={search_term_string}"},"query-input":{"@type":"PropertyValueSpecification","valueRequired":true,"valueName":"search_term_string"}}],"inLanguage":"es"}]}},"_links":{"self":[{"href":"https:\/\/www.oniria.fr\/es\/wp-json\/wp\/v2\/pages\/89212","targetHints":{"allow":["GET"]}}],"collection":[{"href":"https:\/\/www.oniria.fr\/es\/wp-json\/wp\/v2\/pages"}],"about":[{"href":"https:\/\/www.oniria.fr\/es\/wp-json\/wp\/v2\/types\/page"}],"author":[{"embeddable":true,"href":"https:\/\/www.oniria.fr\/es\/wp-json\/wp\/v2\/users\/1"}],"replies":[{"embeddable":true,"href":"https:\/\/www.oniria.fr\/es\/wp-json\/wp\/v2\/comments?post=89212"}],"version-history":[{"count":1,"href":"https:\/\/www.oniria.fr\/es\/wp-json\/wp\/v2\/pages\/89212\/revisions"}],"predecessor-version":[{"id":96826,"href":"https:\/\/www.oniria.fr\/es\/wp-json\/wp\/v2\/pages\/89212\/revisions\/96826"}],"up":[{"embeddable":true,"href":"https:\/\/www.oniria.fr\/es\/wp-json\/wp\/v2\/pages\/89202"}],"wp:attachment":[{"href":"https:\/\/www.oniria.fr\/es\/wp-json\/wp\/v2\/media?parent=89212"}],"curies":[{"name":"wp","href":"https:\/\/api.w.org\/{rel}","templated":true}]}}