{"id":89228,"date":"2019-11-26T10:04:52","date_gmt":"2019-11-26T10:04:52","guid":{"rendered":"https:\/\/www.oniria.fr\/mentions-legales\/"},"modified":"2025-11-26T10:23:11","modified_gmt":"2025-11-26T10:23:11","slug":"aviso-legal","status":"publish","type":"page","link":"https:\/\/www.oniria.fr\/es\/aviso-legal\/","title":{"rendered":"Aviso legal"},"content":{"rendered":"<p><strong>Editor<\/strong><br \/>\nAttrapTemps<br \/>\n70 av Alfred Kastler \u2013 Perpi\u00f1\u00e1n<br \/>\n66100 Perpi\u00f1\u00e1n \u2013 Francia<br \/>\nDatos telef\u00f3nicos: +33 (0)4 68 55 11 31<br \/>\nDise\u00f1o gr\u00e1fico: AttrapTemps<br \/>\nEjecuci\u00f3n t\u00e9cnica: AttrapTemps<\/p>\n<p><strong>Alojamiento &#8211; Seguridad<\/strong><br \/>\nAttrapTemps SARL<br \/>\n70 av Alfred Kastler \u2013 Perpi\u00f1\u00e1n<br \/>\n66100 Perpi\u00f1\u00e1n \u2013 Francia<br \/>\nRCS 407 836 089 000 42<br \/>\nSociedad con capital social de 30 000 \u20ac<\/p>\n<p><strong>Direcci\u00f3n de la publicaci\u00f3n<\/strong><br \/>\nJessica Cobos<br \/>\nAquarium Oniria<br \/>\n2 boulevard de la Jet\u00e9e 66 140 Canet-en-Roussillon \u2013 Francia<br \/>\nDatos telef\u00f3nicos: +33 (0)4 48 22 66 22<\/p>\n<p><strong>Derechos de autor<\/strong><br \/>\nEn aplicaci\u00f3n del C\u00f3digo de la Propiedad Intelectual franc\u00e9s y, en general, de los tratados y acuerdos internacionales que contienen disposiciones relativas a la protecci\u00f3n de los derechos de autor, est\u00e1 prohibido, para cualquier uso que no sea privado o educativo, reproducir, vender, distribuir, modificar, publicar total o parcialmente, bajo cualquier forma, los datos, la presentaci\u00f3n o la organizaci\u00f3n de la p\u00e1gina web, al igual que las obras protegidas por los derechos de autor que aparecen en ella, si no se cuenta con la autorizaci\u00f3n espec\u00edfica previa y por escrito, cuya solicitud deber\u00e1 dirigirse al webmaster.<\/p>\n<p><strong>Enlaces<\/strong><br \/>\nLos responsables de los servicios en l\u00ednea que crean enlaces a esta p\u00e1gina web est\u00e1n obligados a informar de ello al webmaster. Esta p\u00e1gina web puede contener enlaces a otras p\u00e1ginas que no est\u00e1n bajo control permanente. Dichos enlaces se consideran que son \u00fatiles y pueden enriquecer la informaci\u00f3n de la p\u00e1gina. Oniria no asumir\u00e1 responsabilidad alguna por esas p\u00e1ginas web, en particular en lo que respecta a la exactitud o fiabilidad de la informaci\u00f3n, los datos y las opiniones que contengan.<\/p>\n<p><strong>Protecci\u00f3n de los datos personales<\/strong><br \/>\nSe le pedir\u00e1 que comunique datos personales, en particular cuando utilice el formulario de contacto. La informaci\u00f3n que nos proporcione ser\u00e1 para uso exclusivo de Oniria y no se ceder\u00e1 en ning\u00fan caso a terceros. Cualquier usuario que haya comunicado directa o indirectamente informaci\u00f3n nominativa podr\u00e1 solicitar al administrador del servicio que le proporcione dicha informaci\u00f3n y hacerla rectificar si fuera necesario, de acuerdo con la ley francesa N 78-17 del 6 de enero de 1978 relativa a la inform\u00e1tica, los archivos y las libertades. Para ejercitar este derecho, deber\u00e1 ponerse en contacto con el webmaster. Le informamos de que la confidencialidad de la correspondencia transmitida por internet no est\u00e1 garantizada.<\/p>\n<p>Se podr\u00e1 contactar por correo electr\u00f3nico a los visitantes cuyos datos se han recogido y hayan manifestado su apoyo en la p\u00e1gina web, para informarles de las novedades o eventos, seg\u00fan el inter\u00e9s que hayan mostrado por Oniria y la causa que apoyen. Estos visitantes podr\u00e1n negarse a ser contactados enviando un mensaje a trav\u00e9s de la secci\u00f3n \u00abContacto\u00bb de la p\u00e1gina web.<\/p>\n<p><strong>Exenci\u00f3n de responsabilidad<\/strong><br \/>\nOniria toma las medidas necesarias para garantizar la fiabilidad de la informaci\u00f3n contenida en esta p\u00e1gina web. No obstante, no asumir\u00e1 responsabilidad alguna por errores, omisiones o resultados que puedan resultar de la utilizaci\u00f3n de la informaci\u00f3n difundida. Oniria solo tiene una obligaci\u00f3n de medios en relaci\u00f3n con la informaci\u00f3n puesta a disposici\u00f3n en la p\u00e1gina web. Del mismo modo, no es en absoluto responsable de ninguna infecci\u00f3n por virus o cualquier otro problema inform\u00e1tico con efectos destructivos.<\/p>\n<p><strong>Cookies<\/strong><br \/>\n\u00bfQu\u00e9 es una cookie?<br \/>\nUna cookie es una informaci\u00f3n que el servidor de la p\u00e1gina web que est\u00e1 visitando coloca en su disco duro. Su finalidad es recoger informaci\u00f3n sobre su navegaci\u00f3n en las p\u00e1ginas y ofrecerle servicios personalizados.<\/p>\n<p>\u00bfC\u00f3mo rechazar las cookies?<br \/>\nLe recordamos que la configuraci\u00f3n de las cookies puede modificar sus condiciones de acceso a determinados servicios que requieren el uso de estas, como el acceso a su cuenta. Puede optar por desactivar estas cookies en cualquier momento en la configuraci\u00f3n de su navegador. Puede aceptar o rechazar las cookies caso por caso o rechazarlas sistem\u00e1ticamente todas de una vez.<\/p>\n","protected":false},"excerpt":{"rendered":"<p>Editor AttrapTemps 70 av Alfred Kastler \u2013 Perpi\u00f1\u00e1n 66100 Perpi\u00f1\u00e1n \u2013 Francia Datos telef\u00f3nicos: +33 (0)4 68 55 11 31 Dise\u00f1o gr\u00e1fico: AttrapTemps Ejecuci\u00f3n t\u00e9cnica: AttrapTemps Alojamiento &#8211; Seguridad AttrapTemps SARL 70 av Alfred Kastler \u2013 Perpi\u00f1\u00e1n 66100 Perpi\u00f1\u00e1n \u2013 Francia RCS 407 836 089 000 42 Sociedad con capital social de 30 000 \u20ac [&hellip;]<\/p>\n","protected":false},"author":1,"featured_media":0,"parent":0,"menu_order":0,"comment_status":"closed","ping_status":"closed","template":"","meta":{"_acf_changed":false,"_et_pb_use_builder":"off","_et_pb_old_content":"","_et_gb_content_width":"","footnotes":""},"class_list":["post-89228","page","type-page","status-publish","hentry"],"acf":[],"yoast_head":"<!-- This site is optimized with the Yoast SEO plugin v27.5 - https:\/\/yoast.com\/product\/yoast-seo-wordpress\/ -->\n<title>Mentions l\u00e9gales du Site Internet de l&#039;Aquarium Oniria<\/title>\n<meta name=\"description\" content=\"Retrouvez toutes les mentions l\u00e9gales du site internet de l&#039;Aquarium Oniria \u00e0 Canet en Roussillon.\" \/>\n<meta name=\"robots\" content=\"index, follow, max-snippet:-1, max-image-preview:large, max-video-preview:-1\" \/>\n<link rel=\"canonical\" href=\"https:\/\/www.oniria.fr\/es\/aviso-legal\/\" \/>\n<meta property=\"og:locale\" content=\"es_ES\" \/>\n<meta property=\"og:type\" content=\"article\" \/>\n<meta property=\"og:title\" content=\"Mentions l\u00e9gales du Site Internet de l&#039;Aquarium Oniria\" \/>\n<meta property=\"og:description\" content=\"Retrouvez toutes les mentions l\u00e9gales du site internet de l&#039;Aquarium Oniria \u00e0 Canet en Roussillon.\" \/>\n<meta property=\"og:site_name\" content=\"Aquarium Oniria\" \/>\n<meta property=\"article:modified_time\" content=\"2025-11-26T10:23:11+00:00\" \/>\n<meta name=\"twitter:card\" content=\"summary_large_image\" \/>\n<meta name=\"twitter:label1\" content=\"Tiempo de lectura\" \/>\n\t<meta name=\"twitter:data1\" content=\"4 minutos\" \/>\n<script type=\"application\/ld+json\" class=\"yoast-schema-graph\">{\"@context\":\"https:\\\/\\\/schema.org\",\"@graph\":[{\"@type\":\"WebPage\",\"@id\":\"https:\\\/\\\/www.oniria.fr\\\/es\\\/aviso-legal\\\/\",\"url\":\"https:\\\/\\\/www.oniria.fr\\\/es\\\/aviso-legal\\\/\",\"name\":\"Mentions l\u00e9gales du Site Internet de l'Aquarium Oniria\",\"isPartOf\":{\"@id\":\"https:\\\/\\\/www.oniria.fr\\\/es\\\/#website\"},\"datePublished\":\"2019-11-26T10:04:52+00:00\",\"dateModified\":\"2025-11-26T10:23:11+00:00\",\"description\":\"Retrouvez toutes les mentions l\u00e9gales du site internet de l'Aquarium Oniria \u00e0 Canet en Roussillon.\",\"breadcrumb\":{\"@id\":\"https:\\\/\\\/www.oniria.fr\\\/es\\\/aviso-legal\\\/#breadcrumb\"},\"inLanguage\":\"es\",\"potentialAction\":[{\"@type\":\"ReadAction\",\"target\":[\"https:\\\/\\\/www.oniria.fr\\\/es\\\/aviso-legal\\\/\"]}]},{\"@type\":\"BreadcrumbList\",\"@id\":\"https:\\\/\\\/www.oniria.fr\\\/es\\\/aviso-legal\\\/#breadcrumb\",\"itemListElement\":[{\"@type\":\"ListItem\",\"position\":1,\"name\":\"Inicio\",\"item\":\"https:\\\/\\\/www.oniria.fr\\\/es\\\/\"},{\"@type\":\"ListItem\",\"position\":2,\"name\":\"Aviso legal\"}]},{\"@type\":\"WebSite\",\"@id\":\"https:\\\/\\\/www.oniria.fr\\\/es\\\/#website\",\"url\":\"https:\\\/\\\/www.oniria.fr\\\/es\\\/\",\"name\":\"Aquarium Oniria\",\"description\":\"Les m\u00e9tamorphoses de l&#039;eau\",\"potentialAction\":[{\"@type\":\"SearchAction\",\"target\":{\"@type\":\"EntryPoint\",\"urlTemplate\":\"https:\\\/\\\/www.oniria.fr\\\/es\\\/?s={search_term_string}\"},\"query-input\":{\"@type\":\"PropertyValueSpecification\",\"valueRequired\":true,\"valueName\":\"search_term_string\"}}],\"inLanguage\":\"es\"}]}<\/script>\n<!-- \/ Yoast SEO plugin. -->","yoast_head_json":{"title":"Mentions l\u00e9gales du Site Internet de l'Aquarium Oniria","description":"Retrouvez toutes les mentions l\u00e9gales du site internet de l'Aquarium Oniria \u00e0 Canet en Roussillon.","robots":{"index":"index","follow":"follow","max-snippet":"max-snippet:-1","max-image-preview":"max-image-preview:large","max-video-preview":"max-video-preview:-1"},"canonical":"https:\/\/www.oniria.fr\/es\/aviso-legal\/","og_locale":"es_ES","og_type":"article","og_title":"Mentions l\u00e9gales du Site Internet de l'Aquarium Oniria","og_description":"Retrouvez toutes les mentions l\u00e9gales du site internet de l'Aquarium Oniria \u00e0 Canet en Roussillon.","og_site_name":"Aquarium Oniria","article_modified_time":"2025-11-26T10:23:11+00:00","twitter_card":"summary_large_image","twitter_misc":{"Tiempo de lectura":"4 minutos"},"schema":{"@context":"https:\/\/schema.org","@graph":[{"@type":"WebPage","@id":"https:\/\/www.oniria.fr\/es\/aviso-legal\/","url":"https:\/\/www.oniria.fr\/es\/aviso-legal\/","name":"Mentions l\u00e9gales du Site Internet de l'Aquarium Oniria","isPartOf":{"@id":"https:\/\/www.oniria.fr\/es\/#website"},"datePublished":"2019-11-26T10:04:52+00:00","dateModified":"2025-11-26T10:23:11+00:00","description":"Retrouvez toutes les mentions l\u00e9gales du site internet de l'Aquarium Oniria \u00e0 Canet en Roussillon.","breadcrumb":{"@id":"https:\/\/www.oniria.fr\/es\/aviso-legal\/#breadcrumb"},"inLanguage":"es","potentialAction":[{"@type":"ReadAction","target":["https:\/\/www.oniria.fr\/es\/aviso-legal\/"]}]},{"@type":"BreadcrumbList","@id":"https:\/\/www.oniria.fr\/es\/aviso-legal\/#breadcrumb","itemListElement":[{"@type":"ListItem","position":1,"name":"Inicio","item":"https:\/\/www.oniria.fr\/es\/"},{"@type":"ListItem","position":2,"name":"Aviso legal"}]},{"@type":"WebSite","@id":"https:\/\/www.oniria.fr\/es\/#website","url":"https:\/\/www.oniria.fr\/es\/","name":"Aquarium Oniria","description":"Les m\u00e9tamorphoses de l&#039;eau","potentialAction":[{"@type":"SearchAction","target":{"@type":"EntryPoint","urlTemplate":"https:\/\/www.oniria.fr\/es\/?s={search_term_string}"},"query-input":{"@type":"PropertyValueSpecification","valueRequired":true,"valueName":"search_term_string"}}],"inLanguage":"es"}]}},"_links":{"self":[{"href":"https:\/\/www.oniria.fr\/es\/wp-json\/wp\/v2\/pages\/89228","targetHints":{"allow":["GET"]}}],"collection":[{"href":"https:\/\/www.oniria.fr\/es\/wp-json\/wp\/v2\/pages"}],"about":[{"href":"https:\/\/www.oniria.fr\/es\/wp-json\/wp\/v2\/types\/page"}],"author":[{"embeddable":true,"href":"https:\/\/www.oniria.fr\/es\/wp-json\/wp\/v2\/users\/1"}],"replies":[{"embeddable":true,"href":"https:\/\/www.oniria.fr\/es\/wp-json\/wp\/v2\/comments?post=89228"}],"version-history":[{"count":1,"href":"https:\/\/www.oniria.fr\/es\/wp-json\/wp\/v2\/pages\/89228\/revisions"}],"predecessor-version":[{"id":96818,"href":"https:\/\/www.oniria.fr\/es\/wp-json\/wp\/v2\/pages\/89228\/revisions\/96818"}],"wp:attachment":[{"href":"https:\/\/www.oniria.fr\/es\/wp-json\/wp\/v2\/media?parent=89228"}],"curies":[{"name":"wp","href":"https:\/\/api.w.org\/{rel}","templated":true}]}}