{"id":89242,"date":"2019-11-26T09:53:26","date_gmt":"2019-11-26T09:53:26","guid":{"rendered":"https:\/\/www.oniria.fr\/preparez-votre-visite\/horaires-tarifs\/"},"modified":"2025-01-16T12:45:52","modified_gmt":"2025-01-16T12:45:52","slug":"horarios-y-precios","status":"publish","type":"page","link":"https:\/\/www.oniria.fr\/es\/preparar-su-visita\/horarios-y-precios\/","title":{"rendered":"Horarios y precios"},"content":{"rendered":"<p>[et_pb_section bb_built=&#8221;1&#8243; _builder_version=&#8221;4.22.2&#8243; background_color=&#8221;RGBA(255,255,255,0)&#8221; global_colors_info=&#8221;{}&#8221;][et_pb_row _builder_version=&#8221;4.16&#8243; background_size=&#8221;initial&#8221; background_position=&#8221;top_left&#8221; background_repeat=&#8221;repeat&#8221; global_colors_info=&#8221;{}&#8221;][et_pb_column type=&#8221;4_4&#8243; _builder_version=&#8221;4.16&#8243; custom_padding=&#8221;|||&#8221; global_colors_info=&#8221;{}&#8221; custom_padding__hover=&#8221;|||&#8221;][et_pb_text _builder_version=&#8221;4.16&#8243; background_size=&#8221;initial&#8221; background_position=&#8221;top_left&#8221; background_repeat=&#8221;repeat&#8221; global_colors_info=&#8221;{}&#8221;]<\/p>\n<p><img loading=\"lazy\" decoding=\"async\" class=\"aligncenter wp-image-92934 size-full\" src=\"https:\/\/www.oniria.fr\/wp-content\/uploads\/2023\/12\/2Oniria_Web_PageTarif-1-e1702896305391.png\" alt=\"\" width=\"1554\" height=\"1775\" \/><\/p>\n<p>[\/et_pb_text][\/et_pb_column][\/et_pb_row][\/et_pb_section]<\/p>\n","protected":false},"excerpt":{"rendered":"","protected":false},"author":1,"featured_media":0,"parent":89234,"menu_order":0,"comment_status":"closed","ping_status":"closed","template":"","meta":{"_acf_changed":false,"_et_pb_use_builder":"on","_et_pb_old_content":"","_et_gb_content_width":"","footnotes":""},"class_list":["post-89242","page","type-page","status-publish","hentry"],"acf":[],"yoast_head":"<!-- This site is optimized with the Yoast SEO plugin v27.3 - https:\/\/yoast.com\/product\/yoast-seo-wordpress\/ -->\n<title>Horaires et Tarifs - Visitez l&#039;Aquarium Oniria toute l&#039;ann\u00e9e<\/title>\n<meta name=\"description\" content=\"Planifiez votre visite et profitez des tarifs sp\u00e9ciaux Oniria : individuels, groupes, familles, enfants, \u00e9tudiants, personnes handicap\u00e9es, abonnements.\" \/>\n<meta name=\"robots\" content=\"index, follow, max-snippet:-1, max-image-preview:large, max-video-preview:-1\" \/>\n<link rel=\"canonical\" href=\"https:\/\/www.oniria.fr\/es\/preparar-su-visita\/horarios-y-precios\/\" \/>\n<meta property=\"og:locale\" content=\"es_ES\" \/>\n<meta property=\"og:type\" content=\"article\" \/>\n<meta property=\"og:title\" content=\"Horaires et Tarifs - Visitez l&#039;Aquarium Oniria toute l&#039;ann\u00e9e\" \/>\n<meta property=\"og:description\" content=\"Planifiez votre visite et profitez des tarifs sp\u00e9ciaux Oniria : individuels, groupes, familles, enfants, \u00e9tudiants, personnes handicap\u00e9es, abonnements.\" \/>\n<meta property=\"og:site_name\" content=\"Aquarium Oniria\" \/>\n<meta property=\"article:modified_time\" content=\"2025-01-16T12:45:52+00:00\" \/>\n<meta property=\"og:image\" content=\"https:\/\/www.oniria.fr\/wp-content\/uploads\/2023\/12\/2Oniria_Web_PageTarif-1-e1702896305391.png\" \/>\n\t<meta property=\"og:image:width\" content=\"1554\" \/>\n\t<meta property=\"og:image:height\" content=\"1775\" \/>\n\t<meta property=\"og:image:type\" content=\"image\/png\" \/>\n<meta name=\"twitter:card\" content=\"summary_large_image\" \/>\n<meta name=\"twitter:label1\" content=\"Tiempo de lectura\" \/>\n\t<meta name=\"twitter:data1\" content=\"1 minuto\" \/>\n<script type=\"application\/ld+json\" class=\"yoast-schema-graph\">{\"@context\":\"https:\\\/\\\/schema.org\",\"@graph\":[{\"@type\":\"WebPage\",\"@id\":\"https:\\\/\\\/www.oniria.fr\\\/es\\\/preparar-su-visita\\\/horarios-y-precios\\\/\",\"url\":\"https:\\\/\\\/www.oniria.fr\\\/es\\\/preparar-su-visita\\\/horarios-y-precios\\\/\",\"name\":\"Horaires et Tarifs - Visitez l'Aquarium Oniria toute l'ann\u00e9e\",\"isPartOf\":{\"@id\":\"https:\\\/\\\/www.oniria.fr\\\/es\\\/#website\"},\"primaryImageOfPage\":{\"@id\":\"https:\\\/\\\/www.oniria.fr\\\/es\\\/preparar-su-visita\\\/horarios-y-precios\\\/#primaryimage\"},\"image\":{\"@id\":\"https:\\\/\\\/www.oniria.fr\\\/es\\\/preparar-su-visita\\\/horarios-y-precios\\\/#primaryimage\"},\"thumbnailUrl\":\"https:\\\/\\\/www.oniria.fr\\\/wp-content\\\/uploads\\\/2023\\\/12\\\/2Oniria_Web_PageTarif-1-e1702896305391.png\",\"datePublished\":\"2019-11-26T09:53:26+00:00\",\"dateModified\":\"2025-01-16T12:45:52+00:00\",\"description\":\"Planifiez votre visite et profitez des tarifs sp\u00e9ciaux Oniria : individuels, groupes, familles, enfants, \u00e9tudiants, personnes handicap\u00e9es, abonnements.\",\"breadcrumb\":{\"@id\":\"https:\\\/\\\/www.oniria.fr\\\/es\\\/preparar-su-visita\\\/horarios-y-precios\\\/#breadcrumb\"},\"inLanguage\":\"es\",\"potentialAction\":[{\"@type\":\"ReadAction\",\"target\":[\"https:\\\/\\\/www.oniria.fr\\\/es\\\/preparar-su-visita\\\/horarios-y-precios\\\/\"]}]},{\"@type\":\"ImageObject\",\"inLanguage\":\"es\",\"@id\":\"https:\\\/\\\/www.oniria.fr\\\/es\\\/preparar-su-visita\\\/horarios-y-precios\\\/#primaryimage\",\"url\":\"https:\\\/\\\/www.oniria.fr\\\/wp-content\\\/uploads\\\/2023\\\/12\\\/2Oniria_Web_PageTarif-1-e1702896305391.png\",\"contentUrl\":\"https:\\\/\\\/www.oniria.fr\\\/wp-content\\\/uploads\\\/2023\\\/12\\\/2Oniria_Web_PageTarif-1-e1702896305391.png\"},{\"@type\":\"BreadcrumbList\",\"@id\":\"https:\\\/\\\/www.oniria.fr\\\/es\\\/preparar-su-visita\\\/horarios-y-precios\\\/#breadcrumb\",\"itemListElement\":[{\"@type\":\"ListItem\",\"position\":1,\"name\":\"Inicio\",\"item\":\"https:\\\/\\\/www.oniria.fr\\\/es\\\/\"},{\"@type\":\"ListItem\",\"position\":2,\"name\":\"Preparar su visita\",\"item\":\"https:\\\/\\\/www.oniria.fr\\\/es\\\/preparar-su-visita\\\/\"},{\"@type\":\"ListItem\",\"position\":3,\"name\":\"Horarios y precios\"}]},{\"@type\":\"WebSite\",\"@id\":\"https:\\\/\\\/www.oniria.fr\\\/es\\\/#website\",\"url\":\"https:\\\/\\\/www.oniria.fr\\\/es\\\/\",\"name\":\"Aquarium Oniria\",\"description\":\"Les m\u00e9tamorphoses de l&#039;eau\",\"potentialAction\":[{\"@type\":\"SearchAction\",\"target\":{\"@type\":\"EntryPoint\",\"urlTemplate\":\"https:\\\/\\\/www.oniria.fr\\\/es\\\/?s={search_term_string}\"},\"query-input\":{\"@type\":\"PropertyValueSpecification\",\"valueRequired\":true,\"valueName\":\"search_term_string\"}}],\"inLanguage\":\"es\"}]}<\/script>\n<!-- \/ Yoast SEO plugin. -->","yoast_head_json":{"title":"Horaires et Tarifs - Visitez l'Aquarium Oniria toute l'ann\u00e9e","description":"Planifiez votre visite et profitez des tarifs sp\u00e9ciaux Oniria : individuels, groupes, familles, enfants, \u00e9tudiants, personnes handicap\u00e9es, abonnements.","robots":{"index":"index","follow":"follow","max-snippet":"max-snippet:-1","max-image-preview":"max-image-preview:large","max-video-preview":"max-video-preview:-1"},"canonical":"https:\/\/www.oniria.fr\/es\/preparar-su-visita\/horarios-y-precios\/","og_locale":"es_ES","og_type":"article","og_title":"Horaires et Tarifs - Visitez l'Aquarium Oniria toute l'ann\u00e9e","og_description":"Planifiez votre visite et profitez des tarifs sp\u00e9ciaux Oniria : individuels, groupes, familles, enfants, \u00e9tudiants, personnes handicap\u00e9es, abonnements.","og_site_name":"Aquarium Oniria","article_modified_time":"2025-01-16T12:45:52+00:00","og_image":[{"width":1554,"height":1775,"url":"https:\/\/www.oniria.fr\/wp-content\/uploads\/2023\/12\/2Oniria_Web_PageTarif-1-e1702896305391.png","type":"image\/png"}],"twitter_card":"summary_large_image","twitter_misc":{"Tiempo de lectura":"1 minuto"},"schema":{"@context":"https:\/\/schema.org","@graph":[{"@type":"WebPage","@id":"https:\/\/www.oniria.fr\/es\/preparar-su-visita\/horarios-y-precios\/","url":"https:\/\/www.oniria.fr\/es\/preparar-su-visita\/horarios-y-precios\/","name":"Horaires et Tarifs - Visitez l'Aquarium Oniria toute l'ann\u00e9e","isPartOf":{"@id":"https:\/\/www.oniria.fr\/es\/#website"},"primaryImageOfPage":{"@id":"https:\/\/www.oniria.fr\/es\/preparar-su-visita\/horarios-y-precios\/#primaryimage"},"image":{"@id":"https:\/\/www.oniria.fr\/es\/preparar-su-visita\/horarios-y-precios\/#primaryimage"},"thumbnailUrl":"https:\/\/www.oniria.fr\/wp-content\/uploads\/2023\/12\/2Oniria_Web_PageTarif-1-e1702896305391.png","datePublished":"2019-11-26T09:53:26+00:00","dateModified":"2025-01-16T12:45:52+00:00","description":"Planifiez votre visite et profitez des tarifs sp\u00e9ciaux Oniria : individuels, groupes, familles, enfants, \u00e9tudiants, personnes handicap\u00e9es, abonnements.","breadcrumb":{"@id":"https:\/\/www.oniria.fr\/es\/preparar-su-visita\/horarios-y-precios\/#breadcrumb"},"inLanguage":"es","potentialAction":[{"@type":"ReadAction","target":["https:\/\/www.oniria.fr\/es\/preparar-su-visita\/horarios-y-precios\/"]}]},{"@type":"ImageObject","inLanguage":"es","@id":"https:\/\/www.oniria.fr\/es\/preparar-su-visita\/horarios-y-precios\/#primaryimage","url":"https:\/\/www.oniria.fr\/wp-content\/uploads\/2023\/12\/2Oniria_Web_PageTarif-1-e1702896305391.png","contentUrl":"https:\/\/www.oniria.fr\/wp-content\/uploads\/2023\/12\/2Oniria_Web_PageTarif-1-e1702896305391.png"},{"@type":"BreadcrumbList","@id":"https:\/\/www.oniria.fr\/es\/preparar-su-visita\/horarios-y-precios\/#breadcrumb","itemListElement":[{"@type":"ListItem","position":1,"name":"Inicio","item":"https:\/\/www.oniria.fr\/es\/"},{"@type":"ListItem","position":2,"name":"Preparar su visita","item":"https:\/\/www.oniria.fr\/es\/preparar-su-visita\/"},{"@type":"ListItem","position":3,"name":"Horarios y precios"}]},{"@type":"WebSite","@id":"https:\/\/www.oniria.fr\/es\/#website","url":"https:\/\/www.oniria.fr\/es\/","name":"Aquarium Oniria","description":"Les m\u00e9tamorphoses de l&#039;eau","potentialAction":[{"@type":"SearchAction","target":{"@type":"EntryPoint","urlTemplate":"https:\/\/www.oniria.fr\/es\/?s={search_term_string}"},"query-input":{"@type":"PropertyValueSpecification","valueRequired":true,"valueName":"search_term_string"}}],"inLanguage":"es"}]}},"_links":{"self":[{"href":"https:\/\/www.oniria.fr\/es\/wp-json\/wp\/v2\/pages\/89242","targetHints":{"allow":["GET"]}}],"collection":[{"href":"https:\/\/www.oniria.fr\/es\/wp-json\/wp\/v2\/pages"}],"about":[{"href":"https:\/\/www.oniria.fr\/es\/wp-json\/wp\/v2\/types\/page"}],"author":[{"embeddable":true,"href":"https:\/\/www.oniria.fr\/es\/wp-json\/wp\/v2\/users\/1"}],"replies":[{"embeddable":true,"href":"https:\/\/www.oniria.fr\/es\/wp-json\/wp\/v2\/comments?post=89242"}],"version-history":[{"count":2,"href":"https:\/\/www.oniria.fr\/es\/wp-json\/wp\/v2\/pages\/89242\/revisions"}],"predecessor-version":[{"id":95971,"href":"https:\/\/www.oniria.fr\/es\/wp-json\/wp\/v2\/pages\/89242\/revisions\/95971"}],"up":[{"embeddable":true,"href":"https:\/\/www.oniria.fr\/es\/wp-json\/wp\/v2\/pages\/89234"}],"wp:attachment":[{"href":"https:\/\/www.oniria.fr\/es\/wp-json\/wp\/v2\/media?parent=89242"}],"curies":[{"name":"wp","href":"https:\/\/api.w.org\/{rel}","templated":true}]}}