{"id":89252,"date":"2020-04-03T13:08:45","date_gmt":"2020-04-03T13:08:45","guid":{"rendered":"https:\/\/www.oniria.fr\/un-aquarium-nouvelle-generation\/"},"modified":"2024-02-14T16:04:46","modified_gmt":"2024-02-14T16:04:46","slug":"un-acuario-de-nueva-generacion","status":"publish","type":"page","link":"https:\/\/www.oniria.fr\/es\/un-acuario-de-nueva-generacion\/","title":{"rendered":"Un acuario de nueva generaci\u00f3n"},"content":{"rendered":"","protected":false},"excerpt":{"rendered":"","protected":false},"author":1,"featured_media":0,"parent":0,"menu_order":0,"comment_status":"closed","ping_status":"closed","template":"","meta":{"_acf_changed":false,"_et_pb_use_builder":"on","_et_pb_old_content":"","_et_gb_content_width":"","footnotes":""},"class_list":["post-89252","page","type-page","status-publish","hentry"],"acf":[],"yoast_head":"<!-- This site is optimized with the Yoast SEO plugin v27.5 - https:\/\/yoast.com\/product\/yoast-seo-wordpress\/ -->\n<title>Oniria, un aquarium nouvelle g\u00e9n\u00e9ration !<\/title>\n<meta name=\"description\" content=\"Oniria vous invite dans un voyage po\u00e9tique et intemporel autour du monde, \u00e0 la rencontre de la biodiversit\u00e9 et des \u00e9cosyst\u00e8mes de notre plan\u00e8te bleue.\" \/>\n<meta name=\"robots\" content=\"index, follow, max-snippet:-1, max-image-preview:large, max-video-preview:-1\" \/>\n<link rel=\"canonical\" href=\"https:\/\/www.oniria.fr\/es\/un-acuario-de-nueva-generacion\/\" \/>\n<meta property=\"og:locale\" content=\"es_ES\" \/>\n<meta property=\"og:type\" content=\"article\" \/>\n<meta property=\"og:title\" content=\"Oniria, un aquarium nouvelle g\u00e9n\u00e9ration !\" \/>\n<meta property=\"og:description\" content=\"Oniria vous invite dans un voyage po\u00e9tique et intemporel autour du monde, \u00e0 la rencontre de la biodiversit\u00e9 et des \u00e9cosyst\u00e8mes de notre plan\u00e8te bleue.\" \/>\n<meta property=\"og:site_name\" content=\"Aquarium Oniria\" \/>\n<meta property=\"article:modified_time\" content=\"2024-02-14T16:04:46+00:00\" \/>\n<meta name=\"twitter:card\" content=\"summary_large_image\" \/>\n<script type=\"application\/ld+json\" class=\"yoast-schema-graph\">{\"@context\":\"https:\\\/\\\/schema.org\",\"@graph\":[{\"@type\":\"WebPage\",\"@id\":\"https:\\\/\\\/www.oniria.fr\\\/es\\\/un-acuario-de-nueva-generacion\\\/\",\"url\":\"https:\\\/\\\/www.oniria.fr\\\/es\\\/un-acuario-de-nueva-generacion\\\/\",\"name\":\"Oniria, un aquarium nouvelle g\u00e9n\u00e9ration !\",\"isPartOf\":{\"@id\":\"https:\\\/\\\/www.oniria.fr\\\/es\\\/#website\"},\"datePublished\":\"2020-04-03T13:08:45+00:00\",\"dateModified\":\"2024-02-14T16:04:46+00:00\",\"description\":\"Oniria vous invite dans un voyage po\u00e9tique et intemporel autour du monde, \u00e0 la rencontre de la biodiversit\u00e9 et des \u00e9cosyst\u00e8mes de notre plan\u00e8te bleue.\",\"breadcrumb\":{\"@id\":\"https:\\\/\\\/www.oniria.fr\\\/es\\\/un-acuario-de-nueva-generacion\\\/#breadcrumb\"},\"inLanguage\":\"es\",\"potentialAction\":[{\"@type\":\"ReadAction\",\"target\":[\"https:\\\/\\\/www.oniria.fr\\\/es\\\/un-acuario-de-nueva-generacion\\\/\"]}]},{\"@type\":\"BreadcrumbList\",\"@id\":\"https:\\\/\\\/www.oniria.fr\\\/es\\\/un-acuario-de-nueva-generacion\\\/#breadcrumb\",\"itemListElement\":[{\"@type\":\"ListItem\",\"position\":1,\"name\":\"Inicio\",\"item\":\"https:\\\/\\\/www.oniria.fr\\\/es\\\/\"},{\"@type\":\"ListItem\",\"position\":2,\"name\":\"Un acuario de nueva generaci\u00f3n\"}]},{\"@type\":\"WebSite\",\"@id\":\"https:\\\/\\\/www.oniria.fr\\\/es\\\/#website\",\"url\":\"https:\\\/\\\/www.oniria.fr\\\/es\\\/\",\"name\":\"Aquarium Oniria\",\"description\":\"Les m\u00e9tamorphoses de l&#039;eau\",\"potentialAction\":[{\"@type\":\"SearchAction\",\"target\":{\"@type\":\"EntryPoint\",\"urlTemplate\":\"https:\\\/\\\/www.oniria.fr\\\/es\\\/?s={search_term_string}\"},\"query-input\":{\"@type\":\"PropertyValueSpecification\",\"valueRequired\":true,\"valueName\":\"search_term_string\"}}],\"inLanguage\":\"es\"}]}<\/script>\n<!-- \/ Yoast SEO plugin. -->","yoast_head_json":{"title":"Oniria, un aquarium nouvelle g\u00e9n\u00e9ration !","description":"Oniria vous invite dans un voyage po\u00e9tique et intemporel autour du monde, \u00e0 la rencontre de la biodiversit\u00e9 et des \u00e9cosyst\u00e8mes de notre plan\u00e8te bleue.","robots":{"index":"index","follow":"follow","max-snippet":"max-snippet:-1","max-image-preview":"max-image-preview:large","max-video-preview":"max-video-preview:-1"},"canonical":"https:\/\/www.oniria.fr\/es\/un-acuario-de-nueva-generacion\/","og_locale":"es_ES","og_type":"article","og_title":"Oniria, un aquarium nouvelle g\u00e9n\u00e9ration !","og_description":"Oniria vous invite dans un voyage po\u00e9tique et intemporel autour du monde, \u00e0 la rencontre de la biodiversit\u00e9 et des \u00e9cosyst\u00e8mes de notre plan\u00e8te bleue.","og_site_name":"Aquarium Oniria","article_modified_time":"2024-02-14T16:04:46+00:00","twitter_card":"summary_large_image","schema":{"@context":"https:\/\/schema.org","@graph":[{"@type":"WebPage","@id":"https:\/\/www.oniria.fr\/es\/un-acuario-de-nueva-generacion\/","url":"https:\/\/www.oniria.fr\/es\/un-acuario-de-nueva-generacion\/","name":"Oniria, un aquarium nouvelle g\u00e9n\u00e9ration !","isPartOf":{"@id":"https:\/\/www.oniria.fr\/es\/#website"},"datePublished":"2020-04-03T13:08:45+00:00","dateModified":"2024-02-14T16:04:46+00:00","description":"Oniria vous invite dans un voyage po\u00e9tique et intemporel autour du monde, \u00e0 la rencontre de la biodiversit\u00e9 et des \u00e9cosyst\u00e8mes de notre plan\u00e8te bleue.","breadcrumb":{"@id":"https:\/\/www.oniria.fr\/es\/un-acuario-de-nueva-generacion\/#breadcrumb"},"inLanguage":"es","potentialAction":[{"@type":"ReadAction","target":["https:\/\/www.oniria.fr\/es\/un-acuario-de-nueva-generacion\/"]}]},{"@type":"BreadcrumbList","@id":"https:\/\/www.oniria.fr\/es\/un-acuario-de-nueva-generacion\/#breadcrumb","itemListElement":[{"@type":"ListItem","position":1,"name":"Inicio","item":"https:\/\/www.oniria.fr\/es\/"},{"@type":"ListItem","position":2,"name":"Un acuario de nueva generaci\u00f3n"}]},{"@type":"WebSite","@id":"https:\/\/www.oniria.fr\/es\/#website","url":"https:\/\/www.oniria.fr\/es\/","name":"Aquarium Oniria","description":"Les m\u00e9tamorphoses de l&#039;eau","potentialAction":[{"@type":"SearchAction","target":{"@type":"EntryPoint","urlTemplate":"https:\/\/www.oniria.fr\/es\/?s={search_term_string}"},"query-input":{"@type":"PropertyValueSpecification","valueRequired":true,"valueName":"search_term_string"}}],"inLanguage":"es"}]}},"_links":{"self":[{"href":"https:\/\/www.oniria.fr\/es\/wp-json\/wp\/v2\/pages\/89252","targetHints":{"allow":["GET"]}}],"collection":[{"href":"https:\/\/www.oniria.fr\/es\/wp-json\/wp\/v2\/pages"}],"about":[{"href":"https:\/\/www.oniria.fr\/es\/wp-json\/wp\/v2\/types\/page"}],"author":[{"embeddable":true,"href":"https:\/\/www.oniria.fr\/es\/wp-json\/wp\/v2\/users\/1"}],"replies":[{"embeddable":true,"href":"https:\/\/www.oniria.fr\/es\/wp-json\/wp\/v2\/comments?post=89252"}],"version-history":[{"count":0,"href":"https:\/\/www.oniria.fr\/es\/wp-json\/wp\/v2\/pages\/89252\/revisions"}],"wp:attachment":[{"href":"https:\/\/www.oniria.fr\/es\/wp-json\/wp\/v2\/media?parent=89252"}],"curies":[{"name":"wp","href":"https:\/\/api.w.org\/{rel}","templated":true}]}}